{"id":70653,"date":"2022-01-01T00:08:30","date_gmt":"2021-12-31T23:08:30","guid":{"rendered":"http:\/\/hiphop4life.fr\/shop\/?post_type=product&#038;p=70653"},"modified":"2022-02-01T11:39:15","modified_gmt":"2022-02-01T10:39:15","slug":"solange-a-seat-at-the-table-vinyle","status":"publish","type":"product","link":"https:\/\/hiphop4life.fr\/shop\/produit\/solange-a-seat-at-the-table-vinyle\/","title":{"rendered":"Solange &#8211; A Seat at the Table [Vinyle]"},"content":{"rendered":"<div class=\"wpb-content-wrapper\"><p>[vc_row][vc_column width=\u00a0\u00bb1\/1&Prime;][vc_column_text]Beaucoup ont d\u00e9couvert Solange dans un ascenseur en train de se battre avec Jay-Z.\u00a0Comme quoi, la 1\u00e8re impression peut \u00eatre trompeuse, quand on \u00e9coute sa musique on ressent plut\u00f4t de la douceur, de la m\u00e9lancolie et de la po\u00e9sie.<br \/>\nSolange c&rsquo;est Beyonc\u00e9 en moche, avec des f\u00ealures, moins parfaite, plus int\u00e9ressante donc, la voix de sa soeur avec plus de finesse et moins d&rsquo;\u00e9go.<br \/>\nLe comparatif <em>Lemonade<\/em> \/ <em>A Seat at the Table<\/em> est in\u00e9vitable, pourtant les deux albums n&rsquo;ont pas grand chose \u00e0 voir.\u00a0<em>Lemonade<\/em> est le meilleur album de Beyonc\u00e9, c&rsquo;est tout.<br \/>\n<em>A Seat at the Table<\/em> est un bijou n\u00e9o-soul profond\u00e9ment noir, un moment de gr\u00e2ce port\u00e9 par l&rsquo;infinie tristesse de <em>Cranes In The Sky<\/em>.[\/vc_column_text][vc_single_image media=\u00a0\u00bb70654&Prime; media_width_percent=\u00a0\u00bb100&Prime;][vc_column_text]<iframe src=\"https:\/\/open.spotify.com\/embed\/album\/3Yko2SxDk4hc6fncIBQlcM\" width=\"300\" height=\"380\" frameborder=\"0\"><\/iframe><\/p>\n<p><strong>Tracklist<\/strong><\/p>\n<p><em>1. Rise<\/em><br \/>\n<em>2. Weary<\/em><br \/>\n<em>3. Interlude: The Glory Is in You<\/em><br \/>\n<em>4. Cranes in the Sky<\/em><br \/>\n<em>5. Interlude: Dad Was Mad<\/em><br \/>\n<em>6. Mad (Ft. Lil Wayne)<\/em><br \/>\n<em>7. Don&rsquo;t You Wait<\/em><br \/>\n<em>8. Interlude: Tina Taught Me (Ft. Tina Lawson)<\/em><br \/>\n<em>9. Don&rsquo;t Touch My Hair (Ft. Sampha)<\/em><br \/>\n<em>10. Interlude: This Moment (Ft. Devont\u00e9 Hynes, Kelsey Lu &amp; Master P)<\/em><br \/>\n<em>11. Where Do We Go<\/em><br \/>\n<em>12. Interlude: For Us by Us (Ft. Master P)<\/em><br \/>\n<em>13. F.U.B.U. (Ft. BJ The Chicago Kid &amp; The-Dream)<\/em><br \/>\n<em>14. Borderline (An Ode to Self Care) (Ft. Q-Tip)<\/em><br \/>\n<em>15. Interlude: I Got So Much Magic, You Can Have It (Ft. Kelly Rowland &amp; Nia Andrews)<\/em><br \/>\n<em>16. Junie<\/em><br \/>\n<em>17. Interlude: No Limits (Ft. Master P)<\/em><br \/>\n<em>18. Don&rsquo;t Wish Me Well<\/em><br \/>\n<em>19. Interlude: Pedestals (Ft. Master P)<\/em><br \/>\n<em>20. Scales (Ft. Kelela)<\/em><br \/>\n<em>21. Closing: The Chosen Ones (Ft. Master P)<\/em><\/p>\n<p><em>A Seat at the table<\/em>\u00a0est \u00e0 retrouver dans le <a href=\"http:\/\/hiphop4life.fr\/news\/top-20-albums-2016\/\">classement HH4L des meilleurs albums de 2016<\/a>.[\/vc_column_text][\/vc_column][\/vc_row]<\/p>\n<\/div>","protected":false},"excerpt":{"rendered":"<p><strong>Album :<\/strong>\u00a0A Seat at the Table<br \/>\n<strong>Artiste :<\/strong>\u00a0Solange<br \/>\n<strong>Etat :<\/strong>\u00a0Neuf<br \/>\n<strong>Format :<\/strong>\u00a0Vinyle, 2 LP, Album<br \/>\n<strong>Label :<\/strong>\u00a0Sony<br \/>\n<strong>Edition :<\/strong> Originale<br \/>\n<strong>Date de sortie :<\/strong>\u00a02016<br \/>\n<strong>Genre :<\/strong>\u00a0R&amp;B \/ Neo Soul<\/p>\n","protected":false},"featured_media":70655,"comment_status":"open","ping_status":"closed","template":"","meta":{"om_disable_all_campaigns":false,"_monsterinsights_skip_tracking":false,"_monsterinsights_sitenote_active":false,"_monsterinsights_sitenote_note":"","_monsterinsights_sitenote_category":0},"product_brand":[],"product_cat":[9206,6179],"product_tag":[7079,5348,7701,5347,7077,5378],"class_list":{"0":"post-70653","1":"product","2":"type-product","3":"status-publish","4":"has-post-thumbnail","6":"product_cat-new-school","7":"product_cat-soul-rnb","8":"product_tag-a-seat-at-the-table","9":"product_tag-neo-soul","10":"product_tag-original","11":"product_tag-r-n-b","12":"product_tag-solange","13":"product_tag-soul","14":"product_shipping_class-2-lp","16":"first","17":"instock","18":"taxable","19":"shipping-taxable","20":"purchasable","21":"product-type-simple"},"aioseo_notices":[],"_links":{"self":[{"href":"https:\/\/hiphop4life.fr\/shop\/wp-json\/wp\/v2\/product\/70653","targetHints":{"allow":["GET"]}}],"collection":[{"href":"https:\/\/hiphop4life.fr\/shop\/wp-json\/wp\/v2\/product"}],"about":[{"href":"https:\/\/hiphop4life.fr\/shop\/wp-json\/wp\/v2\/types\/product"}],"replies":[{"embeddable":true,"href":"https:\/\/hiphop4life.fr\/shop\/wp-json\/wp\/v2\/comments?post=70653"}],"wp:featuredmedia":[{"embeddable":true,"href":"https:\/\/hiphop4life.fr\/shop\/wp-json\/wp\/v2\/media\/70655"}],"wp:attachment":[{"href":"https:\/\/hiphop4life.fr\/shop\/wp-json\/wp\/v2\/media?parent=70653"}],"wp:term":[{"taxonomy":"product_brand","embeddable":true,"href":"https:\/\/hiphop4life.fr\/shop\/wp-json\/wp\/v2\/product_brand?post=70653"},{"taxonomy":"product_cat","embeddable":true,"href":"https:\/\/hiphop4life.fr\/shop\/wp-json\/wp\/v2\/product_cat?post=70653"},{"taxonomy":"product_tag","embeddable":true,"href":"https:\/\/hiphop4life.fr\/shop\/wp-json\/wp\/v2\/product_tag?post=70653"}],"curies":[{"name":"wp","href":"https:\/\/api.w.org\/{rel}","templated":true}]}}