{"id":70659,"date":"2016-01-12T11:12:58","date_gmt":"2016-01-12T10:12:58","guid":{"rendered":"http:\/\/hiphop4life.fr\/shop\/?post_type=product&#038;p=70659"},"modified":"2024-03-08T18:37:10","modified_gmt":"2024-03-08T17:37:10","slug":"souls-of-mischief-93-til-infinity-vinyle","status":"publish","type":"product","link":"https:\/\/hiphop4life.fr\/shop\/produit\/souls-of-mischief-93-til-infinity-vinyle\/","title":{"rendered":"Souls of Mischief &#8211; 93 &#8217;til Infinity [Vinyle]"},"content":{"rendered":"<div class=\"wpb-content-wrapper\"><p>[vc_row][vc_column width=\u00a0\u00bb1\/1&Prime;][vc_single_image media=\u00a0\u00bb70660&Prime; media_width_percent=\u00a0\u00bb100&Prime;][vc_column_text]<iframe src=\"https:\/\/open.spotify.com\/embed\/album\/7aSjaEi3OQ2aZemcJDhMb1\" width=\"300\" height=\"380\" frameborder=\"0\"><\/iframe><\/p>\n<p><strong>Tracklist<\/strong><\/p>\n<p><em>1. Let Em Know<br \/>\n2. Live and Let Live<br \/>\n3. That&rsquo;s When Ya Lost (Ft. Pep Love)<br \/>\n4. A Name I Call Myself<br \/>\n5. Disseshowedo<br \/>\n6. What a Way to Go Out<br \/>\n7. Never No More<br \/>\n8. 93 &lsquo;Til Infinity<br \/>\n9. Limitations (Ft. Casual &amp; Del the Funky Homosapien)<br \/>\n10. Anything Can Happen<br \/>\n11. Make Your Mind Up<br \/>\n12. Batting Practice<br \/>\n13. Tell Me Who Profits<br \/>\n14. Outro<\/em><\/p>\n<p>Les meilleurs morceaux de <strong>Souls of Mischief<\/strong><b> <\/b>\u00e0 retrouver dans la playlist Hip-Hop 4 Life : <a href=\"http:\/\/hiphop4life.fr\/chroniques\/playlists\/\">Golden Age<\/a>.[\/vc_column_text][\/vc_column][\/vc_row]<\/p>\n<\/div>","protected":false},"excerpt":{"rendered":"<p><strong>Album :<\/strong> 93 &#8217;til Infinity<br \/>\n<strong>Artiste :<\/strong> Souls of Mischief<br \/>\n<strong>Etat :<\/strong> Neuf &#8211; Sous blister<br \/>\n<strong>Format :<\/strong>\u00a0Vinyle, 2 LP, Album<br \/>\n<strong>Label :<\/strong> Jive<br \/>\n<strong>Edition :<\/strong> R\u00e9\u00e9dition 2010 &#8211; Remasteris\u00e9<br \/>\n<strong>Date de sortie :<\/strong>\u00a01993<br \/>\n<strong>Genre :<\/strong>\u00a0Hip-Hop\u00a0\/ Rap US \/ West Coast \/ Golden Age \/ Rap Alternatif \/ Underground<\/p>\n","protected":false},"featured_media":70661,"comment_status":"open","ping_status":"closed","template":"","meta":{"om_disable_all_campaigns":false,"_monsterinsights_skip_tracking":false,"_monsterinsights_sitenote_active":false,"_monsterinsights_sitenote_note":"","_monsterinsights_sitenote_category":0},"product_brand":[],"product_cat":[6171,6175],"product_tag":[7092,5339,5325,5326,7693,7695,7090,6986,5328],"class_list":{"0":"post-70659","1":"product","2":"type-product","3":"status-publish","4":"has-post-thumbnail","6":"product_cat-golden-age","7":"product_cat-west-coast","8":"product_tag-93-til-infinity","9":"product_tag-golden-age","10":"product_tag-hip-hop","11":"product_tag-rap-us","12":"product_tag-reedition","13":"product_tag-remasterise","14":"product_tag-souls-of-mischief","15":"product_tag-underground-fr","16":"product_tag-west-coast","17":"product_shipping_class-2-lp","19":"first","20":"outofstock","21":"taxable","22":"shipping-taxable","23":"purchasable","24":"product-type-simple"},"aioseo_notices":[],"_links":{"self":[{"href":"https:\/\/hiphop4life.fr\/shop\/wp-json\/wp\/v2\/product\/70659","targetHints":{"allow":["GET"]}}],"collection":[{"href":"https:\/\/hiphop4life.fr\/shop\/wp-json\/wp\/v2\/product"}],"about":[{"href":"https:\/\/hiphop4life.fr\/shop\/wp-json\/wp\/v2\/types\/product"}],"replies":[{"embeddable":true,"href":"https:\/\/hiphop4life.fr\/shop\/wp-json\/wp\/v2\/comments?post=70659"}],"wp:featuredmedia":[{"embeddable":true,"href":"https:\/\/hiphop4life.fr\/shop\/wp-json\/wp\/v2\/media\/70661"}],"wp:attachment":[{"href":"https:\/\/hiphop4life.fr\/shop\/wp-json\/wp\/v2\/media?parent=70659"}],"wp:term":[{"taxonomy":"product_brand","embeddable":true,"href":"https:\/\/hiphop4life.fr\/shop\/wp-json\/wp\/v2\/product_brand?post=70659"},{"taxonomy":"product_cat","embeddable":true,"href":"https:\/\/hiphop4life.fr\/shop\/wp-json\/wp\/v2\/product_cat?post=70659"},{"taxonomy":"product_tag","embeddable":true,"href":"https:\/\/hiphop4life.fr\/shop\/wp-json\/wp\/v2\/product_tag?post=70659"}],"curies":[{"name":"wp","href":"https:\/\/api.w.org\/{rel}","templated":true}]}}