{"id":70665,"date":"2021-03-08T09:21:35","date_gmt":"2021-03-08T08:21:35","guid":{"rendered":"http:\/\/hiphop4life.fr\/shop\/?post_type=product&#038;p=70665"},"modified":"2023-01-30T19:46:57","modified_gmt":"2023-01-30T18:46:57","slug":"atmosphere-god-loves-ugly-vinyle","status":"publish","type":"product","link":"https:\/\/hiphop4life.fr\/shop\/produit\/atmosphere-god-loves-ugly-vinyle\/","title":{"rendered":"Atmosphere &#8211; God Loves Ugly [Vinyle Deluxe 3LP]"},"content":{"rendered":"<div class=\"wpb-content-wrapper\"><p>[vc_row][vc_column width=\u00a0\u00bb1\/1&Prime;][vc_single_image media=\u00a0\u00bb70666&Prime; media_width_percent=\u00a0\u00bb100&Prime;][vc_column_text]<iframe src=\"https:\/\/open.spotify.com\/embed\/album\/5EXaWmrRlzRe5uNS6v7y3K\" width=\"300\" height=\"380\" frameborder=\"0\"><\/iframe><\/p>\n<div>\n<h3>Tracks on Disc 1:<\/h3>\n<ul class=\"text-medium\">\n<li class=\"PLG\"><span class=\"PLN\">1.<\/span><span class=\"PLT\">Onemosphere<\/span><\/li>\n<li class=\"PLW\"><span class=\"PLN\">2.<\/span><span class=\"PLT\">The Bass And The Movement<\/span><\/li>\n<li class=\"PLG\"><span class=\"PLN\">3.<\/span><span class=\"PLT\">Give Me<\/span><\/li>\n<li class=\"PLW\"><span class=\"PLN\">4.<\/span><span class=\"PLT\">F*ck You Lucy<\/span><\/li>\n<li class=\"PLG\"><span class=\"PLN\">5.<\/span><span class=\"PLT\">Hair<\/span><\/li>\n<li class=\"PLW\"><span class=\"PLN\">6.<\/span><span class=\"PLT\">Godlovesugly<\/span><\/li>\n<li class=\"PLG\"><span class=\"PLN\">7.<\/span><span class=\"PLT\">Apple<\/span><\/li>\n<li class=\"PLW\"><span class=\"PLN\">8.<\/span><span class=\"PLT\">Flesh<\/span><\/li>\n<li class=\"PLG\"><span class=\"PLN\">9.<\/span><span class=\"PLT\">Saves the Day<\/span><\/li>\n<li class=\"PLW\"><span class=\"PLN\">10.<\/span><span class=\"PLT\">Lovelife<\/span><\/li>\n<li class=\"PLG\"><span class=\"PLN\">11.<\/span><span class=\"PLT\">Breathing<\/span><\/li>\n<li class=\"PLW\"><span class=\"PLN\">12.<\/span><span class=\"PLT\">Vampires<\/span><\/li>\n<li class=\"PLG\"><span class=\"PLN\">13.<\/span><span class=\"PLT\">A Girl Named Hope<\/span><\/li>\n<li class=\"PLW\"><span class=\"PLN\">14.<\/span><span class=\"PLT\">Godlovesugly Reprise<\/span><\/li>\n<li class=\"PLG\"><span class=\"PLN\">15.<\/span><span class=\"PLT\">Modern Man&rsquo;s Hustle<\/span><\/li>\n<li class=\"PLW\"><span class=\"PLN\">16.<\/span><span class=\"PLT\">One of a Kind<\/span><\/li>\n<li class=\"PLG\"><span class=\"PLN\">17.<\/span><span class=\"PLT\">Blamegame<\/span><\/li>\n<li class=\"PLW\"><span class=\"PLN\">18.<\/span><span class=\"PLT\">Shrapnel<\/span><\/li>\n<\/ul>\n<\/div>\n<div>\n<h3>Tracks on Disc 2:<\/h3>\n<ul class=\"text-medium\">\n<li class=\"PLG\"><span class=\"PLN\">1.<\/span><span class=\"PLT\">A Song About A Friend<\/span><\/li>\n<li class=\"PLW\"><span class=\"PLN\">2.<\/span><span class=\"PLT\">Flesh<\/span><\/li>\n<li class=\"PLG\"><span class=\"PLN\">3.<\/span><span class=\"PLT\">Saves The Day<\/span><\/li>\n<li class=\"PLW\"><span class=\"PLN\">4.<\/span><span class=\"PLT\">Lovelife<\/span><\/li>\n<li class=\"PLG\"><span class=\"PLN\">5.<\/span><span class=\"PLT\">Breathing<\/span><\/li>\n<li class=\"PLW\"><span class=\"PLN\">6.<\/span><span class=\"PLT\">Vampires<\/span><\/li>\n<li class=\"PLG\"><span class=\"PLN\">7.<\/span><span class=\"PLT\">National Disgrace<\/span><\/li>\n<li class=\"PLW\"><span class=\"PLN\">8.<\/span><span class=\"PLT\">Denvemolorado<\/span><\/li>\n<\/ul>\n<\/div>\n<div>\n<h3>Tracks on Disc 3:<\/h3>\n<ul class=\"text-medium\">\n<li class=\"PLG\"><span class=\"PLN\">1.<\/span><span class=\"PLT\">A Girl Named Hope<\/span><\/li>\n<li class=\"PLW\"><span class=\"PLN\">2.<\/span><span class=\"PLT\">Godlovesugly Reprise<\/span><\/li>\n<li class=\"PLG\"><span class=\"PLN\">3.<\/span><span class=\"PLT\">Modern Man&rsquo;s Hustle<\/span><\/li>\n<li class=\"PLW\"><span class=\"PLN\">4.<\/span><span class=\"PLT\">One Of A Kind<\/span><\/li>\n<li class=\"PLG\"><span class=\"PLN\">5.<\/span><span class=\"PLT\">Blamegame<\/span><\/li>\n<li class=\"PLW\"><span class=\"PLN\">6.<\/span><span class=\"PLT\">Shrapnel<\/span><\/li>\n<li class=\"PLG\"><span class=\"PLN\">7.<\/span><span class=\"PLT\">On The Battlefield<\/span><\/li>\n<li class=\"PLW\"><span class=\"PLN\">8.<\/span><span class=\"PLT\">Quiet Pimpin&rsquo;<\/span><\/li>\n<\/ul>\n<\/div>\n<p>[\/vc_column_text][\/vc_column][\/vc_row]<\/p>\n<\/div>","protected":false},"excerpt":{"rendered":"<p>R\u00e9\u00e9dition remasteris\u00e9e et repress\u00e9e sur 3 vinyles contenant l&rsquo;album mythique <em><strong>God Loves Ugly<\/strong><\/em> + les morceaux de <em><strong>Sad Clown Bad Dub 4<\/strong><\/em>.<\/p>\n<p><strong>Album :<\/strong> God Loves Ugly<br \/>\n<strong>Artiste :<\/strong> Atmosphere<br \/>\n<strong>Etat :<\/strong>\u00a0Neuf &#8211; Sous blister<br \/>\n<strong>Format :<\/strong>\u00a0Vinyle, 3 LP, Album<br \/>\n<strong>Label :<\/strong> Rhymesayers<br \/>\n<strong>Edition :<\/strong> R\u00e9\u00e9dition<br \/>\n<strong>Date de sortie :<\/strong>\u00a02002<br \/>\n<strong>Genre :<\/strong>\u00a0Hip-Hop\u00a0\/ Rap US \/ Underground<\/p>\n","protected":false},"featured_media":70667,"comment_status":"open","ping_status":"closed","template":"","meta":{"om_disable_all_campaigns":false,"_monsterinsights_skip_tracking":false,"_monsterinsights_sitenote_active":false,"_monsterinsights_sitenote_note":"","_monsterinsights_sitenote_category":0},"product_brand":[],"product_cat":[6172,6177],"product_tag":[5374,6938,7099,7266,7103,5325,5326,7693,6934,7101,6986],"class_list":{"0":"post-70665","1":"product","2":"type-product","3":"status-publish","4":"has-post-thumbnail","6":"product_cat-2000s","7":"product_cat-midwest","8":"product_tag-2000s","9":"product_tag-ant","10":"product_tag-atmosphere","11":"product_tag-collector","12":"product_tag-god-loves-ugly","13":"product_tag-hip-hop","14":"product_tag-rap-us","15":"product_tag-reedition","16":"product_tag-rhymesayers","17":"product_tag-slug","18":"product_tag-underground-fr","19":"product_shipping_class-3-lp","21":"first","22":"instock","23":"taxable","24":"shipping-taxable","25":"purchasable","26":"product-type-simple"},"aioseo_notices":[],"_links":{"self":[{"href":"https:\/\/hiphop4life.fr\/shop\/wp-json\/wp\/v2\/product\/70665","targetHints":{"allow":["GET"]}}],"collection":[{"href":"https:\/\/hiphop4life.fr\/shop\/wp-json\/wp\/v2\/product"}],"about":[{"href":"https:\/\/hiphop4life.fr\/shop\/wp-json\/wp\/v2\/types\/product"}],"replies":[{"embeddable":true,"href":"https:\/\/hiphop4life.fr\/shop\/wp-json\/wp\/v2\/comments?post=70665"}],"wp:featuredmedia":[{"embeddable":true,"href":"https:\/\/hiphop4life.fr\/shop\/wp-json\/wp\/v2\/media\/70667"}],"wp:attachment":[{"href":"https:\/\/hiphop4life.fr\/shop\/wp-json\/wp\/v2\/media?parent=70665"}],"wp:term":[{"taxonomy":"product_brand","embeddable":true,"href":"https:\/\/hiphop4life.fr\/shop\/wp-json\/wp\/v2\/product_brand?post=70665"},{"taxonomy":"product_cat","embeddable":true,"href":"https:\/\/hiphop4life.fr\/shop\/wp-json\/wp\/v2\/product_cat?post=70665"},{"taxonomy":"product_tag","embeddable":true,"href":"https:\/\/hiphop4life.fr\/shop\/wp-json\/wp\/v2\/product_tag?post=70665"}],"curies":[{"name":"wp","href":"https:\/\/api.w.org\/{rel}","templated":true}]}}