{"id":70879,"date":"2022-01-14T23:59:18","date_gmt":"2022-01-14T22:59:18","guid":{"rendered":"http:\/\/hiphop4life.fr\/shop\/?post_type=product&#038;p=70879"},"modified":"2022-09-19T16:07:52","modified_gmt":"2022-09-19T14:07:52","slug":"the-notorious-big-ready-to-die-vinyle","status":"publish","type":"product","link":"https:\/\/hiphop4life.fr\/shop\/produit\/the-notorious-big-ready-to-die-vinyle\/","title":{"rendered":"The Notorious B.I.G. &#8211; Ready To Die [Baby Cover Vinyle]"},"content":{"rendered":"<div class=\"wpb-content-wrapper\"><p>[vc_row][vc_column width=\u00a0\u00bb1\/1&Prime;][vc_column_text]<strong>Extrait de la chronique Hip-Hop 4 Life :<\/strong><\/p>\n<p>[&#8230;]\u00a0<em>1994 : La Californie est d\u00e9finitivement le bastion du rap, Pac est au sommet quand le G-Funk de Dre et Snoop envahit les ondes.\u00a0La East Coast a du mal \u00e0 se renouveler et \u00e0 r\u00e9cup\u00e9rer sa couronne mais un\u00a0producteur\u00a0peu connu du nom de Puff Daddy d\u00e9cide de produire un jeune rappeur talentueux, Christopher Wallace aka The Notorious BIG sur son label nouvellement cr\u00e9\u00e9, Bad Boys Record.<\/em><br \/>\n<em>C\u2019est ainsi que va na\u00eetre un classique parmi les classiques, \u00ab\u00a0Ready To Die\u00a0\u00bb. Tout comme \u00ab\u00a0<a href=\"http:\/\/hiphop4life.fr\/shop\/produit\/nas-illmatic-vinyle\/\">Illmatic<\/a>\u00a0\u00bb\u00a0sorti la m\u00eame ann\u00e9e, ce disque va avoir une influence \u00e9norme sur le rap dans son int\u00e9gralit\u00e9.<\/em><br \/>\n<em>Il est le reflet d\u2019une \u00e9poque o\u00f9 le hip-hop \u00e9tait \u00e0 son \u00e2ge d\u2019or et o\u00f9 chaque classique posait les fondations d\u2019un genre encore en construction et il va surtout voir la naissance d\u2019un ou plut\u00f4t du meilleur\u00a0MC\u00a0qui ai touch\u00e9 le mic : Biggie Smalls.<\/em>\u00a0[&#8230;]<\/p>\n<div id=\"sas_intextContainer_6004345\"><\/div>\n<p>La chronique compl\u00e8te de\u00a0<em><strong>Ready To Die<\/strong><\/em>\u00a0\u00e0 lire <a href=\"http:\/\/hiphop4life.fr\/chroniques\/ready-to-die\/\">ici<\/a>.[\/vc_column_text][vc_single_image media=\u00a0\u00bb95801&Prime; media_width_percent=\u00a0\u00bb100&Prime;][vc_column_text uncode_shortcode_id=\u00a0\u00bb195269&Prime;]<iframe src=\"https:\/\/open.spotify.com\/embed\/album\/2HTbQ0RHwukKVXAlTmCZP2\" width=\"300\" height=\"380\" frameborder=\"0\"><\/iframe><\/p>\n<p><strong>Tracklist<br \/>\n<\/strong><br \/>\n<em>A1 Intro<br \/>\nA2 Things Done Changed<br \/>\nA3 Gimme The Loot<br \/>\nA4 Machine Gun Funk<br \/>\nA5 Warning<br \/>\nB1 Ready To Die<br \/>\nB2 One More Chance<br \/>\nB3 Fuck Me (Interlude)<br \/>\nB4 The What<br \/>\nB5 Juicy<br \/>\nC1 Everyday Struggle<br \/>\nC2 Me &amp; My Bitch<br \/>\nC3 Big Poppa<br \/>\nC4 Respect<br \/>\nD1 Friend Of Mine<br \/>\nD2 Unbelievavle<br \/>\nD3 Suicidal Thoughts<br \/>\nD4 Who Shot Ya<br \/>\nD5 Just Playin (Dreams) (Bonus Track)<\/em><\/p>\n<p>Les meilleurs sons de The Notorious B.I.G. sont \u00e0 retrouver dans la playlist Hip-Hop 4 Life : <a href=\"http:\/\/hiphop4life.fr\/chroniques\/playlists\/\">Biggie<\/a>[\/vc_column_text][\/vc_column][\/vc_row]<\/p>\n<\/div>","protected":false},"excerpt":{"rendered":"<p><strong>Album :<\/strong> Ready To Die<br \/>\n<strong>Artiste :<\/strong> The Notorious B.I.G.<br \/>\n<strong>Etat :<\/strong>\u00a0Neuf<br \/>\n<strong>Format :<\/strong>\u00a0Vinyle, 2LP, Album<br \/>\n<strong>Label :<\/strong>\u00a0Bad Boy<br \/>\n<strong>Edition :<\/strong> R\u00e9\u00e9dition 2021 &#8211; Baby Cover &#8211; Vinyle argent\u00e9<br \/>\n<strong>Date de sortie :<\/strong>\u00a01994<br \/>\n<strong>Genre :<\/strong>\u00a0Hip-Hop\u00a0\/ Rap US \/ East Coast \/ Gangsta Rap<\/p>\n","protected":false},"featured_media":70883,"comment_status":"open","ping_status":"closed","template":"","meta":{"om_disable_all_campaigns":false,"_monsterinsights_skip_tracking":false,"_monsterinsights_sitenote_active":false,"_monsterinsights_sitenote_note":"","_monsterinsights_sitenote_category":0},"product_brand":[],"product_cat":[6174,6171],"product_tag":[7348,7266,7350,5337,6110,5339,5325,5326,7354,7693,7352,9089],"class_list":{"0":"post-70879","1":"product","2":"type-product","3":"status-publish","4":"has-post-thumbnail","6":"product_cat-east-coast","7":"product_cat-golden-age","8":"product_tag-bad-boy","9":"product_tag-collector","10":"product_tag-diddy","11":"product_tag-east-coast","12":"product_tag-gangsta-rap","13":"product_tag-golden-age","14":"product_tag-hip-hop","15":"product_tag-rap-us","16":"product_tag-ready-to-die","17":"product_tag-reedition","18":"product_tag-the-notorious-big","19":"product_tag-vinyle-colore","20":"product_shipping_class-2-lp","22":"first","23":"instock","24":"sold-individually","25":"taxable","26":"shipping-taxable","27":"purchasable","28":"product-type-variable"},"aioseo_notices":[],"_links":{"self":[{"href":"https:\/\/hiphop4life.fr\/shop\/wp-json\/wp\/v2\/product\/70879","targetHints":{"allow":["GET"]}}],"collection":[{"href":"https:\/\/hiphop4life.fr\/shop\/wp-json\/wp\/v2\/product"}],"about":[{"href":"https:\/\/hiphop4life.fr\/shop\/wp-json\/wp\/v2\/types\/product"}],"replies":[{"embeddable":true,"href":"https:\/\/hiphop4life.fr\/shop\/wp-json\/wp\/v2\/comments?post=70879"}],"wp:featuredmedia":[{"embeddable":true,"href":"https:\/\/hiphop4life.fr\/shop\/wp-json\/wp\/v2\/media\/70883"}],"wp:attachment":[{"href":"https:\/\/hiphop4life.fr\/shop\/wp-json\/wp\/v2\/media?parent=70879"}],"wp:term":[{"taxonomy":"product_brand","embeddable":true,"href":"https:\/\/hiphop4life.fr\/shop\/wp-json\/wp\/v2\/product_brand?post=70879"},{"taxonomy":"product_cat","embeddable":true,"href":"https:\/\/hiphop4life.fr\/shop\/wp-json\/wp\/v2\/product_cat?post=70879"},{"taxonomy":"product_tag","embeddable":true,"href":"https:\/\/hiphop4life.fr\/shop\/wp-json\/wp\/v2\/product_tag?post=70879"}],"curies":[{"name":"wp","href":"https:\/\/api.w.org\/{rel}","templated":true}]}}