{"id":71033,"date":"2016-06-19T15:52:14","date_gmt":"2016-06-19T13:52:14","guid":{"rendered":"http:\/\/hiphop4life.fr\/shop\/?post_type=product&#038;p=71033"},"modified":"2022-01-17T16:06:40","modified_gmt":"2022-01-17T15:06:40","slug":"makaveli-the-don-killuminati-the-7-day-theory-vinyle","status":"publish","type":"product","link":"https:\/\/hiphop4life.fr\/shop\/produit\/makaveli-the-don-killuminati-the-7-day-theory-vinyle\/","title":{"rendered":"Makaveli (2Pac) &#8211; The Don Killuminati: The 7 Day Theory [Vinyle]"},"content":{"rendered":"<div class=\"wpb-content-wrapper\"><p>[vc_row][vc_column width=\u00a0\u00bb1\/1&Prime;][vc_single_image media=\u00a0\u00bb71034&Prime; media_width_percent=\u00a0\u00bb100&Prime;][vc_column_text]<iframe src=\"https:\/\/open.spotify.com\/embed\/album\/3OR89PVUDdYVpuwQw9kALG\" width=\"300\" height=\"380\" frameborder=\"0\"><\/iframe><\/p>\n<p><strong>Tracklist<\/strong><\/p>\n<p><em>1. \u00ab\u00a0Bomb First (My Second Reply)\u00a0\u00bb (featuring E.D.I. &amp; Young Noble)<\/em><br \/>\n<em>2. \u00ab\u00a0Hail Mary\u00a0\u00bb (featuring The Outlawz &amp; Prince Ital Joe)<\/em><br \/>\n<em>3. \u00ab\u00a0Toss It Up\u00a0\u00bb (featuring Danny Boy, Aaron Hall, K-Ci &amp; JoJo)<\/em><br \/>\n<em>4. \u00ab\u00a0To Live &amp; Die in L.A.\u00a0\u00bb (featuring Val Young)<\/em><br \/>\n<em>5. \u00ab\u00a0Blasphemy\u00a0\u00bb<\/em><br \/>\n<em>6. \u00ab\u00a0Life of an Outlaw\u00a0\u00bb (featuring The Outlawz)<\/em><br \/>\n<em>7. \u00ab\u00a0Just Like Daddy\u00a0\u00bb (featuring The Outlawz)<\/em><br \/>\n<em>8. \u00ab\u00a0Krazy\u00a0\u00bb (featuring Bad Azz)<\/em><br \/>\n<em>9. \u00ab\u00a0White Man&rsquo;z World\u00a0\u00bb (featuring Big D)<\/em><br \/>\n<em>10. \u00ab\u00a0Me and My Girlfriend\u00a0\u00bb<\/em><br \/>\n<em>11. \u00ab\u00a0Hold Ya Head\u00a0\u00bb (featuring Tyrone Wrice)<\/em><br \/>\n<em>12. \u00ab\u00a0Against All Odds\u00a0\u00bb<\/em><\/p>\n<p>Les meilleurs sons de 2 Pac sont \u00e0 retrouver dans la playlist Hip-Hop 4 Life : <a href=\"http:\/\/hiphop4life.fr\/chroniques\/playlists\/\">Hit&rsquo;Em Up<\/a>.[\/vc_column_text][\/vc_column][\/vc_row]<\/p>\n<\/div>","protected":false},"excerpt":{"rendered":"<p><strong>Album :<\/strong> The Don Killuminati: The 7 Day Theory<br \/>\n<strong>Artiste :<\/strong> Makaveli<br \/>\n<strong>Etat :<\/strong>\u00a0Neuf<br \/>\n<strong>Format :<\/strong>\u00a0Vinyle, LP, Album<br \/>\n<strong>Label :<\/strong> Death Row<br \/>\n<strong>Edition :<\/strong> R\u00e9\u00e9dition 2001 &#8211; Remasteris\u00e9<br \/>\n<strong>Date de sortie :<\/strong>\u00a01996<br \/>\n<strong>Genre :<\/strong>\u00a0Hip-Hop\u00a0\/ Rap US \/ West Coast \/ Gangsta Rap<\/p>\n","protected":false},"featured_media":71035,"comment_status":"open","ping_status":"closed","template":"","meta":{"om_disable_all_campaigns":false,"_monsterinsights_skip_tracking":false,"_monsterinsights_sitenote_active":false,"_monsterinsights_sitenote_note":"","_monsterinsights_sitenote_category":0},"product_brand":[],"product_cat":[6171,6175],"product_tag":[5323,7427,6110,5339,5325,7429,5326,7693,7695,7431,5328],"class_list":{"0":"post-71033","1":"product","2":"type-product","3":"status-publish","4":"has-post-thumbnail","6":"product_cat-golden-age","7":"product_cat-west-coast","8":"product_tag-2-pac","9":"product_tag-death-row","10":"product_tag-gangsta-rap","11":"product_tag-golden-age","12":"product_tag-hip-hop","13":"product_tag-makaveli","14":"product_tag-rap-us","15":"product_tag-reedition","16":"product_tag-remasterise","17":"product_tag-the-don-killuminati-the-7-day-theory","18":"product_tag-west-coast","19":"product_shipping_class-lp","21":"first","22":"outofstock","23":"taxable","24":"shipping-taxable","25":"purchasable","26":"product-type-simple"},"aioseo_notices":[],"_links":{"self":[{"href":"https:\/\/hiphop4life.fr\/shop\/wp-json\/wp\/v2\/product\/71033","targetHints":{"allow":["GET"]}}],"collection":[{"href":"https:\/\/hiphop4life.fr\/shop\/wp-json\/wp\/v2\/product"}],"about":[{"href":"https:\/\/hiphop4life.fr\/shop\/wp-json\/wp\/v2\/types\/product"}],"replies":[{"embeddable":true,"href":"https:\/\/hiphop4life.fr\/shop\/wp-json\/wp\/v2\/comments?post=71033"}],"wp:featuredmedia":[{"embeddable":true,"href":"https:\/\/hiphop4life.fr\/shop\/wp-json\/wp\/v2\/media\/71035"}],"wp:attachment":[{"href":"https:\/\/hiphop4life.fr\/shop\/wp-json\/wp\/v2\/media?parent=71033"}],"wp:term":[{"taxonomy":"product_brand","embeddable":true,"href":"https:\/\/hiphop4life.fr\/shop\/wp-json\/wp\/v2\/product_brand?post=71033"},{"taxonomy":"product_cat","embeddable":true,"href":"https:\/\/hiphop4life.fr\/shop\/wp-json\/wp\/v2\/product_cat?post=71033"},{"taxonomy":"product_tag","embeddable":true,"href":"https:\/\/hiphop4life.fr\/shop\/wp-json\/wp\/v2\/product_tag?post=71033"}],"curies":[{"name":"wp","href":"https:\/\/api.w.org\/{rel}","templated":true}]}}