{"id":71075,"date":"2016-02-19T18:22:11","date_gmt":"2016-02-19T17:22:11","guid":{"rendered":"http:\/\/hiphop4life.fr\/shop\/?post_type=product&#038;p=71075"},"modified":"2022-01-17T16:19:52","modified_gmt":"2022-01-17T15:19:52","slug":"ugk-ridin-dirty-vinyle","status":"publish","type":"product","link":"https:\/\/hiphop4life.fr\/shop\/produit\/ugk-ridin-dirty-vinyle\/","title":{"rendered":"UGK &#8211; Ridin&rsquo; Dirty [Vinyle Blanc]"},"content":{"rendered":"<div class=\"wpb-content-wrapper\"><p>[vc_row][vc_column width=\u00a0\u00bb1\/1&Prime;][vc_column_text]<iframe src=\"https:\/\/open.spotify.com\/embed\/album\/4jTPQq9PSlKMOm1yLx2ATN\" width=\"300\" height=\"380\" frameborder=\"0\"><\/iframe><\/p>\n<p><strong>Tracklist<\/strong><\/p>\n<p><em>1. \u00ab\u00a0Intro\u00a0\u00bb<\/em><br \/>\n<em>2. \u00ab\u00a0One Day\u00a0\u00bb (featuring 3-2 &amp; Ronnie Spencer)<\/em><br \/>\n<em>3. \u00ab\u00a0Murder\u00a0\u00bb<\/em><br \/>\n<em>4. \u00ab\u00a0Pinky Ring\u00a0\u00bb<\/em><br \/>\n<em>5. \u00ab\u00a0Diamonds &amp; Wood\u00a0\u00bb<\/em><br \/>\n<em>6. \u00ab\u00a03 In the Mornin'\u00a0\u00bb (featuring Big Smokin&rsquo; Mitch)<\/em><br \/>\n<em>7. \u00ab\u00a0Touched\u00a0\u00bb (featuring 3-2)<\/em><br \/>\n<em>8. \u00ab\u00a0Fuck My Car\u00a0\u00bb<\/em><br \/>\n<em>9. \u00ab\u00a0That&rsquo;s Why I Carry\u00a0\u00bb (featuring N.O. Joe)<\/em><br \/>\n<em>10. \u00ab\u00a0Hi Life\u00a0\u00bb<\/em><br \/>\n<em>11. \u00ab\u00a0Good Stuff\u00a0\u00bb<\/em><br \/>\n<em>12. \u00ab\u00a0Ridin&rsquo; Dirty\u00a0\u00bb<\/em><br \/>\n<em>13. \u00ab\u00a0Outro\u00a0\u00bb<\/em><\/p>\n<p>Les meilleurs sons de UGK sont \u00e0 retrouver dans la playlist Hip-Hop 4 Life : <a href=\"http:\/\/hiphop4life.fr\/chroniques\/playlists\/\">Southern Hospitality<\/a>.[\/vc_column_text][\/vc_column][\/vc_row]<\/p>\n<\/div>","protected":false},"excerpt":{"rendered":"<p><strong>Album :<\/strong> Ridin&rsquo; Dirty<br \/>\n<strong>Artiste :<\/strong> UGK<br \/>\n<strong>Etat :<\/strong>\u00a0Neuf<br \/>\n<strong>Format :<\/strong>\u00a0Vinyle, 2 LP, Album<br \/>\n<strong>Label :<\/strong> Get On Down<br \/>\n<strong>Edition :<\/strong> R\u00e9\u00e9dition 2014 &#8211; \u00c9dition Limit\u00e9e &#8211; Vinyles Blancs<br \/>\n<strong>Date de sortie :<\/strong>\u00a01996<br \/>\n<strong>Genre :<\/strong>\u00a0Hip-Hop\u00a0\/ Rap US \/ Dirty South<\/p>\n","protected":false},"featured_media":71076,"comment_status":"open","ping_status":"closed","template":"","meta":{"om_disable_all_campaigns":false,"_monsterinsights_skip_tracking":false,"_monsterinsights_sitenote_active":false,"_monsterinsights_sitenote_note":"","_monsterinsights_sitenote_category":0},"product_brand":[],"product_cat":[6176,6171],"product_tag":[7501,5372,9091,5339,5325,7499,5326,7693,7505,7503,6986,9089],"class_list":{"0":"post-71075","1":"product","2":"type-product","3":"status-publish","4":"has-post-thumbnail","6":"product_cat-dirty-south","7":"product_cat-golden-age","8":"product_tag-bun-b","9":"product_tag-dirty-south","10":"product_tag-edition-limitee","11":"product_tag-golden-age","12":"product_tag-hip-hop","13":"product_tag-pimp-c","14":"product_tag-rap-us","15":"product_tag-reedition","16":"product_tag-ridin-dirty","17":"product_tag-ugk","18":"product_tag-underground-fr","19":"product_tag-vinyle-colore","20":"product_shipping_class-2-lp","22":"first","23":"outofstock","24":"taxable","25":"shipping-taxable","26":"purchasable","27":"product-type-simple"},"aioseo_notices":[],"_links":{"self":[{"href":"https:\/\/hiphop4life.fr\/shop\/wp-json\/wp\/v2\/product\/71075","targetHints":{"allow":["GET"]}}],"collection":[{"href":"https:\/\/hiphop4life.fr\/shop\/wp-json\/wp\/v2\/product"}],"about":[{"href":"https:\/\/hiphop4life.fr\/shop\/wp-json\/wp\/v2\/types\/product"}],"replies":[{"embeddable":true,"href":"https:\/\/hiphop4life.fr\/shop\/wp-json\/wp\/v2\/comments?post=71075"}],"wp:featuredmedia":[{"embeddable":true,"href":"https:\/\/hiphop4life.fr\/shop\/wp-json\/wp\/v2\/media\/71076"}],"wp:attachment":[{"href":"https:\/\/hiphop4life.fr\/shop\/wp-json\/wp\/v2\/media?parent=71075"}],"wp:term":[{"taxonomy":"product_brand","embeddable":true,"href":"https:\/\/hiphop4life.fr\/shop\/wp-json\/wp\/v2\/product_brand?post=71075"},{"taxonomy":"product_cat","embeddable":true,"href":"https:\/\/hiphop4life.fr\/shop\/wp-json\/wp\/v2\/product_cat?post=71075"},{"taxonomy":"product_tag","embeddable":true,"href":"https:\/\/hiphop4life.fr\/shop\/wp-json\/wp\/v2\/product_tag?post=71075"}],"curies":[{"name":"wp","href":"https:\/\/api.w.org\/{rel}","templated":true}]}}