{"id":71101,"date":"2016-06-19T21:51:20","date_gmt":"2016-06-19T19:51:20","guid":{"rendered":"http:\/\/hiphop4life.fr\/shop\/?post_type=product&#038;p=71101"},"modified":"2022-01-17T16:06:33","modified_gmt":"2022-01-17T15:06:33","slug":"big-l-lifestylez-ov-da-poor-dangerous-vinyle","status":"publish","type":"product","link":"https:\/\/hiphop4life.fr\/shop\/produit\/big-l-lifestylez-ov-da-poor-dangerous-vinyle\/","title":{"rendered":"Big L &#8211; Lifestylez Ov Da Poor &amp; Dangerous [Vinyle]"},"content":{"rendered":"<div class=\"wpb-content-wrapper\"><p>[vc_row][vc_column width=\u00a0\u00bb1\/1&Prime;][vc_column_text]<strong>Extrait de la chronique Hip-Hop 4 Life :<\/strong><\/p>\n<p>[&#8230;] <em>Lourd, sombre et dangereusement homog\u00e8ne, ce classique underground a fa\u00e7onn\u00e9 le son new-yorkais de l\u2019\u00e9poque et a surtout r\u00e9v\u00e9l\u00e9 un MC unique jamais \u00e0 cours de punchlines d\u00e9vastatrices.<\/em><br \/>\n<em>Un flow exceptionnel parsem\u00e9 de fulgurances et un talent d\u00e9concertant pour faire claquer chacune de ses rimes.<\/em>\u00a0[&#8230;]<\/p>\n<p>La chronique compl\u00e8te de <em><strong>Lifestylez ov da Poor &amp; Dangerous<\/strong><\/em>\u00a0\u00e0 lire <a href=\"http:\/\/hiphop4life.fr\/chroniques\/big-l-lifestylez-ov-da-poorand-dangerous\/\">ici<\/a>.[\/vc_column_text][vc_single_image media=\u00a0\u00bb71102&Prime; media_width_percent=\u00a0\u00bb100&Prime;][vc_column_text]<iframe src=\"https:\/\/open.spotify.com\/embed\/album\/7xvBUHu5jJ7X0wdRHudLFD\" width=\"300\" height=\"380\" frameborder=\"0\"><\/iframe><\/p>\n<p><strong>Tracklist<\/strong><\/p>\n<p><em>1. \u00ab\u00a0Put It On\u00a0\u00bb (featuring Kid Capri)<\/em><br \/>\n<em>2. \u00ab\u00a0M.V.P.\u00a0\u00bb<\/em><br \/>\n<em>3. \u00ab\u00a0No Endz, No Skinz\u00a0\u00bb<\/em><br \/>\n<em>4. \u00ab\u00a08 Iz Enuff\u00a0\u00bb (featuring Terra, Herb McGruff, Buddah Bless, Big Twan, Killa Cam, Trooper J &amp; Mike Boogie)<\/em><br \/>\n<em>5. \u00ab\u00a0All Black\u00a0\u00bb<\/em><br \/>\n<em>6. \u00ab\u00a0Danger Zone\u00a0\u00bb (featuring Herb McGruff)<\/em><br \/>\n<em>7. \u00ab\u00a0Street Struck\u00a0\u00bb<\/em><br \/>\n<em>8. \u00ab\u00a0Da Graveyard\u00a0\u00bb (featuring Lord Finesse, Microphone Nut, Jay-Z, Party Arty &amp; Grand Daddy I.U.)<\/em><br \/>\n<em>9. \u00ab\u00a0Lifestylez ov da Poor &amp; Dangerous\u00a0\u00bb<\/em><br \/>\n<em>10. \u00ab\u00a0I Don&rsquo;t Understand It\u00a0\u00bb<\/em><br \/>\n<em>11. \u00ab\u00a0Fed Up wit the Bullshit\u00a0\u00bb<\/em><br \/>\n<em>12. \u00ab\u00a0Let &lsquo;Em Have It \u00ab\u00a0L\u00a0\u00bb<\/em><\/p>\n<p>Les meilleurs sons de Big L sont \u00e0 retrouver dans la playlist Hip-Hop 4 Life : <a href=\"http:\/\/hiphop4life.fr\/chroniques\/playlists\/\">NY State Of Mind<\/a>.[\/vc_column_text][\/vc_column][\/vc_row]<\/p>\n<\/div>","protected":false},"excerpt":{"rendered":"<p><strong>Album :<\/strong> Lifestylez ov da Poor &amp; Dangerous<br \/>\n<strong>Artiste :<\/strong> Big L<br \/>\n<strong>Etat :<\/strong>\u00a0Neuf<br \/>\n<strong>Format :<\/strong>\u00a0Vinyle, 2 LP, Album<br \/>\n<strong>Label :<\/strong> Traffic Entertainment Group<br \/>\n<strong>Edition :<\/strong> R\u00e9\u00e9dition 2010 &#8211; Remasteris\u00e9 + Poster<br \/>\n<strong>Date de sortie :<\/strong>\u00a01995<br \/>\n<strong>Genre :<\/strong>\u00a0Hip-Hop\u00a0\/ Rap US \/ East Coast \/ Hardcore \/ Underground<\/p>\n","protected":false},"featured_media":71103,"comment_status":"open","ping_status":"closed","template":"","meta":{"om_disable_all_campaigns":false,"_monsterinsights_skip_tracking":false,"_monsterinsights_sitenote_active":false,"_monsterinsights_sitenote_note":"","_monsterinsights_sitenote_category":0},"product_brand":[],"product_cat":[6174,6171],"product_tag":[7535,7191,5337,5339,5871,5325,7537,5326,7693,7695,6986],"class_list":{"0":"post-71101","1":"product","2":"type-product","3":"status-publish","4":"has-post-thumbnail","6":"product_cat-east-coast","7":"product_cat-golden-age","8":"product_tag-big-l","9":"product_tag-d-i-t-c","10":"product_tag-east-coast","11":"product_tag-golden-age","12":"product_tag-hardcore","13":"product_tag-hip-hop","14":"product_tag-lifestylez-ov-da-poor-dangerous","15":"product_tag-rap-us","16":"product_tag-reedition","17":"product_tag-remasterise","18":"product_tag-underground-fr","19":"product_shipping_class-2-lp","21":"first","22":"outofstock","23":"taxable","24":"shipping-taxable","25":"purchasable","26":"product-type-simple"},"aioseo_notices":[],"_links":{"self":[{"href":"https:\/\/hiphop4life.fr\/shop\/wp-json\/wp\/v2\/product\/71101","targetHints":{"allow":["GET"]}}],"collection":[{"href":"https:\/\/hiphop4life.fr\/shop\/wp-json\/wp\/v2\/product"}],"about":[{"href":"https:\/\/hiphop4life.fr\/shop\/wp-json\/wp\/v2\/types\/product"}],"replies":[{"embeddable":true,"href":"https:\/\/hiphop4life.fr\/shop\/wp-json\/wp\/v2\/comments?post=71101"}],"wp:featuredmedia":[{"embeddable":true,"href":"https:\/\/hiphop4life.fr\/shop\/wp-json\/wp\/v2\/media\/71103"}],"wp:attachment":[{"href":"https:\/\/hiphop4life.fr\/shop\/wp-json\/wp\/v2\/media?parent=71101"}],"wp:term":[{"taxonomy":"product_brand","embeddable":true,"href":"https:\/\/hiphop4life.fr\/shop\/wp-json\/wp\/v2\/product_brand?post=71101"},{"taxonomy":"product_cat","embeddable":true,"href":"https:\/\/hiphop4life.fr\/shop\/wp-json\/wp\/v2\/product_cat?post=71101"},{"taxonomy":"product_tag","embeddable":true,"href":"https:\/\/hiphop4life.fr\/shop\/wp-json\/wp\/v2\/product_tag?post=71101"}],"curies":[{"name":"wp","href":"https:\/\/api.w.org\/{rel}","templated":true}]}}