{"id":71146,"date":"2016-06-20T10:49:06","date_gmt":"2016-06-20T08:49:06","guid":{"rendered":"http:\/\/hiphop4life.fr\/shop\/?post_type=product&#038;p=71146"},"modified":"2022-01-17T16:06:30","modified_gmt":"2022-01-17T15:06:30","slug":"lupe-fiasco-the-cool-vinyle","status":"publish","type":"product","link":"https:\/\/hiphop4life.fr\/shop\/produit\/lupe-fiasco-the-cool-vinyle\/","title":{"rendered":"Lupe Fiasco &#8211; The Cool [Vinyle Transparent]"},"content":{"rendered":"<div class=\"wpb-content-wrapper\"><p>[vc_row][vc_column width=\u00a0\u00bb1\/1&Prime;][vc_column_text]<strong>Extrait de la chronique Hip-Hop 4 Life :<\/strong><\/p>\n<p>[&#8230;] Ce po\u00e8me urbain marquant du XXI\u00e8me si\u00e8cle allie une production sombre, \u00e9clectique et coh\u00e9rente \u00e0 un niveau lyrical rarement atteint m\u00ealant m\u00e9taphores, doubles sens et po\u00e9sie.<br \/>\nPlus mature, plus profond et plus ma\u00eetris\u00e9, ce second album r\u00e9ussit l&rsquo;exploit de surpasser le classique <em>Food &amp; Liquor<\/em>, un doubl\u00e9 qui donnera un statut particulier \u00e0 Lupe malgr\u00e9 une 2\u00e8me partie de carri\u00e8re rat\u00e9e.\u00a0[&#8230;]<\/p>\n<p>La chronique compl\u00e8te de\u00a0<em><strong>The Cool<\/strong><\/em>\u00a0\u00e0 lire <a href=\"http:\/\/hiphop4life.fr\/chroniques\/the-cool\/\">ici<\/a>.[\/vc_column_text][vc_single_image media=\u00a0\u00bb71155&Prime; media_width_percent=\u00a0\u00bb100&Prime;][vc_column_text]<iframe src=\"https:\/\/open.spotify.com\/embed\/album\/0MihD70HInk2rDaChdAdEy\" width=\"300\" height=\"380\" frameborder=\"0\"><\/iframe><\/p>\n<p><strong>Tracklist<\/strong><\/p>\n<p><em>1. \u00ab\u00a0Baba Says Cool for Thought\u00a0\u00bb<\/em><br \/>\n<em>2. \u00ab\u00a0Free Chilly\u00a0\u00bb (featuring Sarah Green and GemStones)<\/em><br \/>\n<em>3. \u00ab\u00a0Go Go Gadget Flow\u00a0\u00bb<\/em><br \/>\n<em>4. \u00ab\u00a0The Coolest\u00a0\u00bb<\/em><br \/>\n<em>5. \u00ab\u00a0Superstar\u00a0\u00bb (featuring Matthew Santos)<\/em><br \/>\n<em>6. \u00ab\u00a0Paris, Tokyo\u00a0\u00bb<\/em><br \/>\n<em>7. \u00ab\u00a0Hi-Definition\u00a0\u00bb (featuring Snoop Dogg and Pooh Bear)<\/em><br \/>\n<em>8. \u00ab\u00a0Gold Watch\u00a0\u00bb<\/em><br \/>\n<em>9. \u00ab\u00a0Hip-Hop Saved My Life\u00a0\u00bb (featuring Nikki Jean)<\/em><br \/>\n<em>10. \u00ab\u00a0Intruder Alert\u00a0\u00bb (featuring Sarah Green)<\/em><br \/>\n<em>11. \u00ab\u00a0Streets on Fire\u00a0\u00bb (featuring Matthew Santos)<\/em><br \/>\n<em>12. \u00ab\u00a0Little Weapon\u00a0\u00bb (featuring Bishop G and Nikki Jean)<\/em><br \/>\n<em>13. \u00ab\u00a0Gotta Eat\u00a0\u00bb<\/em><br \/>\n<em>14. \u00ab\u00a0Dumb It Down\u00a0\u00bb (featuring GemStones and Graham Burris)<\/em><br \/>\n<em>15. \u00ab\u00a0Hello \/ Goodbye (Uncool)\u00a0\u00bb (featuring Unkle)<\/em><br \/>\n<em>16. \u00ab\u00a0The Die\u00a0\u00bb (featuring GemStones)<\/em><br \/>\n<em>17. \u00ab\u00a0Put You on Game\u00a0\u00bb<\/em><br \/>\n<em>18. \u00ab\u00a0Fighters\u00a0\u00bb (featuring Matthew Santos)<\/em><br \/>\n<em>19. \u00ab\u00a0Go Baby\u00a0\u00bb (featuring GemStones)<\/em><\/p>\n<p>Les meilleurs sons de Lupe Fiasco sont \u00e0 retrouver dans la playlist Hip-Hop 4 Life : <a href=\"http:\/\/hiphop4life.fr\/chroniques\/playlists\/\">Chi-Raq<\/a>.[\/vc_column_text][\/vc_column][\/vc_row]<\/p>\n<\/div>","protected":false},"excerpt":{"rendered":"<p><strong>Album :<\/strong> The Cool<br \/>\n<strong>Artiste :<\/strong> Lupe Fiasco<br \/>\n<strong>Etat :<\/strong>\u00a0Neuf<br \/>\n<strong>Format :<\/strong>\u00a0Vinyle, 2 LP, Album<br \/>\n<strong>Label :<\/strong> Atlantic<br \/>\n<strong>Edition :<\/strong> R\u00e9\u00e9dition 2017 &#8211; 10\u00e8me Anniversaire &#8211; Vinyles transparents<br \/>\n<strong>Date de sortie :<\/strong>\u00a02007<br \/>\n<strong>Genre :<\/strong>\u00a0Hip-Hop\u00a0\/ Rap US \/ Rap Conscient<\/p>\n","protected":false},"featured_media":71148,"comment_status":"open","ping_status":"closed","template":"","meta":{"om_disable_all_campaigns":false,"_monsterinsights_skip_tracking":false,"_monsterinsights_sitenote_active":false,"_monsterinsights_sitenote_note":"","_monsterinsights_sitenote_category":0},"product_brand":[],"product_cat":[6172,6177],"product_tag":[5374,6127,5325,7593,5361,5326,7693,7595,9089],"class_list":{"0":"post-71146","1":"product","2":"type-product","3":"status-publish","4":"has-post-thumbnail","6":"product_cat-2000s","7":"product_cat-midwest","8":"product_tag-2000s","9":"product_tag-chicago","10":"product_tag-hip-hop","11":"product_tag-lupe-fiasco","12":"product_tag-rap-conscient","13":"product_tag-rap-us","14":"product_tag-reedition","15":"product_tag-the-cool","16":"product_tag-vinyle-colore","17":"product_shipping_class-2-lp","19":"first","20":"outofstock","21":"taxable","22":"shipping-taxable","23":"purchasable","24":"product-type-simple"},"aioseo_notices":[],"_links":{"self":[{"href":"https:\/\/hiphop4life.fr\/shop\/wp-json\/wp\/v2\/product\/71146","targetHints":{"allow":["GET"]}}],"collection":[{"href":"https:\/\/hiphop4life.fr\/shop\/wp-json\/wp\/v2\/product"}],"about":[{"href":"https:\/\/hiphop4life.fr\/shop\/wp-json\/wp\/v2\/types\/product"}],"replies":[{"embeddable":true,"href":"https:\/\/hiphop4life.fr\/shop\/wp-json\/wp\/v2\/comments?post=71146"}],"wp:featuredmedia":[{"embeddable":true,"href":"https:\/\/hiphop4life.fr\/shop\/wp-json\/wp\/v2\/media\/71148"}],"wp:attachment":[{"href":"https:\/\/hiphop4life.fr\/shop\/wp-json\/wp\/v2\/media?parent=71146"}],"wp:term":[{"taxonomy":"product_brand","embeddable":true,"href":"https:\/\/hiphop4life.fr\/shop\/wp-json\/wp\/v2\/product_brand?post=71146"},{"taxonomy":"product_cat","embeddable":true,"href":"https:\/\/hiphop4life.fr\/shop\/wp-json\/wp\/v2\/product_cat?post=71146"},{"taxonomy":"product_tag","embeddable":true,"href":"https:\/\/hiphop4life.fr\/shop\/wp-json\/wp\/v2\/product_tag?post=71146"}],"curies":[{"name":"wp","href":"https:\/\/api.w.org\/{rel}","templated":true}]}}