{"id":71162,"date":"2016-06-20T11:43:35","date_gmt":"2016-06-20T09:43:35","guid":{"rendered":"http:\/\/hiphop4life.fr\/shop\/?post_type=product&#038;p=71162"},"modified":"2022-01-17T16:06:08","modified_gmt":"2022-01-17T15:06:08","slug":"apollo-brown-oc-trophies-vinyle","status":"publish","type":"product","link":"https:\/\/hiphop4life.fr\/shop\/produit\/apollo-brown-oc-trophies-vinyle\/","title":{"rendered":"Apollo Brown &#038; O.C. &#8211; Trophies [Vinyle]"},"content":{"rendered":"<div class=\"wpb-content-wrapper\"><p>[vc_row][vc_column width=\u00a0\u00bb1\/1&Prime;][vc_column_text]<strong>Extrait de la chronique Hip-Hop 4 Life :<\/strong><\/p>\n<p>[&#8230;] <em>Apr\u00e8s J. Dilla, on peut affirmer avec certitude qu\u2019Apollo Brown est le nouveau beatmaker qui fait briller ce fantastique vivier rapologique qu\u2019est Detroit, un orf\u00e8vre de la musique qui suit la lign\u00e9e des grands producteurs new-yorkais en remettant le sampling boom bap au centre du beatmaking.<\/em><br \/>\n<em>En se t\u00e9lescopant avec N.Y. et sa l\u00e9gende O.C., le projet qui en r\u00e9sulte ne pouvait que s\u2019approcher de la perfection, lyricalement comme musicalement.<\/em>\u00a0[&#8230;]<\/p>\n<p>La chronique compl\u00e8te de\u00a0<em><strong>Trophies<\/strong><\/em>\u00a0\u00e0 lire <a href=\"http:\/\/hiphop4life.fr\/chroniques\/oc-apollo-brown-trophies\/\">ici<\/a>.[\/vc_column_text][vc_single_image media=\u00a0\u00bb71163&Prime; media_width_percent=\u00a0\u00bb100&Prime;][vc_column_text]<iframe src=\"https:\/\/open.spotify.com\/embed\/album\/7fiqvH6O6lAed1gIZWLydx\" width=\"300\" height=\"380\" frameborder=\"0\"><\/iframe><\/p>\n<p><strong>Tracklist<\/strong><\/p>\n<p><em>1. \u00ab\u00a0Trophies\u00a0\u00bb<\/em><br \/>\n<em>\u00ab\u00a0The Pursuit\u00a0\u00bb<\/em><br \/>\n<em>3. \u00ab\u00a0Prove Me Wrong\u00a0\u00bb<\/em><br \/>\n<em>4. \u00ab\u00a0Nautica\u00a0\u00bb<\/em><br \/>\n<em>5. \u00ab\u00a0Anotha One\u00a0\u00bb<\/em><br \/>\n<em>6. \u00ab\u00a0Disclaimer\u00a0\u00bb<\/em><br \/>\n<em>7. \u00ab\u00a0We the People\u00a0\u00bb<\/em><br \/>\n<em>8. \u00ab\u00a0Signs\u00a0\u00bb<\/em><br \/>\n<em>9. \u00ab\u00a0The First 48\u00a0\u00bb<\/em><br \/>\n<em>10. \u00ab\u00a0Angels Sing\u00a0\u00bb<\/em><br \/>\n<em>11. \u00ab\u00a0Just Walk\u00a0\u00bb<\/em><br \/>\n<em>12. \u00ab\u00a0The Formula\u00a0\u00bb<\/em><br \/>\n<em>13. \u00ab\u00a0People&rsquo;s Champ\u00a0\u00bb<\/em><br \/>\n<em>14. \u00ab\u00a0Options\u00a0\u00bb<\/em><br \/>\n<em>15. \u00ab\u00a0Caught Up\u00a0\u00bb<\/em><br \/>\n<em>16. \u00ab\u00a0Fantastic\u00a0\u00bb<\/em><\/p>\n<p>Les meilleurs sons d&rsquo;Apollo Brown &amp; O.C. sont \u00e0 retrouver dans la playlist Hip-Hop 4 Life : <a href=\"http:\/\/hiphop4life.fr\/chroniques\/playlists\/\">Live From The Underground<\/a>.[\/vc_column_text][\/vc_column][\/vc_row]<\/p>\n<\/div>","protected":false},"excerpt":{"rendered":"<p><strong>Album :<\/strong> Trophies (Dispo en pr\u00e9-commande)<br \/>\n<strong>Artiste :<\/strong> Apollo Brown &amp; O.C.<br \/>\n<strong>Etat :<\/strong>\u00a0Neuf<br \/>\n<strong>Format :<\/strong>\u00a0Vinyle, 2 LP, Album<br \/>\n<strong>Label :<\/strong> Mello Music Group<br \/>\n<strong>Edition :<\/strong> Originale<br \/>\n<strong>Date de sortie :<\/strong>\u00a02012<br \/>\n<strong>Genre :<\/strong>\u00a0Hip-Hop\u00a0\/ Rap US \/ East Coast \/ Underground<\/p>\n","protected":false},"featured_media":71164,"comment_status":"open","ping_status":"closed","template":"","meta":{"om_disable_all_campaigns":false,"_monsterinsights_skip_tracking":false,"_monsterinsights_sitenote_active":false,"_monsterinsights_sitenote_note":"","_monsterinsights_sitenote_category":0},"product_brand":[],"product_cat":[6174,6177],"product_tag":[7609,7191,6051,5337,5325,7607,7611,7701,5326,6986],"class_list":{"0":"post-71162","1":"product","2":"type-product","3":"status-publish","4":"has-post-thumbnail","6":"product_cat-east-coast","7":"product_cat-midwest","8":"product_tag-apollo-brown","9":"product_tag-d-i-t-c","10":"product_tag-detroit","11":"product_tag-east-coast","12":"product_tag-hip-hop","13":"product_tag-mello-music","14":"product_tag-oc","15":"product_tag-original","16":"product_tag-rap-us","17":"product_tag-underground-fr","18":"product_shipping_class-2-lp","20":"first","21":"outofstock","22":"taxable","23":"shipping-taxable","24":"purchasable","25":"product-type-simple"},"aioseo_notices":[],"_links":{"self":[{"href":"https:\/\/hiphop4life.fr\/shop\/wp-json\/wp\/v2\/product\/71162","targetHints":{"allow":["GET"]}}],"collection":[{"href":"https:\/\/hiphop4life.fr\/shop\/wp-json\/wp\/v2\/product"}],"about":[{"href":"https:\/\/hiphop4life.fr\/shop\/wp-json\/wp\/v2\/types\/product"}],"replies":[{"embeddable":true,"href":"https:\/\/hiphop4life.fr\/shop\/wp-json\/wp\/v2\/comments?post=71162"}],"wp:featuredmedia":[{"embeddable":true,"href":"https:\/\/hiphop4life.fr\/shop\/wp-json\/wp\/v2\/media\/71164"}],"wp:attachment":[{"href":"https:\/\/hiphop4life.fr\/shop\/wp-json\/wp\/v2\/media?parent=71162"}],"wp:term":[{"taxonomy":"product_brand","embeddable":true,"href":"https:\/\/hiphop4life.fr\/shop\/wp-json\/wp\/v2\/product_brand?post=71162"},{"taxonomy":"product_cat","embeddable":true,"href":"https:\/\/hiphop4life.fr\/shop\/wp-json\/wp\/v2\/product_cat?post=71162"},{"taxonomy":"product_tag","embeddable":true,"href":"https:\/\/hiphop4life.fr\/shop\/wp-json\/wp\/v2\/product_tag?post=71162"}],"curies":[{"name":"wp","href":"https:\/\/api.w.org\/{rel}","templated":true}]}}