{"id":71171,"date":"2016-06-20T12:12:47","date_gmt":"2016-06-20T10:12:47","guid":{"rendered":"http:\/\/hiphop4life.fr\/shop\/?post_type=product&#038;p=71171"},"modified":"2022-01-17T16:06:07","modified_gmt":"2022-01-17T15:06:07","slug":"boogie-down-productions-criminal-minded-vinyle","status":"publish","type":"product","link":"https:\/\/hiphop4life.fr\/shop\/produit\/boogie-down-productions-criminal-minded-vinyle\/","title":{"rendered":"Boogie Down Productions &#8211; Criminal Minded [Vinyle]"},"content":{"rendered":"<div class=\"wpb-content-wrapper\"><p>[vc_row][vc_column width=\u00a0\u00bb1\/1&Prime;][vc_single_image media=\u00a0\u00bb71172&Prime; media_width_percent=\u00a0\u00bb100&Prime;][vc_column_text]<\/p>\n<p><strong>Tracklist<\/strong><\/p>\n<p><em>1. Poetry<\/em><br \/>\n<em>2. South Bronx<\/em><br \/>\n<em>3. 9mm Goes Bang<\/em><br \/>\n<em>4. Word From Our Sponsor<\/em><br \/>\n<em>5. Elementary<\/em><br \/>\n<em>6. Dope Beat<\/em><br \/>\n<em>7. Remix For P Is Free<\/em><br \/>\n<em>8. The Bridge Is Over<\/em><br \/>\n<em>9. Super-Hoe<\/em><br \/>\n<em>10. Criminal Minded<\/em><br \/>\n<em>11. P Is Free (Original 12&Prime; Version)<\/em><\/p>\n<p>Les meilleurs sons rap old school \u00e0 \u00e9couter dans la playlist Hip-Hop 4 Life, <em><strong>Golden Age<\/strong><\/em>, dispo <a href=\"http:\/\/hiphop4life.fr\/chroniques\/playlists\/\">ici<\/a>.[\/vc_column_text][\/vc_column][\/vc_row]<\/p>\n<\/div>","protected":false},"excerpt":{"rendered":"<p><strong>Album :<\/strong> Criminal Minded<br \/>\n<strong>Artiste :<\/strong> Boogie Down Productions<br \/>\n<strong>Etat :<\/strong>\u00a0Neuf<br \/>\n<strong>Format :<\/strong>\u00a0Vinyle, 2 LP, Album<br \/>\n<strong>Label :<\/strong> B-Boy Records<br \/>\n<strong>Edition :<\/strong> R\u00e9\u00e9dition 2016 Remasteris\u00e9e<br \/>\n<strong>Date de sortie :<\/strong>\u00a01988<br \/>\n<strong>Genre :<\/strong>\u00a0Hip-Hop \/ Rap US \/ East Coast \/ Gangsta Rap \/ Hardcore<\/p>\n","protected":false},"featured_media":71173,"comment_status":"open","ping_status":"closed","template":"","meta":{"om_disable_all_campaigns":false,"_monsterinsights_skip_tracking":false,"_monsterinsights_sitenote_active":false,"_monsterinsights_sitenote_note":"","_monsterinsights_sitenote_category":0},"product_brand":[],"product_cat":[6174,6171],"product_tag":[6091,7620,5337,6110,5339,5871,5325,5410,5326,7693,7695],"class_list":{"0":"post-71171","1":"product","2":"type-product","3":"status-publish","4":"has-post-thumbnail","6":"product_cat-east-coast","7":"product_cat-golden-age","8":"product_tag-boogie-down-productions","9":"product_tag-criminal-minded","10":"product_tag-east-coast","11":"product_tag-gangsta-rap","12":"product_tag-golden-age","13":"product_tag-hardcore","14":"product_tag-hip-hop","15":"product_tag-krs-one","16":"product_tag-rap-us","17":"product_tag-reedition","18":"product_tag-remasterise","19":"product_shipping_class-2-lp","21":"first","22":"outofstock","23":"taxable","24":"shipping-taxable","25":"purchasable","26":"product-type-simple"},"aioseo_notices":[],"_links":{"self":[{"href":"https:\/\/hiphop4life.fr\/shop\/wp-json\/wp\/v2\/product\/71171","targetHints":{"allow":["GET"]}}],"collection":[{"href":"https:\/\/hiphop4life.fr\/shop\/wp-json\/wp\/v2\/product"}],"about":[{"href":"https:\/\/hiphop4life.fr\/shop\/wp-json\/wp\/v2\/types\/product"}],"replies":[{"embeddable":true,"href":"https:\/\/hiphop4life.fr\/shop\/wp-json\/wp\/v2\/comments?post=71171"}],"wp:featuredmedia":[{"embeddable":true,"href":"https:\/\/hiphop4life.fr\/shop\/wp-json\/wp\/v2\/media\/71173"}],"wp:attachment":[{"href":"https:\/\/hiphop4life.fr\/shop\/wp-json\/wp\/v2\/media?parent=71171"}],"wp:term":[{"taxonomy":"product_brand","embeddable":true,"href":"https:\/\/hiphop4life.fr\/shop\/wp-json\/wp\/v2\/product_brand?post=71171"},{"taxonomy":"product_cat","embeddable":true,"href":"https:\/\/hiphop4life.fr\/shop\/wp-json\/wp\/v2\/product_cat?post=71171"},{"taxonomy":"product_tag","embeddable":true,"href":"https:\/\/hiphop4life.fr\/shop\/wp-json\/wp\/v2\/product_tag?post=71171"}],"curies":[{"name":"wp","href":"https:\/\/api.w.org\/{rel}","templated":true}]}}