{"id":71408,"date":"2016-05-30T15:30:31","date_gmt":"2016-05-30T13:30:31","guid":{"rendered":"http:\/\/hiphop4life.fr\/shop\/?post_type=product&#038;p=71408"},"modified":"2022-01-17T16:10:42","modified_gmt":"2022-01-17T15:10:42","slug":"missy-elliott-supa-dupa-fly-vinyle","status":"publish","type":"product","link":"https:\/\/hiphop4life.fr\/shop\/produit\/missy-elliott-supa-dupa-fly-vinyle\/","title":{"rendered":"Missy Elliott &#8211; Supa Dupa Fly [Vinyle 20e Anniversaire]"},"content":{"rendered":"<div class=\"wpb-content-wrapper\"><p>[vc_row][vc_column width=\u00a0\u00bb1\/1&Prime;][vc_single_image media=\u00a0\u00bb71409&Prime; media_width_percent=\u00a0\u00bb100&Prime;][vc_column_text]<iframe src=\"https:\/\/embed.spotify.com\/?uri=spotify%3Aalbum%3A6UkdyvPElK6JDkyeRClbI2\" width=\"300\" height=\"380\" frameborder=\"0\"><\/iframe><\/p>\n<p><strong>Tracklist<\/strong><\/p>\n<p><em>1. \u00ab\u00a0Busta&rsquo;s Intro\u00a0\u00bb (featuring Busta Rhymes)<\/em><br \/>\n<em>2. \u00ab\u00a0Hit Em wit da Hee\u00a0\u00bb (featuring Lil&rsquo; Kim)<\/em><br \/>\n<em>3. \u00ab\u00a0Sock It 2 Me\u00a0\u00bb (featuring Da Brat)<\/em><br \/>\n<em>4. \u00ab\u00a0The Rain (Supa Dupa Fly)\u00a0\u00bb<\/em><br \/>\n<em>5. \u00ab\u00a0Beep Me 911\u00a0\u00bb (featuring 702)<\/em><br \/>\n<em>6. \u00ab\u00a0They Don&rsquo;t Wanna Fuck wit Me\u00a0\u00bb (featuring Timbaland)<\/em><br \/>\n<em>7. \u00ab\u00a0Pass da Blunt\u00a0\u00bb (featuring Timbaland)<\/em><br \/>\n<em>8. \u00ab\u00a0Bite Our Style (Interlude)\u00a0\u00bb<\/em><br \/>\n<em>9. \u00ab\u00a0Friendly Skies\u00a0\u00bb (featuring Ginuwine)<\/em><br \/>\n<em>10. \u00ab\u00a0Best Friends\u00a0\u00bb (featuring Aaliyah)<\/em><br \/>\n<em>11. \u00ab\u00a0Don&rsquo;t Be Commin&rsquo; (In My Face)\u00a0\u00bb<\/em><br \/>\n<em>12. \u00ab\u00a0Izzy Izzy Ahh\u00a0\u00bb<\/em><br \/>\n<em>13. \u00ab\u00a0Why You Hurt Me\u00a0\u00bb<\/em><br \/>\n<em>14. \u00ab\u00a0I&rsquo;m Talkin'\u00a0\u00bb<\/em><br \/>\n<em>15. \u00ab\u00a0Gettaway\u00a0\u00bb (featuring Space and Nicole)<\/em><br \/>\n<em>16. \u00ab\u00a0Busta&rsquo;s Outro\u00a0\u00bb (featuring Busta Rhymes)<\/em><br \/>\n<em>17. \u00ab\u00a0Missy&rsquo;s Finale\u00a0\u00bb<\/em><\/p>\n<p>Les meilleurs sons rap des ann\u00e9es 2000 sont \u00e0 \u00e9couter dans la playlist Hip-Hop 4 Life <a href=\"http:\/\/hiphop4life.fr\/chroniques\/playlists\/\">ici<\/a>.<em><br \/>\n<\/em>[\/vc_column_text][\/vc_column][\/vc_row]<\/p>\n<\/div>","protected":false},"excerpt":{"rendered":"<p><strong>Album :<\/strong> Supa Dupa Fly<br \/>\n<strong>Artiste :<\/strong>\u00a0Missy Elliott<br \/>\n<strong>Etat :<\/strong>\u00a0Neuf<br \/>\n<strong>Format :<\/strong>\u00a0Vinyle, 2 LP, Album<br \/>\n<strong>Label :<\/strong> Warner Music<br \/>\n<strong>Edition :<\/strong> R\u00e9\u00e9dition 2017 &#8211; 20\u00e8me Anniversaire &#8211; Vinyle Edition limit\u00e9e<br \/>\n<strong>Date de sortie :<\/strong>\u00a01997<br \/>\n<strong>Genre :<\/strong>\u00a0Hip-Hop \/ Rap US \/\u00a0R&amp;B<\/p>\n","protected":false},"featured_media":71410,"comment_status":"open","ping_status":"closed","template":"","meta":{"om_disable_all_campaigns":false,"_monsterinsights_skip_tracking":false,"_monsterinsights_sitenote_active":false,"_monsterinsights_sitenote_note":"","_monsterinsights_sitenote_category":0},"product_brand":[],"product_cat":[6171,6179],"product_tag":[7266,5339,5325,5515,5347,5326,7693,7732,5971],"class_list":{"0":"post-71408","1":"product","2":"type-product","3":"status-publish","4":"has-post-thumbnail","6":"product_cat-golden-age","7":"product_cat-soul-rnb","8":"product_tag-collector","9":"product_tag-golden-age","10":"product_tag-hip-hop","11":"product_tag-missy-elliott","12":"product_tag-r-n-b","13":"product_tag-rap-us","14":"product_tag-reedition","15":"product_tag-supa-dupa-fly","16":"product_tag-timbaland","17":"product_shipping_class-2-lp","19":"first","20":"outofstock","21":"taxable","22":"shipping-taxable","23":"purchasable","24":"product-type-simple"},"aioseo_notices":[],"_links":{"self":[{"href":"https:\/\/hiphop4life.fr\/shop\/wp-json\/wp\/v2\/product\/71408","targetHints":{"allow":["GET"]}}],"collection":[{"href":"https:\/\/hiphop4life.fr\/shop\/wp-json\/wp\/v2\/product"}],"about":[{"href":"https:\/\/hiphop4life.fr\/shop\/wp-json\/wp\/v2\/types\/product"}],"replies":[{"embeddable":true,"href":"https:\/\/hiphop4life.fr\/shop\/wp-json\/wp\/v2\/comments?post=71408"}],"wp:featuredmedia":[{"embeddable":true,"href":"https:\/\/hiphop4life.fr\/shop\/wp-json\/wp\/v2\/media\/71410"}],"wp:attachment":[{"href":"https:\/\/hiphop4life.fr\/shop\/wp-json\/wp\/v2\/media?parent=71408"}],"wp:term":[{"taxonomy":"product_brand","embeddable":true,"href":"https:\/\/hiphop4life.fr\/shop\/wp-json\/wp\/v2\/product_brand?post=71408"},{"taxonomy":"product_cat","embeddable":true,"href":"https:\/\/hiphop4life.fr\/shop\/wp-json\/wp\/v2\/product_cat?post=71408"},{"taxonomy":"product_tag","embeddable":true,"href":"https:\/\/hiphop4life.fr\/shop\/wp-json\/wp\/v2\/product_tag?post=71408"}],"curies":[{"name":"wp","href":"https:\/\/api.w.org\/{rel}","templated":true}]}}