{"id":71471,"date":"2021-10-26T15:31:09","date_gmt":"2021-10-26T13:31:09","guid":{"rendered":"http:\/\/hiphop4life.fr\/shop\/?post_type=product&#038;p=71471"},"modified":"2023-01-30T19:46:58","modified_gmt":"2023-01-30T18:46:58","slug":"atmosphere-overcast-vinyle","status":"publish","type":"product","link":"https:\/\/hiphop4life.fr\/shop\/produit\/atmosphere-overcast-vinyle\/","title":{"rendered":"Atmosphere &#8211; Overcast! [Vinyle]"},"content":{"rendered":"<div class=\"wpb-content-wrapper\"><p>[vc_row][vc_column width=\u00a0\u00bb1\/1&Prime;][vc_column_text uncode_shortcode_id=\u00a0\u00bb156856&Prime;]D\u00e9but des ann\u00e9es 90, loin des projecteurs braqu\u00e9s sur la guerre East\/West, un jeune groupe encha\u00eene les d\u00e9mos, lives et freestyles dans le froid de Minneapolis et y d\u00e9veloppe une sc\u00e8ne rap quasi inexistante.<\/p>\n<p>\u00c9paul\u00e9 par Spawn qui quittera le groupe ensuite, un MC pas encore tr\u00e8s s\u00fbr de lui nous transmet sa rage et sa sinc\u00e9rit\u00e9 sur les beats bien crades et hypnotiques d&rsquo;un DJ aux faux airs de Steven Seagal.<\/p>\n<p><em><strong>Overcast!<\/strong><\/em> est le premier album de ce duo l\u00e9gendaire de la sc\u00e8ne underground et aussi mon pr\u00e9f\u00e9r\u00e9 d&rsquo;<strong>Atmosphere<\/strong>.[\/vc_column_text][vc_single_image media=\u00a0\u00bb97316&Prime; media_width_percent=\u00a0\u00bb100&Prime; uncode_shortcode_id=\u00a0\u00bb981737&Prime;][vc_column_text uncode_shortcode_id=\u00a0\u00bb134923&Prime;]<iframe src=\"https:\/\/embed.spotify.com\/?uri=spotify%3Aalbum%3A2fvyHrHdHKlPsq9pJaWIPU\" width=\"300\" height=\"380\" frameborder=\"0\"><\/iframe><\/p>\n<p><strong>Tracklist<\/strong><\/p>\n<div class=\"description\">\n<div class=\"\">\n<ol class=\"\">\n<li>1597<\/li>\n<li>Brief Description<\/li>\n<li>Current Status (feat. Beyond)<\/li>\n<li>Complications<\/li>\n<li>4:30AM<\/li>\n<li>Adjust (feat. Beyond)<\/li>\n<li>Clay<\/li>\n<li>@<\/li>\n<li>Sound Is Vibration<\/li>\n<li>Multiples<\/li>\n<li>Scapegoat<\/li>\n<li>Ode To The Modern Man (Lightning Blend)<\/li>\n<li>WND<\/li>\n<li>Multiples (Reprise)<\/li>\n<li>Caved In<\/li>\n<li>Cuando Limpia El Humo<\/li>\n<li>The Outernet<\/li>\n<li>Untitled<\/li>\n<\/ol>\n<\/div>\n<\/div>\n<p>Les meilleurs sons d&rsquo;Atmosphere sont \u00e0 retrouver dans la playlist Hip-Hop 4 Life : <a href=\"http:\/\/hiphop4life.fr\/chroniques\/playlists\/\">GodLovesUgly<\/a>[\/vc_column_text][\/vc_column][\/vc_row]<\/p>\n<\/div>","protected":false},"excerpt":{"rendered":"<p><strong>Album :<\/strong> Overcast!<br \/>\n<strong>Artiste :<\/strong> Atmosphere<br \/>\n<strong>Etat :<\/strong>\u00a0Neuf<br \/>\n<strong>Format :<\/strong>\u00a0Vinyle, LP, Album<br \/>\n<strong>Label :<\/strong> Rhymesayers<br \/>\n<strong>Edition :<\/strong> R\u00e9\u00e9dition Officielle 2021<br \/>\n<strong>Date de sortie :<\/strong>\u00a01997<br \/>\n<strong>Genre :<\/strong>\u00a0Hip-Hop\u00a0\/ Rap US \/ Underground<\/p>\n","protected":false},"featured_media":71473,"comment_status":"open","ping_status":"closed","template":"","meta":{"om_disable_all_campaigns":false,"_monsterinsights_skip_tracking":false,"_monsterinsights_sitenote_active":false,"_monsterinsights_sitenote_note":"","_monsterinsights_sitenote_category":0},"product_brand":[],"product_cat":[6171,6177],"product_tag":[6938,7099,7266,5339,5325,7739,5326,7693,7695,6934,7101,7316,6986],"class_list":{"0":"post-71471","1":"product","2":"type-product","3":"status-publish","4":"has-post-thumbnail","6":"product_cat-golden-age","7":"product_cat-midwest","8":"product_tag-ant","9":"product_tag-atmosphere","10":"product_tag-collector","11":"product_tag-golden-age","12":"product_tag-hip-hop","13":"product_tag-overcast","14":"product_tag-rap-us","15":"product_tag-reedition","16":"product_tag-remasterise","17":"product_tag-rhymesayers","18":"product_tag-slug","19":"product_tag-spawn","20":"product_tag-underground-fr","21":"product_shipping_class-3-lp","23":"first","24":"instock","25":"taxable","26":"shipping-taxable","27":"purchasable","28":"product-type-simple"},"aioseo_notices":[],"_links":{"self":[{"href":"https:\/\/hiphop4life.fr\/shop\/wp-json\/wp\/v2\/product\/71471","targetHints":{"allow":["GET"]}}],"collection":[{"href":"https:\/\/hiphop4life.fr\/shop\/wp-json\/wp\/v2\/product"}],"about":[{"href":"https:\/\/hiphop4life.fr\/shop\/wp-json\/wp\/v2\/types\/product"}],"replies":[{"embeddable":true,"href":"https:\/\/hiphop4life.fr\/shop\/wp-json\/wp\/v2\/comments?post=71471"}],"wp:featuredmedia":[{"embeddable":true,"href":"https:\/\/hiphop4life.fr\/shop\/wp-json\/wp\/v2\/media\/71473"}],"wp:attachment":[{"href":"https:\/\/hiphop4life.fr\/shop\/wp-json\/wp\/v2\/media?parent=71471"}],"wp:term":[{"taxonomy":"product_brand","embeddable":true,"href":"https:\/\/hiphop4life.fr\/shop\/wp-json\/wp\/v2\/product_brand?post=71471"},{"taxonomy":"product_cat","embeddable":true,"href":"https:\/\/hiphop4life.fr\/shop\/wp-json\/wp\/v2\/product_cat?post=71471"},{"taxonomy":"product_tag","embeddable":true,"href":"https:\/\/hiphop4life.fr\/shop\/wp-json\/wp\/v2\/product_tag?post=71471"}],"curies":[{"name":"wp","href":"https:\/\/api.w.org\/{rel}","templated":true}]}}