{"id":71510,"date":"2016-11-02T13:16:20","date_gmt":"2016-11-02T12:16:20","guid":{"rendered":"http:\/\/hiphop4life.fr\/shop\/?post_type=product&#038;p=71510"},"modified":"2022-01-17T16:03:18","modified_gmt":"2022-01-17T15:03:18","slug":"above-the-law-livin-like-hustlers-vinyle","status":"publish","type":"product","link":"https:\/\/hiphop4life.fr\/shop\/produit\/above-the-law-livin-like-hustlers-vinyle\/","title":{"rendered":"Above The Law &#8211; Livin&rsquo; Like Hustlers [Vinyle Blanc]"},"content":{"rendered":"<div class=\"wpb-content-wrapper\"><p>[vc_row][vc_column width=\u00a0\u00bb1\/1&Prime;][vc_single_image media=\u00a0\u00bb71515&Prime; media_width_percent=\u00a0\u00bb100&Prime;][vc_column_text]<iframe src=\"https:\/\/open.spotify.com\/embed\/album\/1IeZPlTQ4xjVJPXi0jj4qB\" width=\"300\" height=\"380\" frameborder=\"0\"><\/iframe><\/p>\n<p><strong>Tracklist<\/strong><\/p>\n<p><em>1. Murder Rap<\/em><br \/>\n<em>2. Untouchable<\/em><br \/>\n<em>3. Livin&rsquo; Like Hustlers<\/em><br \/>\n<em>4. Another Execution<\/em><br \/>\n<em>5. Menace To Society<\/em><br \/>\n<em>6. Just Kickin&rsquo; Lyrics (Ft. Dr. Dre)<\/em><br \/>\n<em>7. Ballin&rsquo;<\/em><br \/>\n<em>8. Freedom of Speech<\/em><br \/>\n<em>9. Flow On (Move Me No Mountain) (Ft. Dr. Dre)<\/em><br \/>\n<em>10. The Last Song (Ft. N.W.A)<\/em>[\/vc_column_text][\/vc_column][\/vc_row]<\/p>\n<\/div>","protected":false},"excerpt":{"rendered":"<p><strong>Album :<\/strong> Livin&rsquo; Like Hustlers<br \/>\n<strong>Artiste :<\/strong> Above The Law<br \/>\n<strong>Etat :<\/strong>\u00a0Neuf<br \/>\n<strong>Format :<\/strong>\u00a0Vinyle, LP, Album<br \/>\n<strong>Label :<\/strong> Ruthless Records<br \/>\n<strong>Edition :<\/strong> R\u00e9\u00e9dition 2016 Music On Vinyl &#8211; 180g Audiophile &#8211; Vinyle Blanc &#8211; \u00c9dition Limit\u00e9e<br \/>\n<strong>Date de sortie :<\/strong>\u00a01990<br \/>\n<strong>Genre :<\/strong>\u00a0Hip-Hop\u00a0\/ Rap US \/ West Coast \/ Gangsta Rap \/ G-Funk<\/p>\n","protected":false},"featured_media":71511,"comment_status":"open","ping_status":"closed","template":"","meta":{"om_disable_all_campaigns":false,"_monsterinsights_skip_tracking":false,"_monsterinsights_sitenote_active":false,"_monsterinsights_sitenote_note":"","_monsterinsights_sitenote_category":0},"product_brand":[],"product_cat":[6171,6175],"product_tag":[7705,7746,7427,5344,9091,5340,6110,5339,5325,7748,5326,7693,7762,6986,9089,5328],"class_list":{"0":"post-71510","1":"product","2":"type-product","3":"status-publish","4":"has-post-thumbnail","6":"product_cat-golden-age","7":"product_cat-west-coast","8":"product_tag-180g","9":"product_tag-above-the-law","10":"product_tag-death-row","11":"product_tag-dr-dre","12":"product_tag-edition-limitee","13":"product_tag-g-funk","14":"product_tag-gangsta-rap","15":"product_tag-golden-age","16":"product_tag-hip-hop","17":"product_tag-livin-like-hustlers","18":"product_tag-rap-us","19":"product_tag-reedition","20":"product_tag-ruthless-records","21":"product_tag-underground-fr","22":"product_tag-vinyle-colore","23":"product_tag-west-coast","24":"product_shipping_class-lp","26":"first","27":"outofstock","28":"taxable","29":"shipping-taxable","30":"purchasable","31":"product-type-simple"},"aioseo_notices":[],"_links":{"self":[{"href":"https:\/\/hiphop4life.fr\/shop\/wp-json\/wp\/v2\/product\/71510","targetHints":{"allow":["GET"]}}],"collection":[{"href":"https:\/\/hiphop4life.fr\/shop\/wp-json\/wp\/v2\/product"}],"about":[{"href":"https:\/\/hiphop4life.fr\/shop\/wp-json\/wp\/v2\/types\/product"}],"replies":[{"embeddable":true,"href":"https:\/\/hiphop4life.fr\/shop\/wp-json\/wp\/v2\/comments?post=71510"}],"wp:featuredmedia":[{"embeddable":true,"href":"https:\/\/hiphop4life.fr\/shop\/wp-json\/wp\/v2\/media\/71511"}],"wp:attachment":[{"href":"https:\/\/hiphop4life.fr\/shop\/wp-json\/wp\/v2\/media?parent=71510"}],"wp:term":[{"taxonomy":"product_brand","embeddable":true,"href":"https:\/\/hiphop4life.fr\/shop\/wp-json\/wp\/v2\/product_brand?post=71510"},{"taxonomy":"product_cat","embeddable":true,"href":"https:\/\/hiphop4life.fr\/shop\/wp-json\/wp\/v2\/product_cat?post=71510"},{"taxonomy":"product_tag","embeddable":true,"href":"https:\/\/hiphop4life.fr\/shop\/wp-json\/wp\/v2\/product_tag?post=71510"}],"curies":[{"name":"wp","href":"https:\/\/api.w.org\/{rel}","templated":true}]}}