{"id":71560,"date":"2016-03-27T17:00:48","date_gmt":"2016-03-27T15:00:48","guid":{"rendered":"http:\/\/hiphop4life.fr\/shop\/?post_type=product&#038;p=71560"},"modified":"2022-02-07T12:16:10","modified_gmt":"2022-02-07T11:16:10","slug":"nwa-niggaz4life-vinyle","status":"publish","type":"product","link":"https:\/\/hiphop4life.fr\/shop\/produit\/nwa-niggaz4life-vinyle\/","title":{"rendered":"NWA &#8211; Niggaz4life [Vinyle]"},"content":{"rendered":"<div class=\"wpb-content-wrapper\"><p>[vc_row][vc_column width=\u00a0\u00bb1\/1&Prime;][vc_column_text]On ne pr\u00e9sente plus le groupe le plus dangereux du monde, Dr. Dre, Ice Cube, Eazy-E, MC Ren, Arabian Prince\u00a0et DJ Yella ont grav\u00e9 au fer rouge Compton sur la carte du rap, pionniers du Gangsta Rap, ils ont traumatis\u00e9 les Etats-Unis avec l&rsquo;explicite\u00a0<em>Fuck Tha Police<\/em>.<br \/>\nIls ont influenc\u00e9 plusieurs g\u00e9n\u00e9rations de rappeurs de Pac \u00e0 Snoop en passant par The Game ou encore Kendrick Lamar.<br \/>\nLes salves microphoniques des l\u00e9gendes Ice Cube et Eazy-E n&rsquo;avaient d&rsquo;\u00e9gal que la puissance des beats brutes et chaotiques du jeune Dr. Dre.[\/vc_column_text][vc_single_image media=\u00a0\u00bb71562&Prime; media_width_percent=\u00a0\u00bb100&Prime;][vc_column_text]<iframe src=\"https:\/\/embed.spotify.com\/?uri=spotify%3Aalbum%3A3OSID3YChn6nOjfUAlSXQZ\" width=\"300\" height=\"380\" frameborder=\"0\"><span data-mce-type=\"bookmark\" style=\"display: inline-block; width: 0px; overflow: hidden; line-height: 0;\" class=\"mce_SELRES_start\">\ufeff<\/span><\/iframe><\/p>\n<p><strong>Tracklist<\/strong><\/p>\n<p><em>1. Prelude<\/em><br \/>\n<em>2. Real Niggaz Don&rsquo;t Die<\/em><br \/>\n<em>3. Niggaz 4 Life<\/em><br \/>\n<em>4. Protest (interlude)<\/em><br \/>\n<em>5. Appetite for Destruction<\/em><br \/>\n<em>6. Don&rsquo;t Drink That Wine (interlude)<\/em><br \/>\n<em>7. Alwayz into Somethin&rsquo;<\/em><br \/>\n<em>8. Message to B.A. (interlude)<\/em><br \/>\n<em>9. Real Niggaz<\/em><br \/>\n<em>10. To Kill a Hooker (interlude)<\/em><br \/>\n<em>11. One Less Bitch<\/em><br \/>\n<em>12. Findum, Fuckum &amp; Flee<\/em><br \/>\n<em>13. Automobile<\/em><br \/>\n<em>14. She Swallowed It<\/em><br \/>\n<em>15. I&rsquo;d Rather Fuck You<\/em><br \/>\n<em>16. Approach to Danger<\/em><br \/>\n<em>17. 1-900-2-Compton (interlude)<\/em><br \/>\n<em>18. The Dayz of Wayback<\/em><\/p>\n<p>Les\u00a0meilleurs sons <strong>West Coast<\/strong>\u00a0\u00e0 retrouver dans la playlist <a href=\"http:\/\/hiphop4life.fr\/chroniques\/playlists\/\">2 Live N Die In L.A.<br \/>\n<\/a><\/p>\n<p>La chronique du dernier album de <strong>Dr. Dre<\/strong>, <em><strong>Compton<\/strong><\/em>, est \u00e0 lire sur Hip-Hop 4 Life <a href=\"http:\/\/hiphop4life.fr\/chroniques\/dr-dre-compton-chronique\/\">ici<\/a>.<\/p>\n<p><em>\u00a0<\/em>[\/vc_column_text][\/vc_column][\/vc_row]<\/p>\n<\/div>","protected":false},"excerpt":{"rendered":"<p><strong>Album :<\/strong>\u00a0Niggaz4life<br \/>\n<strong>Artiste :<\/strong>\u00a0NWA &#8211; Dr. Dre \/ Ice Cube \/ Eazy-E \/ Dj Yella \/ MC Ren<br \/>\n<strong>Etat :<\/strong>\u00a0Neuf<br \/>\n<strong>Format :<\/strong>\u00a0Vinyle, LP, Album<br \/>\n<strong>Label :<\/strong>\u00a0Ruthless Records<br \/>\n<strong>Edition :<\/strong> R\u00e9\u00e9dition 2015 \u00ab\u00a0Back To Black\u00a0\u00bb &#8211; 180g Audiophile<br \/>\n<strong>Date de sortie :<\/strong>\u00a01991<br \/>\n<strong>Genre :<\/strong>\u00a0Hip-Hop \/ Rap US \/ Gangsta Rap \/\u00a0West\u00a0Coast \/ Hardcore<\/p>\n","protected":false},"featured_media":71563,"comment_status":"open","ping_status":"closed","template":"","meta":{"om_disable_all_campaigns":false,"_monsterinsights_skip_tracking":false,"_monsterinsights_sitenote_active":false,"_monsterinsights_sitenote_note":"","_monsterinsights_sitenote_category":0},"product_brand":[],"product_cat":[6171,6175],"product_tag":[7705,5344,5386,7792,6110,5339,5871,5325,5385,7790,5383,5326,7693,5328],"class_list":{"0":"post-71560","1":"product","2":"type-product","3":"status-publish","4":"has-post-thumbnail","6":"product_cat-golden-age","7":"product_cat-west-coast","8":"product_tag-180g","9":"product_tag-dr-dre","10":"product_tag-eazy-e","11":"product_tag-efil4zaggin","12":"product_tag-gangsta-rap","13":"product_tag-golden-age","14":"product_tag-hardcore","15":"product_tag-hip-hop","16":"product_tag-ice-cube","17":"product_tag-niggaz4life","18":"product_tag-nwa","19":"product_tag-rap-us","20":"product_tag-reedition","21":"product_tag-west-coast","22":"product_shipping_class-lp","24":"first","25":"outofstock","26":"taxable","27":"shipping-taxable","28":"purchasable","29":"product-type-simple"},"aioseo_notices":[],"_links":{"self":[{"href":"https:\/\/hiphop4life.fr\/shop\/wp-json\/wp\/v2\/product\/71560","targetHints":{"allow":["GET"]}}],"collection":[{"href":"https:\/\/hiphop4life.fr\/shop\/wp-json\/wp\/v2\/product"}],"about":[{"href":"https:\/\/hiphop4life.fr\/shop\/wp-json\/wp\/v2\/types\/product"}],"replies":[{"embeddable":true,"href":"https:\/\/hiphop4life.fr\/shop\/wp-json\/wp\/v2\/comments?post=71560"}],"wp:featuredmedia":[{"embeddable":true,"href":"https:\/\/hiphop4life.fr\/shop\/wp-json\/wp\/v2\/media\/71563"}],"wp:attachment":[{"href":"https:\/\/hiphop4life.fr\/shop\/wp-json\/wp\/v2\/media?parent=71560"}],"wp:term":[{"taxonomy":"product_brand","embeddable":true,"href":"https:\/\/hiphop4life.fr\/shop\/wp-json\/wp\/v2\/product_brand?post=71560"},{"taxonomy":"product_cat","embeddable":true,"href":"https:\/\/hiphop4life.fr\/shop\/wp-json\/wp\/v2\/product_cat?post=71560"},{"taxonomy":"product_tag","embeddable":true,"href":"https:\/\/hiphop4life.fr\/shop\/wp-json\/wp\/v2\/product_tag?post=71560"}],"curies":[{"name":"wp","href":"https:\/\/api.w.org\/{rel}","templated":true}]}}