{"id":71690,"date":"2016-11-02T15:24:43","date_gmt":"2016-11-02T14:24:43","guid":{"rendered":"http:\/\/hiphop4life.fr\/shop\/?post_type=product&#038;p=71690"},"modified":"2022-01-17T16:02:52","modified_gmt":"2022-01-17T15:02:52","slug":"jonwayne-rap-album-two-vinyle","status":"publish","type":"product","link":"https:\/\/hiphop4life.fr\/shop\/produit\/jonwayne-rap-album-two-vinyle\/","title":{"rendered":"Jonwayne &#8211; Rap Album Two [Vinyle]"},"content":{"rendered":"<div class=\"wpb-content-wrapper\"><p>[vc_row][vc_column width=\u00a0\u00bb1\/1&Prime;][vc_column_text]<strong>Jonwayne<\/strong> n&rsquo;a clairement pas la d\u00e9gaine du rappeur type, il s&rsquo;en amuse d&rsquo;ailleurs dans le freestyle\/sketch,\u00a0<em><strong>\u00ab\u00a0Live From The Fuck You\u00a0\u00bb<\/strong><\/em>.<br \/>\nSa musique n&rsquo;a elle non plus rien \u00e0 voir avec les standards du rapgame, ici pas de lignes de basses muscl\u00e9es, pas de 808 sous coke, pas de bling bling et pas d&rsquo;\u00e9gotrip, le rappeur va m\u00eame jusqu&rsquo;\u00e0 saboter son \u00ab\u00a0single\u00a0\u00bb, il n&rsquo;en a que faire de la structure classique des morceaux, certains n&rsquo;ont pas de refrain, certains durent 1 minute 30, d&rsquo;autres 7 minutes, peu importe, le v\u00e9ritable art n&rsquo;est pas format\u00e9.<\/p>\n<p><strong>Jonwayne<\/strong> nous livre un album tr\u00e8s personnel qui revient sur sa travers\u00e9e du d\u00e9sert apr\u00e8s son premier album, une phase de sa vie durant laquelle il a sombr\u00e9 dans l&rsquo;alcool et la d\u00e9pression.<\/p>\n<p>Sa voix rocailleuse semble porter le poids des ann\u00e9es alors qu&rsquo;il n&rsquo;en a que 27, sa musique est m\u00e9lancolique mais lumineuse, sombre mais brillante, ambitieuse dans sa structure, intimiste dans ses sonorit\u00e9s, <em><strong>Rap Album Two\u00a0<\/strong><\/em> est un moment rare, celui o\u00f9 l&rsquo;artiste arrive enfin \u00e0 mettre son \u00e2me dans sa musique.[\/vc_column_text][vc_single_image media=\u00a0\u00bb71691&Prime; media_width_percent=\u00a0\u00bb100&Prime;][vc_column_text]<iframe src=\"https:\/\/embed.spotify.com\/?uri=spotify%3Aalbum%3A0qbfYiC2wnBPyCqtAeyKj8\" width=\"300\" height=\"380\" frameborder=\"0\"><\/iframe><\/p>\n<p><strong>Tracklist<\/strong><\/p>\n<p><em>1. \u00ab\u00a0TED Talk\u00a0\u00bb\u00a0(featuring\u00a0D-Styles)<\/em><br \/>\n<em>2. \u00ab\u00a0Live from the Fuck You\u00a0\u00bb<\/em><br \/>\n<em>3. \u00ab\u00a0Human Condition\u00a0\u00bb<\/em><br \/>\n<em>4. \u00ab\u00a0Out of Sight\u00a0\u00bb<\/em><br \/>\n<em>5. \u00ab\u00a0The Single\u00a0\u00bb<\/em><br \/>\n<em>6. \u00ab\u00a0Paper\u00a0\u00bb\u00a0(featuring Shango)<\/em><br \/>\n<em>7. \u00ab\u00a0City Lights\u00a0\u00bb<\/em><br \/>\n<em>8. \u00ab\u00a0Rainbow\u00a0\u00bb\u00a0(featuring Danny Watts)<\/em><br \/>\n<em>9. \u00ab\u00a0Afraid of Us\u00a0\u00bb\u00a0(featuring Zeroh)<\/em><br \/>\n<em>10. \u00ab\u00a0Blue Green\u00a0\u00bb\u00a0(featuring Low Leaf)<\/em><br \/>\n<em>11. \u00ab\u00a0Hills\u00a0\u00bb\u00a0(featuring Zeroh)<\/em><br \/>\n<em>12. \u00ab\u00a0These Words Are Everything\u00a0\u00bb<\/em>[\/vc_column_text][\/vc_column][\/vc_row]<\/p>\n<\/div>","protected":false},"excerpt":{"rendered":"<p><strong>Album :<\/strong> Rap Album Two<br \/>\n<strong>Artiste :<\/strong>\u00a0Jonwayne<br \/>\n<strong>Etat :<\/strong>\u00a0Neuf<br \/>\n<strong>Format :<\/strong>\u00a0Vinyle, LP, Album<br \/>\n<strong>Label :<\/strong> Authors Recording Company<br \/>\n<strong>Edition :<\/strong> Original &#8211; 180g<br \/>\n<strong>Date de sortie :<\/strong>\u00a02017<br \/>\n<strong>Genre :<\/strong>\u00a0Hip-Hop \/ Rap US \/ Rap Conscient \/ Underground \/ Rap Alternatif<\/p>\n","protected":false},"featured_media":71692,"comment_status":"open","ping_status":"closed","template":"","meta":{"om_disable_all_campaigns":false,"_monsterinsights_skip_tracking":false,"_monsterinsights_sitenote_active":false,"_monsterinsights_sitenote_note":"","_monsterinsights_sitenote_category":0},"product_brand":[],"product_cat":[9206,6175],"product_tag":[7705,8273,5325,7907,7701,7909,7145,5361,5326,6986],"class_list":{"0":"post-71690","1":"product","2":"type-product","3":"status-publish","4":"has-post-thumbnail","6":"product_cat-new-school","7":"product_cat-west-coast","8":"product_tag-180g","9":"product_tag-hh4l-awards-2017-fr","10":"product_tag-hip-hop","11":"product_tag-jonwayne","12":"product_tag-original","13":"product_tag-rap-album-two","14":"product_tag-rap-alternatif","15":"product_tag-rap-conscient","16":"product_tag-rap-us","17":"product_tag-underground-fr","18":"product_shipping_class-2-lp","20":"first","21":"outofstock","22":"taxable","23":"shipping-taxable","24":"purchasable","25":"product-type-simple"},"aioseo_notices":[],"_links":{"self":[{"href":"https:\/\/hiphop4life.fr\/shop\/wp-json\/wp\/v2\/product\/71690","targetHints":{"allow":["GET"]}}],"collection":[{"href":"https:\/\/hiphop4life.fr\/shop\/wp-json\/wp\/v2\/product"}],"about":[{"href":"https:\/\/hiphop4life.fr\/shop\/wp-json\/wp\/v2\/types\/product"}],"replies":[{"embeddable":true,"href":"https:\/\/hiphop4life.fr\/shop\/wp-json\/wp\/v2\/comments?post=71690"}],"wp:featuredmedia":[{"embeddable":true,"href":"https:\/\/hiphop4life.fr\/shop\/wp-json\/wp\/v2\/media\/71692"}],"wp:attachment":[{"href":"https:\/\/hiphop4life.fr\/shop\/wp-json\/wp\/v2\/media?parent=71690"}],"wp:term":[{"taxonomy":"product_brand","embeddable":true,"href":"https:\/\/hiphop4life.fr\/shop\/wp-json\/wp\/v2\/product_brand?post=71690"},{"taxonomy":"product_cat","embeddable":true,"href":"https:\/\/hiphop4life.fr\/shop\/wp-json\/wp\/v2\/product_cat?post=71690"},{"taxonomy":"product_tag","embeddable":true,"href":"https:\/\/hiphop4life.fr\/shop\/wp-json\/wp\/v2\/product_tag?post=71690"}],"curies":[{"name":"wp","href":"https:\/\/api.w.org\/{rel}","templated":true}]}}