{"id":71753,"date":"2021-01-07T16:08:51","date_gmt":"2021-01-07T15:08:51","guid":{"rendered":"http:\/\/hiphop4life.fr\/shop\/?post_type=product&#038;p=71753"},"modified":"2022-01-17T15:52:56","modified_gmt":"2022-01-17T14:52:56","slug":"big-k-r-i-t-krit-wuz-here-vinyle","status":"publish","type":"product","link":"https:\/\/hiphop4life.fr\/shop\/produit\/big-k-r-i-t-krit-wuz-here-vinyle\/","title":{"rendered":"Big K.R.I.T. &#8211; K.R.I.T. Wuz Here [Vinyle 10e Anniversaire Bleu &#038; Dor\u00e9]"},"content":{"rendered":"<div class=\"wpb-content-wrapper\"><p>[vc_row][vc_column width=\u00a0\u00bb1\/1&Prime;][vc_single_image media=\u00a0\u00bb95111&Prime; media_width_percent=\u00a0\u00bb100&Prime;][vc_column_text]<iframe src=\"https:\/\/open.spotify.com\/embed\/album\/4BNn0iDp2vEkwb5N7ziPvJ\" width=\"300\" height=\"380\" frameborder=\"0\"><\/iframe><\/p>\n<p><strong>Tracklist<\/strong><\/p>\n<p><em>1. \u00ab\u00a0Return of 4eva\u00a0\u00bb (featuring Big Sant)<\/em><br \/>\n<em>2. \u00ab\u00a0Viktorious\u00a0\u00bb<\/em><br \/>\n<em>3. \u00ab\u00a0Glass House\u00a0\u00bb (featuring Curren$y &amp; Wiz Khalifa)<\/em><br \/>\n<em>4. \u00ab\u00a0Children of the World\u00a0\u00bb<\/em><br \/>\n<em>5. \u00ab\u00a0They Got US\u00a0\u00bb<\/em><br \/>\n<em>6. \u00ab\u00a0Good Enough\u00a0\u00bb<\/em><br \/>\n<em>7. \u00ab\u00a0No Wheaties\u00a0\u00bb (featuring Curren$y &amp; Smoke DZA)<\/em><br \/>\n<em>8. \u00ab\u00a0Something got a hold\u00a0\u00bb<\/em><br \/>\n<em>9. \u00ab\u00a0Neva Go Back\u00a0\u00bb<\/em><br \/>\n<em>10. \u00ab\u00a0Gumpshun\u00a0\u00bb<\/em><br \/>\n<em>11. \u00ab\u00a02000 &amp; Beyond\u00a0\u00bb<\/em><br \/>\n<em>12. \u00ab\u00a0I Gotta Stay\u00a0\u00bb<\/em><br \/>\n<em>13. \u00ab\u00a0As Small As a Giant\u00a0\u00bb<\/em><br \/>\n<em>14. \u00ab\u00a0Voices\u00a0\u00bb<\/em><br \/>\n<em>15. \u00ab\u00a0Talk To Them\u00a0\u00bb (Bonus Track)<br \/>\n16. \u00ab\u00a0Cold Game\u00a0\u00bb (Bonus Track)<br \/>\n17. \u00ab\u00a0Get Over\u00a0\u00bb (Bonus Track)<br \/>\n18. \u00ab\u00a0Make Sense\u00a0\u00bb (Bonus Track)<\/em>[\/vc_column_text][\/vc_column][\/vc_row]<\/p>\n<\/div>","protected":false},"excerpt":{"rendered":"<p><strong>Album :<\/strong> K.R.I.T. Wuz Here<br \/>\n<strong>Artiste :<\/strong> Big K.R.I.T.<br \/>\n<strong>Etat :<\/strong>\u00a0Neuf<br \/>\n<strong>Format :<\/strong>\u00a0Vinyle, 2 LP, Album<br \/>\n<strong>Label :<\/strong> Cinematic Music Group<br \/>\n<strong>Edition :<\/strong> R\u00e9\u00e9dition Collector 10e Anniversaire &#8211; Vinyle Bleu &amp; Dor\u00e9 &#8211; 4 Bonus Tracks<br \/>\n<strong>Date de sortie :<\/strong>\u00a02010<br \/>\n<strong>Genre :<\/strong>\u00a0Hip-Hop \/ Rap US \/ Dirty South \/ Underground<\/p>\n","protected":false},"featured_media":95112,"comment_status":"open","ping_status":"closed","template":"","meta":{"om_disable_all_campaigns":false,"_monsterinsights_skip_tracking":false,"_monsterinsights_sitenote_active":false,"_monsterinsights_sitenote_note":"","_monsterinsights_sitenote_category":0},"product_brand":[],"product_cat":[6176,9206],"product_tag":[7339,7266,5372,5325,7963,5855,7701,5326,6986,9089],"class_list":{"0":"post-71753","1":"product","2":"type-product","3":"status-publish","4":"has-post-thumbnail","6":"product_cat-dirty-south","7":"product_cat-new-school","8":"product_tag-big-krit","9":"product_tag-collector","10":"product_tag-dirty-south","11":"product_tag-hip-hop","12":"product_tag-k-r-i-t-wuz-here","13":"product_tag-new-school","14":"product_tag-original","15":"product_tag-rap-us","16":"product_tag-underground-fr","17":"product_tag-vinyle-colore","18":"product_shipping_class-2-lp","20":"first","21":"instock","22":"taxable","23":"shipping-taxable","24":"purchasable","25":"product-type-simple"},"aioseo_notices":[],"_links":{"self":[{"href":"https:\/\/hiphop4life.fr\/shop\/wp-json\/wp\/v2\/product\/71753","targetHints":{"allow":["GET"]}}],"collection":[{"href":"https:\/\/hiphop4life.fr\/shop\/wp-json\/wp\/v2\/product"}],"about":[{"href":"https:\/\/hiphop4life.fr\/shop\/wp-json\/wp\/v2\/types\/product"}],"replies":[{"embeddable":true,"href":"https:\/\/hiphop4life.fr\/shop\/wp-json\/wp\/v2\/comments?post=71753"}],"wp:featuredmedia":[{"embeddable":true,"href":"https:\/\/hiphop4life.fr\/shop\/wp-json\/wp\/v2\/media\/95112"}],"wp:attachment":[{"href":"https:\/\/hiphop4life.fr\/shop\/wp-json\/wp\/v2\/media?parent=71753"}],"wp:term":[{"taxonomy":"product_brand","embeddable":true,"href":"https:\/\/hiphop4life.fr\/shop\/wp-json\/wp\/v2\/product_brand?post=71753"},{"taxonomy":"product_cat","embeddable":true,"href":"https:\/\/hiphop4life.fr\/shop\/wp-json\/wp\/v2\/product_cat?post=71753"},{"taxonomy":"product_tag","embeddable":true,"href":"https:\/\/hiphop4life.fr\/shop\/wp-json\/wp\/v2\/product_tag?post=71753"}],"curies":[{"name":"wp","href":"https:\/\/api.w.org\/{rel}","templated":true}]}}