{"id":71897,"date":"2017-12-24T15:12:27","date_gmt":"2017-12-24T14:12:27","guid":{"rendered":"http:\/\/hiphop4life.fr\/shop\/?post_type=product&#038;p=71897"},"modified":"2022-01-17T15:59:19","modified_gmt":"2022-01-17T14:59:19","slug":"dizzee-rascal-raskit-vinyle","status":"publish","type":"product","link":"https:\/\/hiphop4life.fr\/shop\/produit\/dizzee-rascal-raskit-vinyle\/","title":{"rendered":"Dizzee Rascal &#8211; Raskit [Vinyle]"},"content":{"rendered":"<div class=\"wpb-content-wrapper\"><p>[vc_row][vc_column width=\u00a0\u00bb1\/1&Prime;][vc_column_text]C&rsquo;est toujours la comp\u00e9tition qui te pousse \u00e0 sortir le meilleur de toi m\u00eame, <strong>Dizzee Rascal<\/strong> s&rsquo;\u00e9tait un peu perdu sur ses derniers projets, le retour du Grime Rap avec des albums spectaculaires comme <a href=\"http:\/\/hiphop4life.fr\/news\/skepta-konnichiwa-chronique-stream\/\"><em><strong>Konnichiwa<\/strong><\/em><\/a> et <a href=\"http:\/\/hiphop4life.fr\/news\/stormzy-gang-signs-prayer-album-stream\/\"><em><strong>Gang Signs &amp; Prayer<\/strong><\/em><\/a> semble avoir inspir\u00e9 un des pionniers de ce mouvement qui retrouve une seconde jeunesse bien aid\u00e9 par quelques bombes de <strong>Cardo<\/strong>.[\/vc_column_text][vc_single_image media=\u00a0\u00bb71898&Prime; media_width_percent=\u00a0\u00bb100&Prime;][vc_column_text]<iframe src=\"https:\/\/open.spotify.com\/embed\/album\/5k0WXCPpJ7ELqq19i0uGfe\" width=\"300\" height=\"380\" frameborder=\"0\"><\/iframe><\/p>\n<p><strong>Tracklist<\/strong><\/p>\n<div><em>1. \u00ab\u00a0Focus\u00a0\u00bb<\/em><\/div>\n<div><em>2. \u00ab\u00a0Wot U Gonna Do?\u00a0\u00bb<\/em><\/div>\n<div><em>3. \u00ab\u00a0Space\u00a0\u00bb<\/em><\/div>\n<div><em>4. \u00ab\u00a0I Ain&rsquo;t Even Gonna Lie\u00a0\u00bb<\/em><\/div>\n<div><em>5. \u00ab\u00a0The Other Side\u00a0\u00bb<\/em><\/div>\n<div><em>6. \u00ab\u00a0Make It Last\u00a0\u00bb<\/em><\/div>\n<div><em>7. \u00ab\u00a0Ghost\u00a0\u00bb<\/em><\/div>\n<div><em>8. \u00ab\u00a0Business Man\u00a0\u00bb<\/em><\/div>\n<div><em>9. \u00ab\u00a0Bop N Keep It Dippin\u00a0\u00bb<\/em><\/div>\n<div><em>10. \u00ab\u00a0She Knows What She Wants\u00a0\u00bb<\/em><\/div>\n<div><em>11. \u00ab\u00a0Dummy\u00a0\u00bb<\/em><\/div>\n<div><em>12. \u00ab\u00a0Everything Must Go\u00a0\u00bb<\/em><\/div>\n<div><em>13. \u00ab\u00a0Slow Your Roll\u00a0\u00bb<\/em><\/div>\n<div><em>14. \u00ab\u00a0Sick a Dis\u00a0\u00bb<\/em><\/div>\n<div><em>15. \u00ab\u00a0Way I Am\u00a0\u00bb<\/em><\/div>\n<div><em>16. \u00ab\u00a0Man of the Hour\u00a0\u00bb<\/em><\/div>\n<p>[\/vc_column_text][\/vc_column][\/vc_row]<\/p>\n<\/div>","protected":false},"excerpt":{"rendered":"<p><strong>Album :<\/strong>\u00a0Raskit<br \/>\n<strong>Artiste :<\/strong>\u00a0Dizzee Rascal<br \/>\n<strong>Etat :<\/strong>\u00a0Neuf<br \/>\n<strong>Format :<\/strong>\u00a0Vinyle, 2 LP, Album<br \/>\n<strong>Label :<\/strong>\u00a0Dirtee Stank \/ Island<br \/>\n<strong>Edition :<\/strong> Originale<br \/>\n<strong>Date de sortie :<\/strong>\u00a02017<br \/>\n<strong>Genre :<\/strong>\u00a0Hip-Hop\u00a0\/ Rap UK \/ Grime<\/p>\n","protected":false},"featured_media":71899,"comment_status":"open","ping_status":"closed","template":"","meta":{"om_disable_all_campaigns":false,"_monsterinsights_skip_tracking":false,"_monsterinsights_sitenote_active":false,"_monsterinsights_sitenote_note":"","_monsterinsights_sitenote_category":0},"product_brand":[],"product_cat":[9206,8053],"product_tag":[8049,7058,8273,5325,7701,7056,8051],"class_list":{"0":"post-71897","1":"product","2":"type-product","3":"status-publish","4":"has-post-thumbnail","6":"product_cat-new-school","7":"product_cat-uk","8":"product_tag-dizzee-rascal","9":"product_tag-grime","10":"product_tag-hh4l-awards-2017-fr","11":"product_tag-hip-hop","12":"product_tag-original","13":"product_tag-rap-uk","14":"product_tag-raskit","15":"product_shipping_class-2-lp","17":"first","18":"instock","19":"taxable","20":"shipping-taxable","21":"purchasable","22":"product-type-simple"},"aioseo_notices":[],"_links":{"self":[{"href":"https:\/\/hiphop4life.fr\/shop\/wp-json\/wp\/v2\/product\/71897","targetHints":{"allow":["GET"]}}],"collection":[{"href":"https:\/\/hiphop4life.fr\/shop\/wp-json\/wp\/v2\/product"}],"about":[{"href":"https:\/\/hiphop4life.fr\/shop\/wp-json\/wp\/v2\/types\/product"}],"replies":[{"embeddable":true,"href":"https:\/\/hiphop4life.fr\/shop\/wp-json\/wp\/v2\/comments?post=71897"}],"wp:featuredmedia":[{"embeddable":true,"href":"https:\/\/hiphop4life.fr\/shop\/wp-json\/wp\/v2\/media\/71899"}],"wp:attachment":[{"href":"https:\/\/hiphop4life.fr\/shop\/wp-json\/wp\/v2\/media?parent=71897"}],"wp:term":[{"taxonomy":"product_brand","embeddable":true,"href":"https:\/\/hiphop4life.fr\/shop\/wp-json\/wp\/v2\/product_brand?post=71897"},{"taxonomy":"product_cat","embeddable":true,"href":"https:\/\/hiphop4life.fr\/shop\/wp-json\/wp\/v2\/product_cat?post=71897"},{"taxonomy":"product_tag","embeddable":true,"href":"https:\/\/hiphop4life.fr\/shop\/wp-json\/wp\/v2\/product_tag?post=71897"}],"curies":[{"name":"wp","href":"https:\/\/api.w.org\/{rel}","templated":true}]}}