{"id":71903,"date":"2016-12-24T17:34:57","date_gmt":"2016-12-24T16:34:57","guid":{"rendered":"http:\/\/hiphop4life.fr\/shop\/?post_type=product&#038;p=71903"},"modified":"2022-01-17T16:01:30","modified_gmt":"2022-01-17T15:01:30","slug":"stormzy-gang-signs-prayer-vinyle","status":"publish","type":"product","link":"https:\/\/hiphop4life.fr\/shop\/produit\/stormzy-gang-signs-prayer-vinyle\/","title":{"rendered":"Stormzy &#8211; Gang Signs &#038; Prayer [Vinyle]"},"content":{"rendered":"<div class=\"wpb-content-wrapper\"><p>[vc_row][vc_column width=\u00a0\u00bb1\/1&Prime;][vc_column_text]Apr\u00e8s l&rsquo;\u00e9norme <a href=\"http:\/\/hiphop4life.fr\/shop\/produit\/skepta-konnichiwa-vinyle\/\"><em><strong>Konnichiwa<\/strong><\/em><\/a> de <strong>Skepta<\/strong>, la nouvelle figure du mouvement <strong>Grime<\/strong> se nomme <strong>Stormzy<\/strong>.<br \/>\nOscillant entre bangers efficaces purement <strong>Grime<\/strong> et sons plus gospel et m\u00e9lodieux, le contraste et l&rsquo;\u00e9quilibre entre ces deux mondes qui se clachent dans le titre et la cover procurent \u00e0\u00a0<a href=\"http:\/\/hiphop4life.fr\/news\/stormzy-gang-signs-prayer-album-stream\/\"><em><strong>Gang Signs &amp; Prayer<\/strong><\/em><\/a>\u00a0une atmosph\u00e8re assez unique qui en fait un album Grime singulier et profond.[\/vc_column_text][vc_single_image media=\u00a0\u00bb71904&Prime; media_width_percent=\u00a0\u00bb100&Prime;][vc_column_text]<iframe src=\"https:\/\/open.spotify.com\/embed\/album\/5fkFWJ9LZizXE4yPenNGuy\" width=\"300\" height=\"380\" frameborder=\"0\"><\/iframe><\/p>\n<p><strong>Tracklist<\/strong><\/p>\n<div>\n<div><em>1. \u00ab\u00a0First Things First\u00a0\u00bb<\/em><\/div>\n<div><em>2. \u00ab\u00a0Cold\u00a0\u00bb<\/em><\/div>\n<div><em>3. \u00ab\u00a0Bad Boys\u00a0\u00bb (featuring Ghetts and J Hus)<\/em><\/div>\n<div><em>4. \u00ab\u00a0Blinded by Your Grace, Pt. 1\u00a0\u00bb<\/em><\/div>\n<div><em>5. \u00ab\u00a0Big for Your Boots\u00a0\u00bb<\/em><\/div>\n<div><em>6. \u00ab\u00a0Velvet \/ Jenny Francis (Interlude)\u00a0\u00bb<\/em><\/div>\n<div><em>7. \u00ab\u00a0Mr Skeng\u00a0\u00bb<\/em><\/div>\n<div><em>8. \u00ab\u00a0Cigarettes &amp; Cush\u00a0\u00bb (featuring Kehlani and Lily Allen)<\/em><\/div>\n<div><em>9.\u00a0\u00bb21 Gun Salute (Interlude)\u00a0\u00bb (featuring Wretch 32)<\/em><\/div>\n<div><em>10. \u00ab\u00a0Blinded by Your Grace, Pt. 2\u00a0\u00bb (featuring MNEK)<\/em><\/div>\n<div><em>11. \u00ab\u00a0Return of the Rucksack\u00a0\u00bb<\/em><\/div>\n<div><em>12. \u00ab\u00a0100 Bags\u00a0\u00bb<\/em><\/div>\n<div><em>13. \u00ab\u00a0Don&rsquo;t Cry for Me\u00a0\u00bb (featuring Raleigh Ritchie)<\/em><\/div>\n<div><em>14. \u00ab\u00a0Crazy Titch (Interlude)\u00a0\u00bb<\/em><\/div>\n<div><em>15. \u00ab\u00a0Shut Up\u00a0\u00bb<\/em><\/div>\n<div><em>16. \u00ab\u00a0Lay Me Bare\u00a0\u00bb<\/em><\/div>\n<\/div>\n<p>[\/vc_column_text][\/vc_column][\/vc_row]<\/p>\n<\/div>","protected":false},"excerpt":{"rendered":"<p><strong>Album :<\/strong>\u00a0Gang Signs &amp; Prayer<br \/>\n<strong>Artiste :<\/strong>\u00a0Stormzy<br \/>\n<strong>Etat :<\/strong>\u00a0Neuf<br \/>\n<strong>Format :<\/strong>\u00a0Vinyle, 2 LP, Album<br \/>\n<strong>Label :<\/strong>\u00a0#Merky \/ Warner<br \/>\n<strong>Edition :<\/strong> Originale<br \/>\n<strong>Date de sortie :<\/strong>\u00a02017<br \/>\n<strong>Genre :<\/strong>\u00a0Hip-Hop\u00a0\/ Rap UK \/ Grime<\/p>\n","protected":false},"featured_media":71905,"comment_status":"open","ping_status":"closed","template":"","meta":{"om_disable_all_campaigns":false,"_monsterinsights_skip_tracking":false,"_monsterinsights_sitenote_active":false,"_monsterinsights_sitenote_note":"","_monsterinsights_sitenote_category":0},"product_brand":[],"product_cat":[9206,8053],"product_tag":[8064,7058,8273,5325,5855,7701,7056,8062],"class_list":{"0":"post-71903","1":"product","2":"type-product","3":"status-publish","4":"has-post-thumbnail","6":"product_cat-new-school","7":"product_cat-uk","8":"product_tag-gang-signs-prayer","9":"product_tag-grime","10":"product_tag-hh4l-awards-2017-fr","11":"product_tag-hip-hop","12":"product_tag-new-school","13":"product_tag-original","14":"product_tag-rap-uk","15":"product_tag-stormzy","16":"product_shipping_class-2-lp","18":"first","19":"outofstock","20":"taxable","21":"shipping-taxable","22":"purchasable","23":"product-type-simple"},"aioseo_notices":[],"_links":{"self":[{"href":"https:\/\/hiphop4life.fr\/shop\/wp-json\/wp\/v2\/product\/71903","targetHints":{"allow":["GET"]}}],"collection":[{"href":"https:\/\/hiphop4life.fr\/shop\/wp-json\/wp\/v2\/product"}],"about":[{"href":"https:\/\/hiphop4life.fr\/shop\/wp-json\/wp\/v2\/types\/product"}],"replies":[{"embeddable":true,"href":"https:\/\/hiphop4life.fr\/shop\/wp-json\/wp\/v2\/comments?post=71903"}],"wp:featuredmedia":[{"embeddable":true,"href":"https:\/\/hiphop4life.fr\/shop\/wp-json\/wp\/v2\/media\/71905"}],"wp:attachment":[{"href":"https:\/\/hiphop4life.fr\/shop\/wp-json\/wp\/v2\/media?parent=71903"}],"wp:term":[{"taxonomy":"product_brand","embeddable":true,"href":"https:\/\/hiphop4life.fr\/shop\/wp-json\/wp\/v2\/product_brand?post=71903"},{"taxonomy":"product_cat","embeddable":true,"href":"https:\/\/hiphop4life.fr\/shop\/wp-json\/wp\/v2\/product_cat?post=71903"},{"taxonomy":"product_tag","embeddable":true,"href":"https:\/\/hiphop4life.fr\/shop\/wp-json\/wp\/v2\/product_tag?post=71903"}],"curies":[{"name":"wp","href":"https:\/\/api.w.org\/{rel}","templated":true}]}}