{"id":72075,"date":"2016-06-01T08:47:32","date_gmt":"2016-06-01T06:47:32","guid":{"rendered":"http:\/\/hiphop4life.fr\/shop\/?post_type=product&#038;p=72075"},"modified":"2022-01-17T16:10:15","modified_gmt":"2022-01-17T15:10:15","slug":"the-pharcyde-bizarre-ride-ii-box","status":"publish","type":"product","link":"https:\/\/hiphop4life.fr\/shop\/produit\/the-pharcyde-bizarre-ride-ii-box\/","title":{"rendered":"The Pharcyde &#8211; Bizarre Ride II [Box Deluxe 25e Anniversaire]"},"content":{"rendered":"<div class=\"wpb-content-wrapper\"><p>[vc_row][vc_column width=\u00a0\u00bb1\/1&Prime;][vc_single_image media=\u00a0\u00bb95543&Prime; media_width_percent=\u00a0\u00bb100&Prime;][vc_column_text]<iframe src=\"https:\/\/embed.spotify.com\/?uri=spotify%3Aalbum%3A4VJ6AvbGp6lMv3kCnhRf4Z\" width=\"300\" height=\"380\" frameborder=\"0\"><\/iframe><\/p>\n<p><strong>Tracklist<\/strong><\/p>\n<p>A1. 4 Better Or 4 Worse (Interlude)<br \/>\nA2. Oh Shit<br \/>\nA3. It\u2019s Jigaboo Time (Skit)<br \/>\nA4. 4 Better Or 4 Worse<\/p>\n<p>B1. I\u2019m That Type Of Nigga<br \/>\nB2. If I Were President (Skit)<br \/>\nB3. Soul Flower (Remix)<br \/>\nB4. On The DL<\/p>\n<p>C1. Pack The Pipe (Interlude)<br \/>\nC2. Officer<br \/>\nC3. Ya Mama<br \/>\nC4. Passing Me By<\/p>\n<p>D1. Otha Fish<br \/>\nD2. Quinton\u2019s On The Way (Skit)<br \/>\nD3. Pack The Pipe<br \/>\nD4. Return Of The B-Boy<\/p>\n<p><em><strong>Ya Mama 12&Prime;<\/strong><\/em><br \/>\nA1. Ya Mama (Murphy Mix)<br \/>\nA2. Ya Mama (Cosby Mix)<\/p>\n<p>B1. I\u2019m That Type Of Nigga<br \/>\nB2. Soul Flower (Remix*)<\/p>\n<p><em><strong>Passin\u2019 Me By 12&Prime;<\/strong><\/em><br \/>\nA1. Passin\u2019 Me By (Video Remix)<br \/>\nA2. Passin\u2019 Me By (Video Instrumental)<br \/>\nA3. Passin\u2019 Me By (Acapella)<\/p>\n<p>B1. Pork<br \/>\nB2. Pork (Cosby Edit)<br \/>\nB3. Pork (Instrumental)<\/p>\n<p><em><strong>Otha Fish 12&Prime;<\/strong><\/em><br \/>\nA1. Video Edit<br \/>\nA2. L.A. Jay Remix<br \/>\nA3. Video Edit Inst.<\/p>\n<p>B1. The Angel Remix<br \/>\nB2. Passin\u2019 Me By (Fly As Pie Mix)*[\/vc_column_text][\/vc_column][\/vc_row]<\/p>\n<\/div>","protected":false},"excerpt":{"rendered":"<p><strong>Inclus dans la box :<br \/>\n<\/strong><\/p>\n<ul>\n<li>La r\u00e9\u00e9dition de l&rsquo;album : 2LP jaune et bleu<\/li>\n<li>3&#215;12&Prime; singles :<em> \u201cYa Mama\u201d,<\/em><em> \u201cOtha Fish\u201d<\/em> et <em>\u201cPassin\u2019 Me By\u201d<\/em><\/li>\n<\/ul>\n<p><strong>Album :<\/strong> Bizarre Ride II\u00a0 [Box Deluxe 25e Anniversaire (2LP + 3&#215;12&Prime;)]<br \/>\n<strong>Artiste :<\/strong> The Pharcyde<br \/>\n<strong>Etat :<\/strong>\u00a0Neuf<br \/>\n<strong>Format :<\/strong>\u00a0Vinyle, 2 LP, Album<br \/>\n<strong>Label :<\/strong> Craft Recordings<br \/>\n<strong>Edition :<\/strong> R\u00e9\u00e9dition Deluxe 2017 &#8211; 25\u00e8me Anniversaire<br \/>\n<strong>Date de sortie :<\/strong>\u00a01992<br \/>\n<strong>Genre :<\/strong>\u00a0Hip-Hop \/ Rap US \/ Rap Alternatif \/ Underground<\/p>\n","protected":false},"featured_media":72077,"comment_status":"open","ping_status":"closed","template":"","meta":{"om_disable_all_campaigns":false,"_monsterinsights_skip_tracking":false,"_monsterinsights_sitenote_active":false,"_monsterinsights_sitenote_note":"","_monsterinsights_sitenote_category":0},"product_brand":[],"product_cat":[6171,6175],"product_tag":[7668,8022,7266,5339,5325,7145,5326,7693,7666,6986,5328],"class_list":{"0":"post-72075","1":"product","2":"type-product","3":"status-publish","4":"has-post-thumbnail","6":"product_cat-golden-age","7":"product_cat-west-coast","8":"product_tag-bizarre-ride-ii","9":"product_tag-box","10":"product_tag-collector","11":"product_tag-golden-age","12":"product_tag-hip-hop","13":"product_tag-rap-alternatif","14":"product_tag-rap-us","15":"product_tag-reedition","16":"product_tag-the-pharcyde","17":"product_tag-underground-fr","18":"product_tag-west-coast","19":"product_shipping_class-4-lp","21":"first","22":"outofstock","23":"taxable","24":"shipping-taxable","25":"purchasable","26":"product-type-simple"},"aioseo_notices":[],"_links":{"self":[{"href":"https:\/\/hiphop4life.fr\/shop\/wp-json\/wp\/v2\/product\/72075","targetHints":{"allow":["GET"]}}],"collection":[{"href":"https:\/\/hiphop4life.fr\/shop\/wp-json\/wp\/v2\/product"}],"about":[{"href":"https:\/\/hiphop4life.fr\/shop\/wp-json\/wp\/v2\/types\/product"}],"replies":[{"embeddable":true,"href":"https:\/\/hiphop4life.fr\/shop\/wp-json\/wp\/v2\/comments?post=72075"}],"wp:featuredmedia":[{"embeddable":true,"href":"https:\/\/hiphop4life.fr\/shop\/wp-json\/wp\/v2\/media\/72077"}],"wp:attachment":[{"href":"https:\/\/hiphop4life.fr\/shop\/wp-json\/wp\/v2\/media?parent=72075"}],"wp:term":[{"taxonomy":"product_brand","embeddable":true,"href":"https:\/\/hiphop4life.fr\/shop\/wp-json\/wp\/v2\/product_brand?post=72075"},{"taxonomy":"product_cat","embeddable":true,"href":"https:\/\/hiphop4life.fr\/shop\/wp-json\/wp\/v2\/product_cat?post=72075"},{"taxonomy":"product_tag","embeddable":true,"href":"https:\/\/hiphop4life.fr\/shop\/wp-json\/wp\/v2\/product_tag?post=72075"}],"curies":[{"name":"wp","href":"https:\/\/api.w.org\/{rel}","templated":true}]}}