{"id":72185,"date":"2016-01-14T10:04:05","date_gmt":"2016-01-14T09:04:05","guid":{"rendered":"http:\/\/hiphop4life.fr\/shop\/?post_type=product&#038;p=72185"},"modified":"2023-12-01T12:44:01","modified_gmt":"2023-12-01T11:44:01","slug":"evidence-weather-or-not-vinyle","status":"publish","type":"product","link":"https:\/\/hiphop4life.fr\/shop\/produit\/evidence-weather-or-not-vinyle\/","title":{"rendered":"Evidence &#8211; Weather Or Not [Vinyle Bleu]"},"content":{"rendered":"<div class=\"wpb-content-wrapper\"><p>[vc_row][vc_column width=\u00a0\u00bb1\/1&Prime;][vc_column_text]<strong>Extrait de la chronique Hip-Hop 4 Life :<\/strong><\/p>\n<p>[&#8230;]\u00a0<em><strong>Evidence\u00a0<\/strong>est fid\u00e8le \u00e0 son style, la force tranquille, un slow flow qui feint la nonchalance pour donner du poids \u00e0 chacun de ses mots, des punchlines intelligentes et pr\u00e9cises, une humilit\u00e9 et un plaisir \u00e0 rapper jamais dissimul\u00e9s. D\u00e9sormais dans la quarantaine et p\u00e8re, ses textes se veulent forc\u00e9ment plus matures<\/em>\u00a0[&#8230;]<\/p>\n\n<p><strong>Tracklist<\/strong><\/p>\n<p><em>1. The Factory<\/em><br \/>\n<em>2. Throw It All Away<\/em><br \/>\n<em>3. Powder Cocaine (feat. Slug and Catero)<\/em><br \/>\n<em>4. Jim Dean<\/em><br \/>\n<em>5. Weather or Not<\/em><br \/>\n<em>6. Moving Too Fast (feat. Catero)<\/em><br \/>\n<em>7. Runners (feat. Defari)<\/em><br \/>\n<em>8. Bad Publicity (feat. Krondon)<\/em><br \/>\n<em>9. Rain Drops<\/em><br \/>\n<em>10. Sell Me This Pen (feat. Alchemist &amp; Mach Hommy)<\/em><br \/>\n<em>11. Love is a Funny Thing (feat. Styles P, Rapsody &amp; Khrysis)<\/em><br \/>\n<em>12. 10,000 Hours 02:51<\/em><br \/>\n<em>13. What I Need<\/em><br \/>\n<em>14. To Make a Long Story Longer (feat. Jonwayne)<\/em><br \/>\n<em>15. Wonderful World (feat. Rakaa)<\/em><br \/>\n<em>16. By My Side Too<\/em><\/p>\n<p>Les meilleures chansons d&rsquo;<strong>Evidence<\/strong> sont dans la playlist\u00a0<strong>Hip-Hop 4 Life<\/strong>\u00a0: <em><a href=\"http:\/\/hiphop4life.fr\/chroniques\/playlists\/\"><strong>GodLovesUgly<\/strong><\/a>.<br \/>\n<\/em>[\/vc_column_text][vc_single_image media=\u00a0\u00bb72189&Prime; media_width_percent=\u00a0\u00bb100&Prime;][\/vc_column][\/vc_row]<\/p>\n<\/div>","protected":false},"excerpt":{"rendered":"<p><strong>Album :<\/strong>\u00a0Weather Or Not<br \/>\n<strong>Artiste :<\/strong> Evidence<br \/>\n<strong>Etat :<\/strong>\u00a0Neuf<br \/>\n<strong>Format :<\/strong>\u00a0Vinyle, 2 LP, Album<br \/>\n<strong>Label :<\/strong> Rhymesayers<br \/>\n<strong>Edition :<\/strong>\u00a0Originale &#8211; Vinyle Bleu<br \/>\n<strong>Date de sortie :<\/strong>\u00a02017<br \/>\n<strong>Genre :<\/strong>\u00a0Hip-Hop\u00a0\/ Rap US \/ West Coast \/ Underground<\/p>\n","protected":false},"featured_media":72187,"comment_status":"open","ping_status":"closed","template":"","meta":{"om_disable_all_campaigns":false,"_monsterinsights_skip_tracking":false,"_monsterinsights_sitenote_active":false,"_monsterinsights_sitenote_note":"","_monsterinsights_sitenote_category":0},"product_brand":[],"product_cat":[6175],"product_tag":[8160,5325,7701,5326,6934,6986,9089,8162,5328],"class_list":{"0":"post-72185","1":"product","2":"type-product","3":"status-publish","4":"has-post-thumbnail","6":"product_cat-west-coast","7":"product_tag-evidence","8":"product_tag-hip-hop","9":"product_tag-original","10":"product_tag-rap-us","11":"product_tag-rhymesayers","12":"product_tag-underground-fr","13":"product_tag-vinyle-colore","14":"product_tag-weather-or-not","15":"product_tag-west-coast","16":"product_shipping_class-2-lp","18":"first","19":"outofstock","20":"taxable","21":"shipping-taxable","22":"purchasable","23":"product-type-simple"},"aioseo_notices":[],"_links":{"self":[{"href":"https:\/\/hiphop4life.fr\/shop\/wp-json\/wp\/v2\/product\/72185","targetHints":{"allow":["GET"]}}],"collection":[{"href":"https:\/\/hiphop4life.fr\/shop\/wp-json\/wp\/v2\/product"}],"about":[{"href":"https:\/\/hiphop4life.fr\/shop\/wp-json\/wp\/v2\/types\/product"}],"replies":[{"embeddable":true,"href":"https:\/\/hiphop4life.fr\/shop\/wp-json\/wp\/v2\/comments?post=72185"}],"wp:featuredmedia":[{"embeddable":true,"href":"https:\/\/hiphop4life.fr\/shop\/wp-json\/wp\/v2\/media\/72187"}],"wp:attachment":[{"href":"https:\/\/hiphop4life.fr\/shop\/wp-json\/wp\/v2\/media?parent=72185"}],"wp:term":[{"taxonomy":"product_brand","embeddable":true,"href":"https:\/\/hiphop4life.fr\/shop\/wp-json\/wp\/v2\/product_brand?post=72185"},{"taxonomy":"product_cat","embeddable":true,"href":"https:\/\/hiphop4life.fr\/shop\/wp-json\/wp\/v2\/product_cat?post=72185"},{"taxonomy":"product_tag","embeddable":true,"href":"https:\/\/hiphop4life.fr\/shop\/wp-json\/wp\/v2\/product_tag?post=72185"}],"curies":[{"name":"wp","href":"https:\/\/api.w.org\/{rel}","templated":true}]}}