{"id":72222,"date":"2016-01-29T16:31:00","date_gmt":"2016-01-29T15:31:00","guid":{"rendered":"http:\/\/hiphop4life.fr\/shop\/?post_type=product&#038;p=72222"},"modified":"2022-01-17T16:21:46","modified_gmt":"2022-01-17T15:21:46","slug":"main-source-breaking-atoms-vinyle","status":"publish","type":"product","link":"https:\/\/hiphop4life.fr\/shop\/produit\/main-source-breaking-atoms-vinyle\/","title":{"rendered":"Main Source &#8211; Breaking Atoms [Vinyle Bleu 30\u00e8me Anniversaire]"},"content":{"rendered":"<div class=\"wpb-content-wrapper\"><p>[vc_row][vc_column width=\u00a0\u00bb1\/1&Prime;][vc_single_image media=\u00a0\u00bb72226&Prime; media_width_percent=\u00a0\u00bb100&Prime;][vc_column_text]<\/p>\n<p><strong>Tracklist<\/strong><\/p>\n<p><em>1. \u00ab\u00a0Snake Eyes\u00a0\u00bb<\/em><br \/>\n<em>2. \u00ab\u00a0Just Hangin&rsquo; Out\u00a0\u00bb<\/em><br \/>\n<em>3. \u00ab\u00a0Looking At the Front Door\u00a0\u00bb<\/em><br \/>\n<em>4. \u00ab\u00a0Large Professor\u00a0\u00bb<\/em><br \/>\n<em>5. \u00ab\u00a0Just a Friendly Game of Baseball\u00a0\u00bb<\/em><br \/>\n<em>6. \u00ab\u00a0Scratch &amp; Kut\u00a0\u00bb<\/em><br \/>\n<em>7. \u00ab\u00a0Peace Is Not the Word to Play\u00a0\u00bb<\/em><br \/>\n<em>8. \u00ab\u00a0Vamos a Rapiar\u00a0\u00bb<\/em><br \/>\n<em>9. \u00ab\u00a0He Got So Much Soul (He Don&rsquo;t Need No Music)\u00a0\u00bb<\/em><br \/>\n<em>10. \u00ab\u00a0Live at the Barbeque\u00a0\u00bb\u00a0(featuring\u00a0Nas, Joe Fatal and\u00a0Akinyele)<\/em><br \/>\n<em>11. \u00ab\u00a0Watch Roger Do His Thing\u00a0\u00bb<\/em><br \/>\n<em>12. \u00ab\u00a0Just a Friendly Game of Baseball (Remix)\u00a0\u00bb\u00a0(bonus)<\/em><\/p>\n<p>Les meilleurs sons de <strong>Main Source<\/strong>\u00a0sont \u00e0 retrouver dans la playlist Hip-Hop 4 Life : <a href=\"http:\/\/hiphop4life.fr\/chroniques\/playlists\/\">Golden Age<\/a>[\/vc_column_text][\/vc_column][\/vc_row]<\/p>\n<\/div>","protected":false},"excerpt":{"rendered":"<p><strong>Album :<\/strong> Breaking Atoms<br \/>\n<strong>Artiste :<\/strong> Main Source<br \/>\n<strong>Etat :<\/strong>\u00a0Neuf<br \/>\n<strong>Format :<\/strong>\u00a0Vinyle, LP, Album<br \/>\n<strong>Label :<\/strong> Wild Pitch Rec<br \/>\n<strong>Edition :<\/strong>\u00a0R\u00e9\u00e9dition 2017 Remasteris\u00e9e 30\u00e8me Anniversaire &#8211; Vinyle bleu translucide<br \/>\n<strong>Date de sortie :<\/strong>\u00a01991<br \/>\n<strong>Genre :<\/strong>\u00a0Hip-Hop\u00a0\/ Rap US \/ East Coast \/ Old School<\/p>\n","protected":false},"featured_media":72223,"comment_status":"open","ping_status":"closed","template":"","meta":{"om_disable_all_campaigns":false,"_monsterinsights_skip_tracking":false,"_monsterinsights_sitenote_active":false,"_monsterinsights_sitenote_note":"","_monsterinsights_sitenote_category":0},"product_brand":[],"product_cat":[6174,6171],"product_tag":[8212,7266,5337,9091,5339,5325,8214,8210,5326,7693,7695,6986,9089],"class_list":{"0":"post-72222","1":"product","2":"type-product","3":"status-publish","4":"has-post-thumbnail","6":"product_cat-east-coast","7":"product_cat-golden-age","8":"product_tag-breaking-atoms","9":"product_tag-collector","10":"product_tag-east-coast","11":"product_tag-edition-limitee","12":"product_tag-golden-age","13":"product_tag-hip-hop","14":"product_tag-large-professor","15":"product_tag-main-source","16":"product_tag-rap-us","17":"product_tag-reedition","18":"product_tag-remasterise","19":"product_tag-underground-fr","20":"product_tag-vinyle-colore","21":"product_shipping_class-lp","23":"first","24":"outofstock","25":"taxable","26":"shipping-taxable","27":"purchasable","28":"product-type-simple"},"aioseo_notices":[],"_links":{"self":[{"href":"https:\/\/hiphop4life.fr\/shop\/wp-json\/wp\/v2\/product\/72222","targetHints":{"allow":["GET"]}}],"collection":[{"href":"https:\/\/hiphop4life.fr\/shop\/wp-json\/wp\/v2\/product"}],"about":[{"href":"https:\/\/hiphop4life.fr\/shop\/wp-json\/wp\/v2\/types\/product"}],"replies":[{"embeddable":true,"href":"https:\/\/hiphop4life.fr\/shop\/wp-json\/wp\/v2\/comments?post=72222"}],"wp:featuredmedia":[{"embeddable":true,"href":"https:\/\/hiphop4life.fr\/shop\/wp-json\/wp\/v2\/media\/72223"}],"wp:attachment":[{"href":"https:\/\/hiphop4life.fr\/shop\/wp-json\/wp\/v2\/media?parent=72222"}],"wp:term":[{"taxonomy":"product_brand","embeddable":true,"href":"https:\/\/hiphop4life.fr\/shop\/wp-json\/wp\/v2\/product_brand?post=72222"},{"taxonomy":"product_cat","embeddable":true,"href":"https:\/\/hiphop4life.fr\/shop\/wp-json\/wp\/v2\/product_cat?post=72222"},{"taxonomy":"product_tag","embeddable":true,"href":"https:\/\/hiphop4life.fr\/shop\/wp-json\/wp\/v2\/product_tag?post=72222"}],"curies":[{"name":"wp","href":"https:\/\/api.w.org\/{rel}","templated":true}]}}