{"id":72296,"date":"2016-02-07T01:28:38","date_gmt":"2016-02-07T00:28:38","guid":{"rendered":"http:\/\/hiphop4life.fr\/shop\/?post_type=product&#038;p=72296"},"modified":"2022-01-17T16:21:41","modified_gmt":"2022-01-17T15:21:41","slug":"goldlink-at-what-cost-vinyle","status":"publish","type":"product","link":"https:\/\/hiphop4life.fr\/shop\/produit\/goldlink-at-what-cost-vinyle\/","title":{"rendered":"Goldlink &#8211; At What Cost [Vinyle Bleu]"},"content":{"rendered":"<div class=\"wpb-content-wrapper\"><p>[vc_row][vc_column width=\u00a0\u00bb1\/1&Prime;][vc_column_text]<strong><em>At What Cost<\/em><\/strong> a quelque chose de g\u00e9n\u00e9rationnel.<br \/>\nLes majors ne font plus la loi, les artistes explosent gr\u00e2ce \u00e0 Internet et des plateformes comme Youtube et Soundcloud.<br \/>\nLes sonorit\u00e9s se sont m\u00e9lang\u00e9es, le Sud a envahit le rap depuis l&rsquo;av\u00e8nement de la trap, le G-Funk de la c\u00f4te Ouest ne survit plus que dans le micro de YG, le son new-yorkais est devenu minoritaire, Chicago fait du gospel, quoi de plus logique qu&rsquo;un rappeur de DC pour synth\u00e9tiser le son de la nouvelle g\u00e9n\u00e9ration ?<br \/>\n<strong>Goldlink<\/strong> a dig\u00e9r\u00e9 toutes ces influences et en ressort le meilleur \u00e0 travers son \u00ab\u00a0Future Bounce\u00a0\u00bb.\u00a0Construit en partie par des \u00ab\u00a0Soundcloud Producers\u00a0\u00bb comme <strong>KAYTRANADA<\/strong>, le Future Bounce empreinte au rap, \u00e0 l&rsquo;electro, au RnB, \u00e0 la trap et au Gospel pour un rendu \u00e9clectique et pourtant tr\u00e8s coh\u00e9rent, moderne, frais et entra\u00eenant, \u00e0 l&rsquo;image d&rsquo;un des bangers de l&rsquo;ann\u00e9e : <em>Crew<\/em>.[\/vc_column_text][\/vc_column][\/vc_row][vc_row][vc_column width=\u00a0\u00bb1\/1&Prime;][vc_single_image media=\u00a0\u00bb72300&Prime; media_width_percent=\u00a0\u00bb100&Prime;][vc_column_text]<iframe src=\"https:\/\/open.spotify.com\/embed\/album\/18JrBX1QkpnUSJF3oxX6RX\" width=\"300\" height=\"380\" frameborder=\"0\"><\/iframe><\/p>\n<p><strong>Tracklist<\/strong><\/p>\n<div><em>1. \u00ab\u00a0Opening Credit\u00a0\u00bb<\/em><\/div>\n<div><em>2. \u00ab\u00a0Same Clothes As Yesterday\u00a0\u00bb (featuring Ciscero)<\/em><\/div>\n<div><em>3. \u00ab\u00a0Have You Seen That Girl?\u00a0\u00bb<\/em><\/div>\n<div><em>4. \u00ab\u00a0Hands On Your Knees\u00a0\u00bb (featuring Kokayi)<\/em><\/div>\n<div><em>5. \u00ab\u00a0Meditation\u00a0\u00bb (featuring Jazmine Sullivan and Kaytranada)<\/em><\/div>\n<div><em>6. \u00ab\u00a0Herside Story\u00a0\u00bb (with Hare Squead)<\/em><\/div>\n<div><em>7. \u00ab\u00a0Summatime\u00a0\u00bb (featuring Wale and Radiant Children)<\/em><\/div>\n<div><em>8. \u00ab\u00a0Roll Call\u00a0\u00bb (featuring M\u00fda)<\/em><\/div>\n<div><em>9. \u00ab\u00a0The Parable of the Rich Man\u00a0\u00bb (featuring April George)<\/em><\/div>\n<div><em>10. \u00ab\u00a0Crew\u00a0\u00bb (featuring Brent Faiyaz and Shy Glizzy)<\/em><\/div>\n<div><em>11. \u00ab\u00a0We Will Never Die\u00a0\u00bb (featuring Lil Dude)<\/em><\/div>\n<div><em>12. \u00ab\u00a0Kokamoe Freestyle\u00a0\u00bb<\/em><\/div>\n<div><em>13. \u00ab\u00a0Some Girl\u00a0\u00bb (featuring Steve Lacy)<\/em><\/div>\n<div><em>14. \u00ab\u00a0Pray Everyday (Survivor&rsquo;s Guilt)\u00a0\u00bb<\/em><\/div>\n<p>[\/vc_column_text][\/vc_column][\/vc_row]<\/p>\n<\/div>","protected":false},"excerpt":{"rendered":"<p><strong>Album :<\/strong>\u00a0At What Cost<br \/>\n<strong>Artiste :<\/strong>\u00a0Goldlink<br \/>\n<strong>Etat :<\/strong>\u00a0Neuf<br \/>\n<strong>Format :<\/strong>\u00a0Vinyle, 2 LP, Album<br \/>\n<strong>Label :<\/strong>\u00a0RCA<br \/>\n<strong>Edition :<\/strong> Originale &#8211; Vinyle Bleu<br \/>\n<strong>Date de sortie :<\/strong>\u00a02017<br \/>\n<strong>Genre :<\/strong>\u00a0Hip-Hop\u00a0\/ Funk \/ R&amp;B \/ Electro \/ Future Bounce<\/p>\n","protected":false},"featured_media":72297,"comment_status":"open","ping_status":"closed","template":"","meta":{"om_disable_all_campaigns":false,"_monsterinsights_skip_tracking":false,"_monsterinsights_sitenote_active":false,"_monsterinsights_sitenote_note":"","_monsterinsights_sitenote_category":0},"product_brand":[],"product_cat":[9206,6179],"product_tag":[8278,5877,5873,8280,8276,8273,5325,8282,5855,5347,5326,9089],"class_list":{"0":"post-72296","1":"product","2":"type-product","3":"status-publish","4":"has-post-thumbnail","6":"product_cat-new-school","7":"product_cat-soul-rnb","8":"product_tag-at-what-cost","9":"product_tag-electro","10":"product_tag-funk","11":"product_tag-future-bounce","12":"product_tag-goldlink","13":"product_tag-hh4l-awards-2017-fr","14":"product_tag-hip-hop","15":"product_tag-kaytranada","16":"product_tag-new-school","17":"product_tag-r-n-b","18":"product_tag-rap-us","19":"product_tag-vinyle-colore","20":"product_shipping_class-2-lp","22":"first","23":"outofstock","24":"taxable","25":"shipping-taxable","26":"purchasable","27":"product-type-simple"},"aioseo_notices":[],"_links":{"self":[{"href":"https:\/\/hiphop4life.fr\/shop\/wp-json\/wp\/v2\/product\/72296","targetHints":{"allow":["GET"]}}],"collection":[{"href":"https:\/\/hiphop4life.fr\/shop\/wp-json\/wp\/v2\/product"}],"about":[{"href":"https:\/\/hiphop4life.fr\/shop\/wp-json\/wp\/v2\/types\/product"}],"replies":[{"embeddable":true,"href":"https:\/\/hiphop4life.fr\/shop\/wp-json\/wp\/v2\/comments?post=72296"}],"wp:featuredmedia":[{"embeddable":true,"href":"https:\/\/hiphop4life.fr\/shop\/wp-json\/wp\/v2\/media\/72297"}],"wp:attachment":[{"href":"https:\/\/hiphop4life.fr\/shop\/wp-json\/wp\/v2\/media?parent=72296"}],"wp:term":[{"taxonomy":"product_brand","embeddable":true,"href":"https:\/\/hiphop4life.fr\/shop\/wp-json\/wp\/v2\/product_brand?post=72296"},{"taxonomy":"product_cat","embeddable":true,"href":"https:\/\/hiphop4life.fr\/shop\/wp-json\/wp\/v2\/product_cat?post=72296"},{"taxonomy":"product_tag","embeddable":true,"href":"https:\/\/hiphop4life.fr\/shop\/wp-json\/wp\/v2\/product_tag?post=72296"}],"curies":[{"name":"wp","href":"https:\/\/api.w.org\/{rel}","templated":true}]}}