{"id":72378,"date":"2016-03-07T17:04:12","date_gmt":"2016-03-07T16:04:12","guid":{"rendered":"http:\/\/hiphop4life.fr\/shop\/?post_type=product&#038;p=72378"},"modified":"2024-11-22T15:19:52","modified_gmt":"2024-11-22T14:19:52","slug":"2-pac-strictly-4-my-niggaz-vinyle","status":"publish","type":"product","link":"https:\/\/hiphop4life.fr\/shop\/produit\/2-pac-strictly-4-my-niggaz-vinyle\/","title":{"rendered":"2 Pac &#8211; Strictly 4 My N.I.G.G.A.Z. [Vinyle 25\u00e8me Anniversaire]"},"content":{"rendered":"<div class=\"wpb-content-wrapper\">\n<p><strong>Tracklist<\/strong><\/p>\n<p><em>Side A<\/em><br \/>\n<em>1. Holler If Ya Hear Me<\/em><br \/>\n<em>2. Pac&rsquo;s Theme (Interlude)<\/em><br \/>\n<em>3. Point The Finga<\/em><br \/>\n<em>4. Something 2 Die 4 (Interlude)<\/em><br \/>\n<em>Side B<\/em><br \/>\n<em>1. Souljah&rsquo;s Revenge<\/em><br \/>\n<em>2. Peep Game<\/em><br \/>\n<em>3. Strugglin&rsquo;<\/em><br \/>\n<em>4. Guess Who&rsquo;s Back<\/em><br \/>\n<em>Side C<\/em><br \/>\n<em>1. Representin&rsquo; 93<\/em><br \/>\n<em>2. Keep Ya Head Up<\/em><br \/>\n<em>3. Strictly 4 My N.I.G.G.A.Z&#8230;<\/em><br \/>\n<em>4. The Streetz Are Deathrow<\/em><br \/>\n<em>Side D<\/em><br \/>\n<em>1. I Get Around<\/em><br \/>\n<em>2. Papa&rsquo;z Song<\/em><br \/>\n<em>3. 5 Deadly Venomz<\/em><\/p>\n<p>Les meilleurs morceaux de <strong>2Pac<\/strong> sont \u00e0 \u00e9couter dans la playlist Hip-Hop 4 Life : <a href=\"http:\/\/hiphop4life.fr\/chroniques\/playlists\/\">Hit &lsquo;Em Up<\/a>.[\/vc_column_text][\/vc_column][\/vc_row]<\/p>\n<\/div>","protected":false},"excerpt":{"rendered":"<p><strong>Album :<\/strong> Strictly 4 My N.I.G.G.A.Z.<br \/>\n<strong>Artiste :<\/strong>\u00a02 Pac<br \/>\n<strong>Etat :<\/strong>\u00a0Neuf<br \/>\n<strong>Format :<\/strong>\u00a0Vinyle, 2 LP, Album<br \/>\n<strong>Label :<\/strong>\u00a0Interscope<br \/>\n<strong>Edition :\u00a0<\/strong>R\u00e9\u00e9dition 2018 &#8211; 25\u00e8me Anniversaire &#8211; Remasteris\u00e9 180g<br \/>\n<strong>Date de sortie :<\/strong>\u00a01993<br \/>\n<strong>Genre :<\/strong>\u00a0Hip-Hop \/ Rap US \/ Gangsta Rap \/ West Coast<\/p>\n","protected":false},"featured_media":72390,"comment_status":"open","ping_status":"closed","template":"","meta":{"om_disable_all_campaigns":false,"_monsterinsights_skip_tracking":false,"_monsterinsights_sitenote_active":false,"_monsterinsights_sitenote_note":"","_monsterinsights_sitenote_category":0},"product_brand":[],"product_cat":[6171,6175],"product_tag":[7705,5323,7266,5340,6110,5339,5325,5326,7693,7695,8329,5328],"class_list":{"0":"post-72378","1":"product","2":"type-product","3":"status-publish","4":"has-post-thumbnail","6":"product_cat-golden-age","7":"product_cat-west-coast","8":"product_tag-180g","9":"product_tag-2-pac","10":"product_tag-collector","11":"product_tag-g-funk","12":"product_tag-gangsta-rap","13":"product_tag-golden-age","14":"product_tag-hip-hop","15":"product_tag-rap-us","16":"product_tag-reedition","17":"product_tag-remasterise","18":"product_tag-strictly-4-my-n-i-g-g-a-z","19":"product_tag-west-coast","20":"product_shipping_class-2-lp","22":"first","23":"outofstock","24":"taxable","25":"shipping-taxable","26":"purchasable","27":"product-type-simple"},"aioseo_notices":[],"_links":{"self":[{"href":"https:\/\/hiphop4life.fr\/shop\/wp-json\/wp\/v2\/product\/72378","targetHints":{"allow":["GET"]}}],"collection":[{"href":"https:\/\/hiphop4life.fr\/shop\/wp-json\/wp\/v2\/product"}],"about":[{"href":"https:\/\/hiphop4life.fr\/shop\/wp-json\/wp\/v2\/types\/product"}],"replies":[{"embeddable":true,"href":"https:\/\/hiphop4life.fr\/shop\/wp-json\/wp\/v2\/comments?post=72378"}],"wp:featuredmedia":[{"embeddable":true,"href":"https:\/\/hiphop4life.fr\/shop\/wp-json\/wp\/v2\/media\/72390"}],"wp:attachment":[{"href":"https:\/\/hiphop4life.fr\/shop\/wp-json\/wp\/v2\/media?parent=72378"}],"wp:term":[{"taxonomy":"product_brand","embeddable":true,"href":"https:\/\/hiphop4life.fr\/shop\/wp-json\/wp\/v2\/product_brand?post=72378"},{"taxonomy":"product_cat","embeddable":true,"href":"https:\/\/hiphop4life.fr\/shop\/wp-json\/wp\/v2\/product_cat?post=72378"},{"taxonomy":"product_tag","embeddable":true,"href":"https:\/\/hiphop4life.fr\/shop\/wp-json\/wp\/v2\/product_tag?post=72378"}],"curies":[{"name":"wp","href":"https:\/\/api.w.org\/{rel}","templated":true}]}}