{"id":72550,"date":"2021-12-20T11:23:59","date_gmt":"2021-12-20T10:23:59","guid":{"rendered":"http:\/\/hiphop4life.fr\/shop\/?post_type=product&#038;p=72550"},"modified":"2022-09-30T18:03:55","modified_gmt":"2022-09-30T16:03:55","slug":"cormega-the-true-meaning-vinyle","status":"publish","type":"product","link":"https:\/\/hiphop4life.fr\/shop\/produit\/cormega-the-true-meaning-vinyle\/","title":{"rendered":"Cormega &#8211; The True Meaning [Vinyle Argent\u00e9]"},"content":{"rendered":"<div class=\"wpb-content-wrapper\">\n<p><strong>Tracklist<\/strong><\/p>\n<p><em>A1 Introspective <\/em><br \/>\n<em>A2 Verbal Graffitti <\/em><br \/>\n<em>A3 Live Ya Life <\/em><br \/>\n<em>A4 Ain&rsquo;t Gonna Change <\/em><br \/>\n<em>A5 The True Meaning <\/em><br \/>\n<em>A6 A Thin Line <\/em><br \/>\n<em>A7 The Legacy <\/em><br \/>\n<em>B1 Love In Love Out <\/em><br \/>\n<em>B2 The Come Up feat Large Professor <\/em><br \/>\n<em>B3 Built For This <\/em><br \/>\n<em>B4 Soul Food <\/em><br \/>\n<em>B5 Take These Jewels <\/em><br \/>\n<em>B6 Endangered Species <\/em><br \/>\n<em>B7 Therapy<\/em><\/p>\n<p>Les meilleurs sons de Cormega sont \u00e0 retrouver dans la playlist Hip-Hop 4 Life : <a href=\"http:\/\/hiphop4life.fr\/chroniques\/playlists\/\">NY State Of Mind<\/a>[\/vc_column_text][\/vc_column][\/vc_row]<\/p>\n<\/div>","protected":false},"excerpt":{"rendered":"<p><strong>Album :<\/strong> The True Meaning<br \/>\n<strong>Artiste :<\/strong> Cormega<br \/>\n<strong>Etat :<\/strong>\u00a0Neuf<br \/>\n<strong>Format :<\/strong>\u00a0Vinyle, LP, Album<br \/>\n<strong>Label :<\/strong> Aura<br \/>\n<strong>Edition :<\/strong> R\u00e9\u00e9dition 2022 (20e Anniversaire Edition Limit\u00e9e &#8211; Vinyle argent\u00e9)<br \/>\n<strong>Date de sortie :<\/strong>\u00a02002<br \/>\n<strong>Genre :<\/strong>\u00a0Hip-Hop\u00a0\/ Rap US \/ East Coast \/ Underground<\/p>\n","protected":false},"featured_media":99346,"comment_status":"open","ping_status":"closed","template":"","meta":{"om_disable_all_campaigns":false,"_monsterinsights_skip_tracking":false,"_monsterinsights_sitenote_active":false,"_monsterinsights_sitenote_note":"","_monsterinsights_sitenote_category":0},"product_brand":[],"product_cat":[6172,6174],"product_tag":[5374,7266,7289,5337,9091,5325,5326,7693,8477,6986,9089],"class_list":{"0":"post-72550","1":"product","2":"type-product","3":"status-publish","4":"has-post-thumbnail","6":"product_cat-2000s","7":"product_cat-east-coast","8":"product_tag-2000s","9":"product_tag-collector","10":"product_tag-cormega","11":"product_tag-east-coast","12":"product_tag-edition-limitee","13":"product_tag-hip-hop","14":"product_tag-rap-us","15":"product_tag-reedition","16":"product_tag-the-true-meaning","17":"product_tag-underground-fr","18":"product_tag-vinyle-colore","19":"product_shipping_class-2-lp","21":"first","22":"instock","23":"sold-individually","24":"taxable","25":"shipping-taxable","26":"purchasable","27":"product-type-simple"},"aioseo_notices":[],"_links":{"self":[{"href":"https:\/\/hiphop4life.fr\/shop\/wp-json\/wp\/v2\/product\/72550","targetHints":{"allow":["GET"]}}],"collection":[{"href":"https:\/\/hiphop4life.fr\/shop\/wp-json\/wp\/v2\/product"}],"about":[{"href":"https:\/\/hiphop4life.fr\/shop\/wp-json\/wp\/v2\/types\/product"}],"replies":[{"embeddable":true,"href":"https:\/\/hiphop4life.fr\/shop\/wp-json\/wp\/v2\/comments?post=72550"}],"wp:featuredmedia":[{"embeddable":true,"href":"https:\/\/hiphop4life.fr\/shop\/wp-json\/wp\/v2\/media\/99346"}],"wp:attachment":[{"href":"https:\/\/hiphop4life.fr\/shop\/wp-json\/wp\/v2\/media?parent=72550"}],"wp:term":[{"taxonomy":"product_brand","embeddable":true,"href":"https:\/\/hiphop4life.fr\/shop\/wp-json\/wp\/v2\/product_brand?post=72550"},{"taxonomy":"product_cat","embeddable":true,"href":"https:\/\/hiphop4life.fr\/shop\/wp-json\/wp\/v2\/product_cat?post=72550"},{"taxonomy":"product_tag","embeddable":true,"href":"https:\/\/hiphop4life.fr\/shop\/wp-json\/wp\/v2\/product_tag?post=72550"}],"curies":[{"name":"wp","href":"https:\/\/api.w.org\/{rel}","templated":true}]}}