{"id":73713,"date":"2021-05-07T10:58:43","date_gmt":"2021-05-07T08:58:43","guid":{"rendered":"http:\/\/hiphop4life.fr\/shop\/?post_type=product&#038;p=73713"},"modified":"2022-10-03T15:55:32","modified_gmt":"2022-10-03T13:55:32","slug":"common-can-i-borrow-a-dollar-vinyle","status":"publish","type":"product","link":"https:\/\/hiphop4life.fr\/shop\/produit\/common-can-i-borrow-a-dollar-vinyle\/","title":{"rendered":"Common &#8211; Can I Borrow A Dollar? [25e Anniversaire Vinyle]"},"content":{"rendered":"<div class=\"wpb-content-wrapper\"><p>[vc_row][vc_column width=\u00a0\u00bb1\/1&Prime;][vc_single_image media=\u00a0\u00bb73714&Prime; media_width_percent=\u00a0\u00bb100&Prime;][vc_column_text]<iframe src=\"https:\/\/open.spotify.com\/embed\/album\/5CcW5rXAUdUUail7aaDwNi\" width=\"300\" height=\"380\" frameborder=\"0\"><\/iframe><\/p>\n<p><strong>Tracklist<\/strong><\/p>\n<p><em>1. \u00ab\u00a0A Penny for My Thoughts\u00a0\u00bb<\/em><br \/>\n<em> 2. \u00ab\u00a0Charms Alarm\u00a0\u00bb<\/em><br \/>\n<em> 3. \u00ab\u00a0Take It EZ\u00a0\u00bb<\/em><br \/>\n<em> 4. \u00ab\u00a0Heidi Hoe\u00a0\u00bb<\/em><br \/>\n<em> 5. \u00ab\u00a0Breaker 1\/9\u00a0\u00bb<\/em><br \/>\n<em> 6. \u00ab\u00a0Two Scoops of Raisins\u00a0\u00bb<\/em><br \/>\n<em> 7. \u00ab\u00a0No Defense\u00a0\u00bb<\/em><br \/>\n<em> 8. \u00ab\u00a0Blows to the Temple\u00a0\u00bb<\/em><br \/>\n<em> 9. \u00ab\u00a0Just in the Nick of Rhyme\u00a0\u00bb<\/em><br \/>\n<em> 10. \u00ab\u00a0Tricks Up My Sleeve\u00a0\u00bb<\/em><br \/>\n<em> 11. \u00ab\u00a0Puppy Chow\u00a0\u00bb<\/em><br \/>\n<em> 12. \u00ab\u00a0Soul by the Pound\u00a0\u00bb<\/em><br \/>\n<em> 13. \u00ab\u00a0Pitchin&rsquo; Pennies\u00a0\u00bb<\/em><\/p>\n<p>Les meilleurs sons de\u00a0<strong>Common\u00a0<\/strong>sont \u00e0 \u00e9couter dans la playlist Hip-Hop 4 Life : <a href=\"http:\/\/hiphop4life.fr\/chroniques\/playlists\/\"><em><strong>Chi-Town<\/strong><\/em><\/a>.<em><br \/>\n<\/em>[\/vc_column_text][\/vc_column][\/vc_row]<\/p>\n<\/div>","protected":false},"excerpt":{"rendered":"<p><strong>R\u00e9\u00e9dition 25\u00e8me anniversaire : 2LP + vinyle\u00a07&Prime; avec les bonus tracks \u00ab\u00a0Can-I-Bust\u00a0\u00bb et l&rsquo;instrumental de \u00ab\u00a0Breaker 1\/9\u00a0\u00bb<\/strong><\/p>\n<p>Album :\u00a0Can I Borrow A Dollar?<br \/>\n<strong>Artiste :<\/strong>\u00a0Common<br \/>\n<strong>Etat :<\/strong>\u00a0Neuf<br \/>\n<strong>Format :<\/strong>\u00a0Vinyle, 2 LP + 7&Prime;, Album<br \/>\n<strong>Label :<\/strong>\u00a0Nature Sounds<br \/>\n<strong>Edition :<\/strong> R\u00e9\u00e9dition 2017 25\u00e8me Anniversaire<br \/>\n<strong>Date de sortie :<\/strong>\u00a01992<br \/>\n<strong>Genre :<\/strong>\u00a0Hip-Hop \/ Rap US \/\u00a0Rap Conscient\u00a0\/ Jazz Rap<\/p>\n","protected":false},"featured_media":73715,"comment_status":"open","ping_status":"closed","template":"","meta":{"om_disable_all_campaigns":false,"_monsterinsights_skip_tracking":false,"_monsterinsights_sitenote_active":false,"_monsterinsights_sitenote_note":"","_monsterinsights_sitenote_category":0},"product_brand":[],"product_cat":[6171,6177],"product_tag":[8572,6127,7266,6133,5339,5325,6131,5361,5326,7693],"class_list":{"0":"post-73713","1":"product","2":"type-product","3":"status-publish","4":"has-post-thumbnail","6":"product_cat-golden-age","7":"product_cat-midwest","8":"product_tag-can-i-borrow-a-dollar","9":"product_tag-chicago","10":"product_tag-collector","11":"product_tag-common","12":"product_tag-golden-age","13":"product_tag-hip-hop","14":"product_tag-jazz-rap","15":"product_tag-rap-conscient","16":"product_tag-rap-us","17":"product_tag-reedition","18":"product_shipping_class-2-lp","20":"first","21":"instock","22":"taxable","23":"shipping-taxable","24":"purchasable","25":"product-type-simple"},"aioseo_notices":[],"_links":{"self":[{"href":"https:\/\/hiphop4life.fr\/shop\/wp-json\/wp\/v2\/product\/73713","targetHints":{"allow":["GET"]}}],"collection":[{"href":"https:\/\/hiphop4life.fr\/shop\/wp-json\/wp\/v2\/product"}],"about":[{"href":"https:\/\/hiphop4life.fr\/shop\/wp-json\/wp\/v2\/types\/product"}],"replies":[{"embeddable":true,"href":"https:\/\/hiphop4life.fr\/shop\/wp-json\/wp\/v2\/comments?post=73713"}],"wp:featuredmedia":[{"embeddable":true,"href":"https:\/\/hiphop4life.fr\/shop\/wp-json\/wp\/v2\/media\/73715"}],"wp:attachment":[{"href":"https:\/\/hiphop4life.fr\/shop\/wp-json\/wp\/v2\/media?parent=73713"}],"wp:term":[{"taxonomy":"product_brand","embeddable":true,"href":"https:\/\/hiphop4life.fr\/shop\/wp-json\/wp\/v2\/product_brand?post=73713"},{"taxonomy":"product_cat","embeddable":true,"href":"https:\/\/hiphop4life.fr\/shop\/wp-json\/wp\/v2\/product_cat?post=73713"},{"taxonomy":"product_tag","embeddable":true,"href":"https:\/\/hiphop4life.fr\/shop\/wp-json\/wp\/v2\/product_tag?post=73713"}],"curies":[{"name":"wp","href":"https:\/\/api.w.org\/{rel}","templated":true}]}}