{"id":73721,"date":"2022-01-07T11:24:29","date_gmt":"2022-01-07T10:24:29","guid":{"rendered":"http:\/\/hiphop4life.fr\/shop\/?post_type=product&#038;p=73721"},"modified":"2025-02-01T15:31:19","modified_gmt":"2025-02-01T14:31:19","slug":"the-dynospectrum-vinyle","status":"publish","type":"product","link":"https:\/\/hiphop4life.fr\/shop\/produit\/the-dynospectrum-vinyle\/","title":{"rendered":"The Dynospectrum [Vinyle Edition Limit\u00e9e 20e Anniversaire]"},"content":{"rendered":"<div class=\"wpb-content-wrapper\"><p>[vc_row][vc_column width=\u00a0\u00bb1\/1&Prime;][vc_single_image media=\u00a0\u00bb73722&Prime; media_width_percent=\u00a0\u00bb100&Prime;][vc_column_text]<iframe src=\"https:\/\/open.spotify.com\/embed\/album\/4S9QV3CGUuvBhccnYIXG9j\" width=\"300\" height=\"380\" frameborder=\"0\"><\/iframe><\/p>\n<p><strong>Tracklist<\/strong><\/p>\n<div class=\"description\">\n<div class=\"\">\n<ol class=\"\">\n<li><em>You Can Lose Your Mind<\/em><\/li>\n<li><em>Introspectrum<\/em><\/li>\n<li><em>Headphone Static<\/em><\/li>\n<li><em>Permanent On Surfaces<\/em><\/li>\n<li><em>Breath Of Fresh<\/em><\/li>\n<li><em>The Winter Moon<\/em><\/li>\n<li><em>Brief Interlude<\/em><\/li>\n<li><em>Appearing Live<\/em><\/li>\n<li><em>Southside Myth<\/em><\/li>\n<li><em>Traction<\/em><\/li>\n<li><em>Decompression Chamber<\/em><\/li>\n<li><em>Evidence Of Things Not Seen<\/em><\/li>\n<li><em>Superior Friends<\/em><\/li>\n<li><em>I Wouldn&rsquo;t Want You To Die Uninformed<\/em><\/li>\n<li><em>Tenfold<\/em><\/li>\n<li><em>Anything Is Everything<\/em><\/li>\n<li><em>Armor<\/em><\/li>\n<li><em>Mass Exodus (Bonus Track)<\/em><\/li>\n<li><em>He Who Dies With The Most Toys (Bonus Track)<\/em><\/li>\n<li><em>Obstacles (Bonus Track)<\/em><\/li>\n<\/ol>\n<\/div>\n<\/div>\n<p>Les meilleurs sons de The Dynospectrum sont \u00e0 retrouver dans la playlist Hip-Hop 4 Life : <a href=\"http:\/\/hiphop4life.fr\/chroniques\/playlists\/\">GodLovesUgly<\/a>[\/vc_column_text][\/vc_column][\/vc_row]<\/p>\n<\/div>","protected":false},"excerpt":{"rendered":"<p><strong>Pour la 1\u00e8re fois en vinyle !<br \/>\nInclus 3LP vinyles couleur cr\u00e8me et noir contenant l&rsquo;album + trois chansons bonus, 8 affiches pliables et une carte de t\u00e9l\u00e9chargement MP3, y compris les instrumentaux.<\/strong><\/p>\n<p>Album : The Dynospectrum<br \/>\n<strong>Artiste :<\/strong> The Dynospectrum (Slug, Ant, I Self Devine, Musab, Gene Poole)<br \/>\n<strong>Etat :<\/strong>\u00a0Neuf<br \/>\n<strong>Format :<\/strong>\u00a0Vinyle, 3 LP, Album<br \/>\n<strong>Label :<\/strong> Rhymesayers<br \/>\n<strong>Edition :<\/strong> Originale (1er pressage en vinyle) 2018 &#8211;\u00a0Edition Limit\u00e9e 20e Anniversaire<br \/>\n<strong>Date de sortie :<\/strong>\u00a01998<br \/>\n<strong>Genre :<\/strong>\u00a0Hip-Hop\u00a0\/ Rap US \/ Underground<\/p>\n","protected":false},"featured_media":73723,"comment_status":"open","ping_status":"closed","template":"","meta":{"om_disable_all_campaigns":false,"_monsterinsights_skip_tracking":false,"_monsterinsights_sitenote_active":false,"_monsterinsights_sitenote_note":"","_monsterinsights_sitenote_category":0},"product_brand":[],"product_cat":[6171],"product_tag":[6938,7266,8583,5339,5325,8579,8581,7701,5326,6934,7101,8577,6986],"class_list":{"0":"post-73721","1":"product","2":"type-product","3":"status-publish","4":"has-post-thumbnail","6":"product_cat-golden-age","7":"product_tag-ant","8":"product_tag-collector","9":"product_tag-gene-poole","10":"product_tag-golden-age","11":"product_tag-hip-hop","12":"product_tag-i-self-devine","13":"product_tag-musab","14":"product_tag-original","15":"product_tag-rap-us","16":"product_tag-rhymesayers","17":"product_tag-slug","18":"product_tag-the-dynospectrum","19":"product_tag-underground-fr","20":"product_shipping_class-3-lp","22":"first","23":"instock","24":"taxable","25":"shipping-taxable","26":"purchasable","27":"product-type-simple"},"aioseo_notices":[],"_links":{"self":[{"href":"https:\/\/hiphop4life.fr\/shop\/wp-json\/wp\/v2\/product\/73721","targetHints":{"allow":["GET"]}}],"collection":[{"href":"https:\/\/hiphop4life.fr\/shop\/wp-json\/wp\/v2\/product"}],"about":[{"href":"https:\/\/hiphop4life.fr\/shop\/wp-json\/wp\/v2\/types\/product"}],"replies":[{"embeddable":true,"href":"https:\/\/hiphop4life.fr\/shop\/wp-json\/wp\/v2\/comments?post=73721"}],"wp:featuredmedia":[{"embeddable":true,"href":"https:\/\/hiphop4life.fr\/shop\/wp-json\/wp\/v2\/media\/73723"}],"wp:attachment":[{"href":"https:\/\/hiphop4life.fr\/shop\/wp-json\/wp\/v2\/media?parent=73721"}],"wp:term":[{"taxonomy":"product_brand","embeddable":true,"href":"https:\/\/hiphop4life.fr\/shop\/wp-json\/wp\/v2\/product_brand?post=73721"},{"taxonomy":"product_cat","embeddable":true,"href":"https:\/\/hiphop4life.fr\/shop\/wp-json\/wp\/v2\/product_cat?post=73721"},{"taxonomy":"product_tag","embeddable":true,"href":"https:\/\/hiphop4life.fr\/shop\/wp-json\/wp\/v2\/product_tag?post=73721"}],"curies":[{"name":"wp","href":"https:\/\/api.w.org\/{rel}","templated":true}]}}