{"id":73926,"date":"2016-01-01T15:40:26","date_gmt":"2016-01-01T14:40:26","guid":{"rendered":"http:\/\/hiphop4life.fr\/shop\/?post_type=product&#038;p=73926"},"modified":"2023-12-15T14:56:02","modified_gmt":"2023-12-15T13:56:02","slug":"evidence-cats-dogs-vinyle","status":"publish","type":"product","link":"https:\/\/hiphop4life.fr\/shop\/produit\/evidence-cats-dogs-vinyle\/","title":{"rendered":"Evidence &#8211; Cats &#038; Dogs [Vinyles Rose &#038; Jaune]"},"content":{"rendered":"<div class=\"wpb-content-wrapper\"><p>[vc_row][vc_column width=\u00a0\u00bb1\/1&Prime;][vc_column_text]<strong>Extrait de la chronique Hip-Hop 4 Life :<\/strong><\/p>\n<p>[&#8230;] Sa marque de fabrique, son slow flow mythique, est encore bien pr\u00e9sente dans cet album et colle d\u2019ailleurs tr\u00e8s bien au tempo plut\u00f4t lent des productions.<br \/>\nAu m\u00eame titre que Blu et Fashawn, Evidence repr\u00e9sente cette sc\u00e8ne alternive de Los Angeles qui a compris que le gangsta rap \u00e9tait d\u00e9finitivement mort et qui ne s\u2019\u00e9vertue pas \u00e0 faire survivre une \u00e9poque r\u00e9volue.\u00a0[&#8230;]<\/p>\n\n<p><strong>Tracklist<\/strong><\/p>\n<p><em>1. \u00ab\u00a0The Liner Notes\u00a0\u00bb\u00a0(feat.\u00a0Aloe Blacc)<\/em><br \/>\n<em>2. \u00ab\u00a0Strangers\u00a0\u00bb<\/em><br \/>\n<em>3. \u00ab\u00a0The Red Carpet\u00a0\u00bb\u00a0(feat.\u00a0Raekwon\u00a0&amp;\u00a0Ras Kass)<\/em><br \/>\n<em>4. \u00ab\u00a0It Wasn&rsquo;t Me\u00a0\u00bb<\/em><br \/>\n<em>5. \u00ab\u00a0I Don&rsquo;t Need Love\u00a0\u00bb<\/em><br \/>\n<em>6. \u00ab\u00a0You\u00a0\u00bb<\/em><br \/>\n<em>7. \u00ab\u00a0God Bless that Man\u00a0\u00bb\u00a0(Interlude)<\/em><br \/>\n<em>8. \u00ab\u00a0Fame\u00a0\u00bb\u00a0(feat.\u00a0Roc Marciano\u00a0&amp;\u00a0Prodigy)<\/em><br \/>\n<em>9. \u00ab\u00a0James Hendrix\u00a0\u00bb\u00a0(performed by\u00a0Step Brothers)<\/em><br \/>\n<em>10. \u00ab\u00a0Late for the Sky\u00a0\u00bb\u00a0(feat.\u00a0Slug\u00a0&amp;\u00a0Aesop Rock)<\/em><br \/>\n<em>11. \u00ab\u00a0Crash\u00a0\u00bb<\/em><br \/>\n<em>12. \u00ab\u00a0Where You Come From?\u00a0\u00bb\u00a0(feat.\u00a0Rakaa,\u00a0Lil&rsquo; Fame\u00a0&amp;\u00a0Termanology)<\/em><br \/>\n<em>13. \u00ab\u00a0Untitled\u00a0\u00bb<\/em><br \/>\n<em>14. \u00ab\u00a0To Be Continued&#8230;\u00a0\u00bb<\/em><br \/>\n<em>15. \u00ab\u00a0Falling Down\u00a0\u00bb<\/em><br \/>\n<em>16. \u00ab\u00a0Well Runs Dry\u00a0\u00bb\u00a0(feat.\u00a0Krondon)<\/em><br \/>\n<em>17. \u00ab\u00a0The Epilogue\u00a0\u00bb<\/em><\/p>\n<p>Les meilleures chansons d&rsquo;<strong>Evidence<\/strong> sont dans la playlist\u00a0<strong>Hip-Hop 4 Life<\/strong>\u00a0: <em><a href=\"http:\/\/hiphop4life.fr\/chroniques\/playlists\/\"><strong>GodLovesUgly<\/strong><\/a>.<br \/>\n<\/em>[\/vc_column_text][\/vc_column][\/vc_row]<\/p>\n<\/div>","protected":false},"excerpt":{"rendered":"<p><strong>Album :<\/strong>\u00a0Cats &amp; Dogs<br \/>\n<strong>Artiste :<\/strong> Evidence<br \/>\n<strong>Etat :<\/strong>\u00a0Neuf<br \/>\n<strong>Format :<\/strong>\u00a0Vinyle, 2 LP, Album<br \/>\n<strong>Label :<\/strong> Rhymesayers<br \/>\n<strong>Edition :<\/strong> R\u00e9\u00e9dition 2018 &#8211; Vinyles Rose &amp; Jaune<br \/>\n<strong>Date de sortie :<\/strong>\u00a02011<br \/>\n<strong>Genre :<\/strong>\u00a0Hip-Hop\u00a0\/ Rap US \/ West Coast \/ Underground<\/p>\n","protected":false},"featured_media":73928,"comment_status":"open","ping_status":"closed","template":"","meta":{"om_disable_all_campaigns":false,"_monsterinsights_skip_tracking":false,"_monsterinsights_sitenote_active":false,"_monsterinsights_sitenote_note":"","_monsterinsights_sitenote_category":0},"product_brand":[],"product_cat":[6175],"product_tag":[8716,7266,8160,5325,5326,7693,6934,6986,9089,5328],"class_list":{"0":"post-73926","1":"product","2":"type-product","3":"status-publish","4":"has-post-thumbnail","6":"product_cat-west-coast","7":"product_tag-cats-dogs","8":"product_tag-collector","9":"product_tag-evidence","10":"product_tag-hip-hop","11":"product_tag-rap-us","12":"product_tag-reedition","13":"product_tag-rhymesayers","14":"product_tag-underground-fr","15":"product_tag-vinyle-colore","16":"product_tag-west-coast","17":"product_shipping_class-2-lp","19":"first","20":"outofstock","21":"taxable","22":"shipping-taxable","23":"purchasable","24":"product-type-simple"},"aioseo_notices":[],"_links":{"self":[{"href":"https:\/\/hiphop4life.fr\/shop\/wp-json\/wp\/v2\/product\/73926","targetHints":{"allow":["GET"]}}],"collection":[{"href":"https:\/\/hiphop4life.fr\/shop\/wp-json\/wp\/v2\/product"}],"about":[{"href":"https:\/\/hiphop4life.fr\/shop\/wp-json\/wp\/v2\/types\/product"}],"replies":[{"embeddable":true,"href":"https:\/\/hiphop4life.fr\/shop\/wp-json\/wp\/v2\/comments?post=73926"}],"wp:featuredmedia":[{"embeddable":true,"href":"https:\/\/hiphop4life.fr\/shop\/wp-json\/wp\/v2\/media\/73928"}],"wp:attachment":[{"href":"https:\/\/hiphop4life.fr\/shop\/wp-json\/wp\/v2\/media?parent=73926"}],"wp:term":[{"taxonomy":"product_brand","embeddable":true,"href":"https:\/\/hiphop4life.fr\/shop\/wp-json\/wp\/v2\/product_brand?post=73926"},{"taxonomy":"product_cat","embeddable":true,"href":"https:\/\/hiphop4life.fr\/shop\/wp-json\/wp\/v2\/product_cat?post=73926"},{"taxonomy":"product_tag","embeddable":true,"href":"https:\/\/hiphop4life.fr\/shop\/wp-json\/wp\/v2\/product_tag?post=73926"}],"curies":[{"name":"wp","href":"https:\/\/api.w.org\/{rel}","templated":true}]}}