{"id":73937,"date":"2016-04-03T16:47:13","date_gmt":"2016-04-03T14:47:13","guid":{"rendered":"http:\/\/hiphop4life.fr\/shop\/?post_type=product&#038;p=73937"},"modified":"2022-01-17T16:15:11","modified_gmt":"2022-01-17T15:15:11","slug":"bone-thugs-n-harmony-e1999-eternal-vinyle","status":"publish","type":"product","link":"https:\/\/hiphop4life.fr\/shop\/produit\/bone-thugs-n-harmony-e1999-eternal-vinyle\/","title":{"rendered":"Bone Thugs-N-Harmony &#8211; E. 1999 Eternal [Vinyle Orange]"},"content":{"rendered":"<div class=\"wpb-content-wrapper\"><p>[vc_row][vc_column width=\u00a0\u00bb1\/1&Prime;][vc_single_image media=\u00a0\u00bb73938&Prime; media_width_percent=\u00a0\u00bb100&Prime;][vc_column_text]<\/p>\n<p><strong>Tracklist<\/strong><\/p>\n<p><em>1. \u00ab\u00a0Da Introduction\u00a0\u00bb <\/em><br \/>\n<em>2. \u00ab\u00a0East 1999\u00a0\u00bb <\/em><br \/>\n<em>3. \u00ab\u00a0Eternal\u00a0\u00bb <\/em><br \/>\n<em>4. \u00ab\u00a0Crept and We Came\u00a0\u00bb <\/em><br \/>\n<em>5. \u00ab\u00a0Down &rsquo;71 (The Getaway)\u00a0\u00bb <\/em><br \/>\n<em>6. \u00ab\u00a0Mr. Bill Collector\u00a0\u00bb <\/em><br \/>\n<em>7. \u00ab\u00a0Budsmokers Only\u00a0\u00bb <\/em><br \/>\n<em>8. \u00ab\u00a0Tha Crossroads\u00a0\u00bb <\/em><br \/>\n<em>9. \u00ab\u00a0Me Killa\u00a0\u00bb <\/em><br \/>\n<em>10. \u00ab\u00a0Land of tha Heartless\u00a0\u00bb <\/em><br \/>\n<em>11. \u00ab\u00a0No Shorts, No Losses\u00a0\u00bb <\/em><br \/>\n<em>12. \u00ab\u00a01st of tha Month\u00a0\u00bb <\/em><br \/>\n<em>13. \u00ab\u00a0Buddah Lovaz\u00a0\u00bb <\/em><br \/>\n<em>14. \u00ab\u00a0Die Die Die\u00a0\u00bb <\/em><br \/>\n<em>15. \u00ab\u00a0Mr. Ouija 2\u00a0\u00bb <\/em><br \/>\n<em>16. \u00ab\u00a0Mo&rsquo; Murda\u00a0\u00bb <\/em><br \/>\n<em>17. \u00ab\u00a0Shotz to tha Double Glock (feat. Gates,\u00a0Poetic Hustla&rsquo;z\u00a0&amp; Tombstone)\u00a0\u00bb<\/em>[\/vc_column_text][\/vc_column][\/vc_row]<\/p>\n<\/div>","protected":false},"excerpt":{"rendered":"<p><strong>Album :<\/strong> E. 1999 Eternal<br \/>\n<strong>Artiste :<\/strong> Bone Thugs-N-Harmony<br \/>\n<strong>Etat :<\/strong>\u00a0Neuf<br \/>\n<strong>Format :<\/strong>\u00a0Vinyle, 2 LP, Album<br \/>\n<strong>Label :<\/strong> Ruthless Records<br \/>\n<strong>Edition :<\/strong> R\u00e9\u00e9dition &#8211; Vinyle Orange \u00c9dition Limit\u00e9e<br \/>\n<strong>Date de sortie :<\/strong>\u00a01995<br \/>\n<strong>Genre :<\/strong>\u00a0Hip-Hop\u00a0\/ Rap US \/ West Coast \/ Golden Age \/ R&amp;B<\/p>\n","protected":false},"featured_media":73939,"comment_status":"open","ping_status":"closed","template":"","meta":{"om_disable_all_campaigns":false,"_monsterinsights_skip_tracking":false,"_monsterinsights_sitenote_active":false,"_monsterinsights_sitenote_note":"","_monsterinsights_sitenote_category":0},"product_brand":[],"product_cat":[6171,6179,6175],"product_tag":[8721,7266,8723,9091,5339,5325,5347,5326,7693,9089,5328],"class_list":{"0":"post-73937","1":"product","2":"type-product","3":"status-publish","4":"has-post-thumbnail","6":"product_cat-golden-age","7":"product_cat-soul-rnb","8":"product_cat-west-coast","9":"product_tag-bone-thugs-n-harmony","10":"product_tag-collector","11":"product_tag-e-1999-eternal","12":"product_tag-edition-limitee","13":"product_tag-golden-age","14":"product_tag-hip-hop","15":"product_tag-r-n-b","16":"product_tag-rap-us","17":"product_tag-reedition","18":"product_tag-vinyle-colore","19":"product_tag-west-coast","20":"product_shipping_class-2-lp","22":"first","23":"outofstock","24":"taxable","25":"shipping-taxable","26":"purchasable","27":"product-type-simple"},"aioseo_notices":[],"_links":{"self":[{"href":"https:\/\/hiphop4life.fr\/shop\/wp-json\/wp\/v2\/product\/73937","targetHints":{"allow":["GET"]}}],"collection":[{"href":"https:\/\/hiphop4life.fr\/shop\/wp-json\/wp\/v2\/product"}],"about":[{"href":"https:\/\/hiphop4life.fr\/shop\/wp-json\/wp\/v2\/types\/product"}],"replies":[{"embeddable":true,"href":"https:\/\/hiphop4life.fr\/shop\/wp-json\/wp\/v2\/comments?post=73937"}],"wp:featuredmedia":[{"embeddable":true,"href":"https:\/\/hiphop4life.fr\/shop\/wp-json\/wp\/v2\/media\/73939"}],"wp:attachment":[{"href":"https:\/\/hiphop4life.fr\/shop\/wp-json\/wp\/v2\/media?parent=73937"}],"wp:term":[{"taxonomy":"product_brand","embeddable":true,"href":"https:\/\/hiphop4life.fr\/shop\/wp-json\/wp\/v2\/product_brand?post=73937"},{"taxonomy":"product_cat","embeddable":true,"href":"https:\/\/hiphop4life.fr\/shop\/wp-json\/wp\/v2\/product_cat?post=73937"},{"taxonomy":"product_tag","embeddable":true,"href":"https:\/\/hiphop4life.fr\/shop\/wp-json\/wp\/v2\/product_tag?post=73937"}],"curies":[{"name":"wp","href":"https:\/\/api.w.org\/{rel}","templated":true}]}}