{"id":74134,"date":"2016-02-25T12:00:53","date_gmt":"2016-02-25T11:00:53","guid":{"rendered":"http:\/\/hiphop4life.fr\/shop\/?post_type=product&#038;p=74134"},"modified":"2022-01-17T16:19:40","modified_gmt":"2022-01-17T15:19:40","slug":"three-6-mafia-most-known-unknown-vinyle","status":"publish","type":"product","link":"https:\/\/hiphop4life.fr\/shop\/produit\/three-6-mafia-most-known-unknown-vinyle\/","title":{"rendered":"Three 6 Mafia &#8211; Most Known Unknown [Vinyle]"},"content":{"rendered":"<div class=\"wpb-content-wrapper\">\n<p><strong>Tracklist<\/strong><\/p>\n<p><em>1. Most Known Unknown Hits\u00a0<\/em><br \/>\n<em>2. Stay Fly (Feat. Young Buck, 8Ball &amp; MJG)\u00a0<\/em><br \/>\n<em>3. Roll With It (Feat. Project Pat)\u00a0<\/em><br \/>\n<em>4. Don&rsquo;t Violate (Feat. Frayser Boy)\u00a0<\/em><br \/>\n<em>5. Swervin&rsquo; (Feat. Mike Jones &amp; Paul Wall)\u00a0<\/em><br \/>\n<em>6. Knock Tha Black Off Yo Ass (Feat. Project Pat)\u00a0<\/em><br \/>\n<em>7. Poppin&rsquo; My Collar (Feat. Mr. Bigg)\u00a0<\/em><br \/>\n<em>8. Hard Hittaz (Feat. Boogiemane)\u00a0<\/em><br \/>\n<em>9. Side 2 Side\u00a0<\/em><br \/>\n<em>10. Half On A Sack\u00a0<\/em><br \/>\n<em>11. Skit\u00a0<\/em><br \/>\n<em>12. When I Pull Up At The Club (Feat. Paul Wall &amp; Mr. Bigg)\u00a0<\/em><br \/>\n<em>13. Pussy Got Ya Hooked (Feat. Remy Ma)\u00a0<\/em><br \/>\n<em>14. Don&rsquo;t Cha Get Mad (Feat. Lil Flip &amp; Mr. Bigg)\u00a0<\/em><br \/>\n<em>15. Body Parts 3 (Feat. Boogiemane, Frayser Boy, Lil Wyte, Chrome Korleone, Grandaddy Souf &amp; Project Pat)\u00a0<\/em><br \/>\n<em>16. Stay Fly (Remix) (Feat. Slim Thug, Trick Daddy &amp; Project Pat)\u00a0<\/em><br \/>\n<em>17. Outro<\/em><\/p>\n<p><b>Bonus Tracks:<\/b><\/p>\n<p><em>18. Got It 4 Sale (Feat. Chrome Korleone)\u00a0<\/em><br \/>\n<em>19. Let&rsquo;s Plan A Robbery\u00a0<\/em><br \/>\n<em>20. Dancin On A Pole (Feat. Chrome Korleone)\u00a0<\/em><br \/>\n<em>21. Ain&rsquo;t Got Time For Gamez<\/em>[\/vc_column_text][\/vc_column][\/vc_row]<\/p>\n<\/div>","protected":false},"excerpt":{"rendered":"<p><strong>Edition Deluxe :<\/strong><\/p>\n<ul>\n<li>Press\u00e9 sur vinyle 180g<\/li>\n<li>Edition limit\u00e9e \u00e0 300 exemplaires num\u00e9rot\u00e9s<\/li>\n<li>4 bonus tracks<\/li>\n<li>Remasteris\u00e9 sp\u00e9cialement pour le vinyle<\/li>\n<li>Emballage haute qualit\u00e9 avec artwork original et pochettes<\/li>\n<\/ul>\n<p><strong><br \/>\nAlbum :<\/strong> Most Known Unknown<br \/>\n<strong>Artiste :<\/strong> Three 6 Mafia<br \/>\n<strong>Etat :<\/strong>\u00a0Neuf<br \/>\n<strong>Format :<\/strong>\u00a0Vinyle, 2 LP, Album<br \/>\n<strong>Label :<\/strong> Omerta<br \/>\n<strong>Edition :<\/strong>\u00a0R\u00e9\u00e9dition Deluxe 2017 Omerta &#8211; Remasteris\u00e9 180g + 4 bonus tracks<br \/>\n<strong>Date de sortie :<\/strong>\u00a02005<br \/>\n<strong>Genre :<\/strong>\u00a0Hip-Hop\u00a0\/ Rap US \/ Dirty South \/ Crunk \/ Hardcore<\/p>\n","protected":false},"featured_media":74136,"comment_status":"open","ping_status":"closed","template":"","meta":{"om_disable_all_campaigns":false,"_monsterinsights_skip_tracking":false,"_monsterinsights_sitenote_active":false,"_monsterinsights_sitenote_note":"","_monsterinsights_sitenote_category":0},"product_brand":[],"product_cat":[6172,6176],"product_tag":[7705,7266,8842,8848,5372,6110,5871,5325,8846,5326,7693,7695,8844],"class_list":{"0":"post-74134","1":"product","2":"type-product","3":"status-publish","4":"has-post-thumbnail","6":"product_cat-2000s","7":"product_cat-dirty-south","8":"product_tag-180g","9":"product_tag-collector","10":"product_tag-crunk","11":"product_tag-deluxe","12":"product_tag-dirty-south","13":"product_tag-gangsta-rap","14":"product_tag-hardcore","15":"product_tag-hip-hop","16":"product_tag-most-known-unknown","17":"product_tag-rap-us","18":"product_tag-reedition","19":"product_tag-remasterise","20":"product_tag-three-6-mafia","21":"product_shipping_class-2-lp","23":"first","24":"outofstock","25":"taxable","26":"shipping-taxable","27":"purchasable","28":"product-type-simple"},"aioseo_notices":[],"_links":{"self":[{"href":"https:\/\/hiphop4life.fr\/shop\/wp-json\/wp\/v2\/product\/74134","targetHints":{"allow":["GET"]}}],"collection":[{"href":"https:\/\/hiphop4life.fr\/shop\/wp-json\/wp\/v2\/product"}],"about":[{"href":"https:\/\/hiphop4life.fr\/shop\/wp-json\/wp\/v2\/types\/product"}],"replies":[{"embeddable":true,"href":"https:\/\/hiphop4life.fr\/shop\/wp-json\/wp\/v2\/comments?post=74134"}],"wp:featuredmedia":[{"embeddable":true,"href":"https:\/\/hiphop4life.fr\/shop\/wp-json\/wp\/v2\/media\/74136"}],"wp:attachment":[{"href":"https:\/\/hiphop4life.fr\/shop\/wp-json\/wp\/v2\/media?parent=74134"}],"wp:term":[{"taxonomy":"product_brand","embeddable":true,"href":"https:\/\/hiphop4life.fr\/shop\/wp-json\/wp\/v2\/product_brand?post=74134"},{"taxonomy":"product_cat","embeddable":true,"href":"https:\/\/hiphop4life.fr\/shop\/wp-json\/wp\/v2\/product_cat?post=74134"},{"taxonomy":"product_tag","embeddable":true,"href":"https:\/\/hiphop4life.fr\/shop\/wp-json\/wp\/v2\/product_tag?post=74134"}],"curies":[{"name":"wp","href":"https:\/\/api.w.org\/{rel}","templated":true}]}}