{"id":74371,"date":"2016-01-06T18:55:03","date_gmt":"2016-01-06T17:55:03","guid":{"rendered":"http:\/\/hiphop4life.fr\/shop\/?post_type=product&#038;p=74371"},"modified":"2022-07-06T20:09:56","modified_gmt":"2022-07-06T18:09:56","slug":"guru-jazzmatazz-box-deluxe","status":"publish","type":"product","link":"https:\/\/hiphop4life.fr\/shop\/produit\/guru-jazzmatazz-box-deluxe\/","title":{"rendered":"Guru &#8211; Jazzmatazz [Box Deluxe 25\u00e8me Anniversaire]"},"content":{"rendered":"<div class=\"wpb-content-wrapper\"><p>[vc_row][vc_column width=\u00a0\u00bb1\/1&Prime;][vc_column_text]Guru\u00a0s&rsquo;\u00e9loigne un instant du boom-bap signature\u00a0de DJ Premier pour pr\u00eater sa voix de velours et son flow nonchalant \u00e0 un live band de jazzmen de l\u00e9gende constitu\u00e9 de\u00a0Lonnie Liston Smith, Branford Marsalis, Ronny Jordan, Donald Byrd\u00a0et\u00a0Roy Ayers.<br \/>\nMoins mythique que les classiques de Gang Starr, ce premier solo de Guru l&rsquo;installe comme une figure incontournable d&rsquo;un rap alternatif, intelligent et organique, le meilleur opus de la s\u00e9rie\u00a0<em>Jazzmatazz<\/em>\u00a0et\u00a0un album r\u00e9f\u00e9rence du Jazz Rap.[\/vc_column_text][vc_single_image media=\u00a0\u00bb69405&Prime; media_width_percent=\u00a0\u00bb100&Prime;][vc_column_text]<iframe src=\"https:\/\/embed.spotify.com\/?uri=spotify%3Aalbum%3A64J8girYqmK86ebqBayrjQ\" width=\"300\" height=\"380\" frameborder=\"0\"><\/iframe><\/p>\n<p><strong>Tracklist<\/strong><\/p>\n<p>Side A<br \/>\n<em>1. Introduction<\/em><br \/>\n<em>2. Loungin\u2019<\/em><br \/>\n<em>3. When You\u2019re Near (featuring Simon Law)<\/em><br \/>\n<em>4. Transit Ride (featuring Zachary Breaux)<\/em><br \/>\n<em>5. No Time To Play (featuring Ronnie Jordan)<\/em><br \/>\n<em>6. Down The Backstreets (featuring Lonnie Liston Smith)<\/em><\/p>\n<p>Side B<br \/>\n<em>1. Respectful Dedication<\/em><br \/>\n<em>2. Take A Look (At Yourself) (featuring Roy Ayers) 3. Trust Me<\/em><br \/>\n<em>4. Slicker Than Most<\/em><br \/>\n<em>5. Le Bien, Le Mal<\/em><br \/>\n<em>6. Sights In The City<\/em><\/p>\n<p>LP #2 \u2013 INSTRUMENTALS<\/p>\n<p>Side A<br \/>\n<em>1. Loungin\u2019 (Instrumental)<\/em><br \/>\n<em>2. When You\u2019re Near (featuring Simon Law) (Instrumental)<\/em><br \/>\n<em>3. Transit Ride (featuring Zachary Breaux) (Instrumental)<\/em><br \/>\n<em>4. No Time To Play (featuring Ronnie Jordan) (Instrumental)<\/em><br \/>\n<em>5. Down The Backstreets (featuring Lonnie Liston Smith) (Instrumental)<\/em><\/p>\n<p>Side B<br \/>\n<em>1. Take A Look (At Yourself) (featuring Roy Ayers) (Instrumental) 2. Trust Me (Instrumental)<\/em><br \/>\n<em>3. Slicker Than Most (Instrumental)<\/em><br \/>\n<em>4. Le Bien, Le Mal (Instrumental)<\/em><br \/>\n<em>5. Sights In The City (Instrumental)<\/em><\/p>\n<p>LP #3 \u2013 RARE REMIXES \/ B-SIDES<\/p>\n<p>Side A<br \/>\n<em>1. Loungin\u2019 (Square Biz Mix)<\/em><br \/>\n<em>2. Loungin\u2019 (Guru Meets The Professor Mix) (featuring Donald Byrd)<\/em><br \/>\n<em>3. Loungin\u2019 (Jazz Not Jazz Mix) (featuring Donald Byrd)<\/em><br \/>\n<em>4. No Time To Play (CJ\u2019s Master Mix) (featuring Ronnie Jordan and Dee C. Lee)<\/em><\/p>\n<p>Side B<br \/>\n<em>1. Trust Me Trust Me (CJ\u2019s Master Mix) (featuring N\u2019Dea Davenport)<\/em><br \/>\n<em>2. Season For Change (Ronnie Jordan featuring Guru)<\/em><br \/>\n<em>3. Season For Change (Dawn Of The Season Mix) (Ronnie Jordan featuring Guru)<\/em><\/p>\n<p>Les meilleurs morceaux de <strong>Guru<\/strong> avec <strong>Gang Starr<\/strong> sont \u00e0 \u00e9couter dans la playlist Hip-Hop 4 Life : <a href=\"http:\/\/hiphop4life.fr\/chroniques\/playlists\/\">Preemo<\/a>.[\/vc_column_text][\/vc_column][\/vc_row]<\/p>\n<\/div>","protected":false},"excerpt":{"rendered":"<p><strong>Inclus dans la box :<br \/>\n<\/strong>&#8211; 1 LP avec l&rsquo;album original<br \/>\n&#8211; 1 LP avec les instrumentaux<br \/>\n&#8211; 1 LP avec des remixes et des B-Sides<\/p>\n<p><strong>Album :\u00a0<\/strong>Jazzmataz, Vol. 1 [Box Deluxe 25\u00e8me Anniversaire]<br \/>\n<strong>Artiste :<\/strong>\u00a0Guru<br \/>\n<strong>Etat :<\/strong>\u00a0Neuf<br \/>\n<strong>Format :<\/strong>\u00a0Vinyle, LP, Album<br \/>\n<strong>Label :<\/strong>\u00a0Chrysalis Records<br \/>\n<strong>Edition :<\/strong> R\u00e9\u00e9dition 2018 Deluxe &#8211; 3 LP Boxset<br \/>\n<strong>Date de sortie :<\/strong>\u00a01993<br \/>\n<strong>Genre :<\/strong>\u00a0Hip-Hop \/ Rap US \/ Jazz Rap \/ Jazz \/ Rap Conscient<\/p>\n","protected":false},"featured_media":74372,"comment_status":"open","ping_status":"closed","template":"","meta":{"om_disable_all_campaigns":false,"_monsterinsights_skip_tracking":false,"_monsterinsights_sitenote_active":false,"_monsterinsights_sitenote_note":"","_monsterinsights_sitenote_category":0},"product_brand":[],"product_cat":[6174,6171],"product_tag":[7705,8022,7266,5447,5337,6021,5339,5446,5325,6101,6131,6019,5361,5326,7693,6986],"class_list":{"0":"post-74371","1":"product","2":"type-product","3":"status-publish","4":"has-post-thumbnail","6":"product_cat-east-coast","7":"product_cat-golden-age","8":"product_tag-180g","9":"product_tag-box","10":"product_tag-collector","11":"product_tag-dj-premier","12":"product_tag-east-coast","13":"product_tag-gang-starr","14":"product_tag-golden-age","15":"product_tag-guru","16":"product_tag-hip-hop","17":"product_tag-jazz","18":"product_tag-jazz-rap","19":"product_tag-jazzmatazz","20":"product_tag-rap-conscient","21":"product_tag-rap-us","22":"product_tag-reedition","23":"product_tag-underground-fr","24":"product_shipping_class-3-lp","26":"first","27":"outofstock","28":"taxable","29":"shipping-taxable","30":"purchasable","31":"product-type-simple"},"aioseo_notices":[],"_links":{"self":[{"href":"https:\/\/hiphop4life.fr\/shop\/wp-json\/wp\/v2\/product\/74371","targetHints":{"allow":["GET"]}}],"collection":[{"href":"https:\/\/hiphop4life.fr\/shop\/wp-json\/wp\/v2\/product"}],"about":[{"href":"https:\/\/hiphop4life.fr\/shop\/wp-json\/wp\/v2\/types\/product"}],"replies":[{"embeddable":true,"href":"https:\/\/hiphop4life.fr\/shop\/wp-json\/wp\/v2\/comments?post=74371"}],"wp:featuredmedia":[{"embeddable":true,"href":"https:\/\/hiphop4life.fr\/shop\/wp-json\/wp\/v2\/media\/74372"}],"wp:attachment":[{"href":"https:\/\/hiphop4life.fr\/shop\/wp-json\/wp\/v2\/media?parent=74371"}],"wp:term":[{"taxonomy":"product_brand","embeddable":true,"href":"https:\/\/hiphop4life.fr\/shop\/wp-json\/wp\/v2\/product_brand?post=74371"},{"taxonomy":"product_cat","embeddable":true,"href":"https:\/\/hiphop4life.fr\/shop\/wp-json\/wp\/v2\/product_cat?post=74371"},{"taxonomy":"product_tag","embeddable":true,"href":"https:\/\/hiphop4life.fr\/shop\/wp-json\/wp\/v2\/product_tag?post=74371"}],"curies":[{"name":"wp","href":"https:\/\/api.w.org\/{rel}","templated":true}]}}