{"id":74513,"date":"2016-07-20T16:16:28","date_gmt":"2016-07-20T14:16:28","guid":{"rendered":"http:\/\/hiphop4life.fr\/shop\/?post_type=product&#038;p=74513"},"modified":"2025-03-14T15:46:32","modified_gmt":"2025-03-14T14:46:32","slug":"masta-ace-incorporated-slaughtahouse-vinyle","status":"publish","type":"product","link":"https:\/\/hiphop4life.fr\/shop\/produit\/masta-ace-incorporated-slaughtahouse-vinyle\/","title":{"rendered":"Masta Ace Incorporated &#8211; Slaughtahouse [Vinyle]"},"content":{"rendered":"<div class=\"wpb-content-wrapper\">\n<p><strong>Tracklist<\/strong><\/p>\n<p><em>1 \u00ab\u00a0A Walk Thru The Valley\u00a0\u00bb<\/em><br \/>\n<em>2 \u00ab\u00a0SlaughtaHouse\u00a0\u00bb<\/em><br \/>\n<em>* \u00ab\u00a0Diggadome [Intro]\u00a0\u00bb<\/em><br \/>\n<em>3 \u00ab\u00a0Late Model Sedan\u00a0\u00bb<\/em><br \/>\n<em>4 \u00ab\u00a0Jeep Ass Niguh\u00a0\u00bb<\/em><br \/>\n<em>5 \u00ab\u00a0The Big East\u00a0\u00bb<\/em><br \/>\n<em>6 \u00ab\u00a0Jack B. Nimble\u00a0\u00bb<\/em><br \/>\n<em>7 \u00ab\u00a0Boom Bashin'\u00a0\u00bb<\/em><br \/>\n<em>8 \u00ab\u00a0The Mad Wunz\u00a0\u00bb<\/em><br \/>\n<em>9 \u00ab\u00a0Style Wars\u00a0\u00bb<\/em><br \/>\n<em>10 \u00ab\u00a0Who U Jackin&rsquo;?\u00a0\u00bb<\/em><br \/>\n<em>11 \u00ab\u00a0Rollin&rsquo; Wit UmDada\u00a0\u00bb<\/em><br \/>\n<em>12 \u00ab\u00a0Ain&rsquo;t U Da Masta\u00a0\u00bb<\/em><br \/>\n<em>13 \u00ab\u00a0Crazy Drunken Style\u00a0\u00bb<\/em><br \/>\n<em>14 \u00ab\u00a0Don&rsquo;t Fuck Around [Outro]\u00a0\u00bb<\/em><br \/>\n<em>15 \u00ab\u00a0Saturday Nite Live\u00a0\u00bb<\/em><\/p>\n<p>Les meilleurs sons de Masta Ace sont \u00e0 retrouver dans la playlist Hip-Hop 4 Life : <a href=\"http:\/\/hiphop4life.fr\/chroniques\/playlists\/\">NY State Of Mind<\/a>[\/vc_column_text][\/vc_column][\/vc_row]<\/p>\n<\/div>","protected":false},"excerpt":{"rendered":"<p><strong>Album :<\/strong> Slaughtahouse<br \/>\n<strong>Artiste :<\/strong> Masta Ace Incorporated<br \/>\n<strong>Etat :<\/strong>\u00a0Neuf<br \/>\n<strong>Format :<\/strong>\u00a0Vinyle, 2 LP, Album<br \/>\n<strong>Label :<\/strong> Craft Recordings<br \/>\n<strong>Edition :<\/strong> R\u00e9\u00e9dition 2018 &#8211; 25\u00e8me Anniversaire<br \/>\n<strong>Date de sortie :<\/strong>\u00a01993<br \/>\n<strong>Genre :<\/strong>\u00a0Hip-Hop\u00a0\/ Rap US \/ East Coast \/ Underground<\/p>\n","protected":false},"featured_media":74515,"comment_status":"open","ping_status":"closed","template":"","meta":{"om_disable_all_campaigns":false,"_monsterinsights_skip_tracking":false,"_monsterinsights_sitenote_active":false,"_monsterinsights_sitenote_note":"","_monsterinsights_sitenote_category":0},"product_brand":[],"product_cat":[6174,6171],"product_tag":[5337,5339,5325,7244,8923,5326,7693,8932,6986],"class_list":{"0":"post-74513","1":"product","2":"type-product","3":"status-publish","4":"has-post-thumbnail","6":"product_cat-east-coast","7":"product_cat-golden-age","8":"product_tag-east-coast","9":"product_tag-golden-age","10":"product_tag-hip-hop","11":"product_tag-masta-ace","12":"product_tag-masta-ace-incorporated","13":"product_tag-rap-us","14":"product_tag-reedition","15":"product_tag-slaughtahouse","16":"product_tag-underground-fr","17":"product_shipping_class-2-lp","19":"first","20":"outofstock","21":"taxable","22":"shipping-taxable","23":"purchasable","24":"product-type-simple"},"aioseo_notices":[],"_links":{"self":[{"href":"https:\/\/hiphop4life.fr\/shop\/wp-json\/wp\/v2\/product\/74513","targetHints":{"allow":["GET"]}}],"collection":[{"href":"https:\/\/hiphop4life.fr\/shop\/wp-json\/wp\/v2\/product"}],"about":[{"href":"https:\/\/hiphop4life.fr\/shop\/wp-json\/wp\/v2\/types\/product"}],"replies":[{"embeddable":true,"href":"https:\/\/hiphop4life.fr\/shop\/wp-json\/wp\/v2\/comments?post=74513"}],"wp:featuredmedia":[{"embeddable":true,"href":"https:\/\/hiphop4life.fr\/shop\/wp-json\/wp\/v2\/media\/74515"}],"wp:attachment":[{"href":"https:\/\/hiphop4life.fr\/shop\/wp-json\/wp\/v2\/media?parent=74513"}],"wp:term":[{"taxonomy":"product_brand","embeddable":true,"href":"https:\/\/hiphop4life.fr\/shop\/wp-json\/wp\/v2\/product_brand?post=74513"},{"taxonomy":"product_cat","embeddable":true,"href":"https:\/\/hiphop4life.fr\/shop\/wp-json\/wp\/v2\/product_cat?post=74513"},{"taxonomy":"product_tag","embeddable":true,"href":"https:\/\/hiphop4life.fr\/shop\/wp-json\/wp\/v2\/product_tag?post=74513"}],"curies":[{"name":"wp","href":"https:\/\/api.w.org\/{rel}","templated":true}]}}