{"id":74557,"date":"2016-08-20T15:41:18","date_gmt":"2016-08-20T13:41:18","guid":{"rendered":"http:\/\/hiphop4life.fr\/shop\/?post_type=product&#038;p=74557"},"modified":"2022-01-17T16:04:43","modified_gmt":"2022-01-17T15:04:43","slug":"atmosphere-sad-clown-bad-year-vinyle-10e-anniversaire-4-ep","status":"publish","type":"product","link":"https:\/\/hiphop4life.fr\/shop\/produit\/atmosphere-sad-clown-bad-year-vinyle-10e-anniversaire-4-ep\/","title":{"rendered":"Atmosphere &#8211; Sad Clown Bad Year [Vinyle Noir &#038; Blanc 10e Anniversaire 4 EP]"},"content":{"rendered":"<div class=\"wpb-content-wrapper\">\n<p><strong>Tracklist :\u00a0<\/strong><\/p>\n<div class=\"\"><strong>Side A<\/strong><\/div>\n<div class=\"\"><em>01: Sunshine<\/em><\/div>\n<div class=\"\"><em>02: The Number One<\/em><\/div>\n<div class=\"\"><em>03: RFTC<\/em><\/div>\n<div class=\"\"><em>04: Mattress<br \/>\n<\/em><em>05: Don\u2019t Forget<\/em><\/div>\n<div class=\"\"><\/div>\n<div class=\"\"><strong>Side B<\/strong><\/div>\n<div class=\"\"><em>06: Peyote<\/em><\/div>\n<div class=\"\"><em>07: Party Over Here<\/em><\/div>\n<div class=\"\"><em>08: Makes The Sun Come Out<\/em><\/div>\n<div class=\"\"><em>09: The Rooster<br \/>\n<\/em><em>10: Lyndale Avenue User\u2019s Manual<\/em><\/div>\n<div class=\"\"><\/div>\n<div class=\"\"><strong>Side C<\/strong><\/div>\n<div class=\"\"><em>11: Don\u2019t Stop<\/em><\/div>\n<div class=\"\"><em>12: 66th Street<\/em><\/div>\n<div class=\"\"><em>13: They All Get Mad At You<\/em><\/div>\n<div class=\"\"><em>14: Beautiful\u00a0<\/em><br \/>\n<em>15: Ha, This One Is About Alcohol Too<\/em><\/div>\n<div class=\"\"><\/div>\n<div class=\"\"><strong>Side D<\/strong><\/div>\n<div class=\"\"><em>16: Less One<\/em><\/div>\n<div class=\"\"><em>17: Good Daddy<\/em><\/div>\n<div class=\"\"><em>18: Carry Me Home<\/em><\/div>\n<div class=\"\"><em>19: Happymess<\/em><\/div>\n<div class=\"\"><em>20: Not Another Day<\/em><\/div>\n<p>Les meilleurs morceaux d&rsquo;<strong>Atmosphere<\/strong>\u00a0\u00e0 retrouver dans la playlist Hip-Hop 4 Life : <a href=\"http:\/\/hiphop4life.fr\/chroniques\/playlists\/\">GodLovesUgly<\/a>.[\/vc_column_text][\/vc_column][\/vc_row][vc_row][vc_column width=\u00a0\u00bb1\/1&Prime;][vc_single_image media=\u00a0\u00bb74558&Prime; media_width_percent=\u00a0\u00bb100&Prime;][\/vc_column][\/vc_row]<\/p>\n<\/div>","protected":false},"excerpt":{"rendered":"<p>Pour c\u00e9l\u00e9brer les 10 ans des embl\u00e9matiques EP <em>Bad Clown Bad Summer<\/em>, <em>Fall<\/em>, <em>Winter<\/em> &amp; <em>Spring<\/em> d&rsquo;Atmosphere, Rhymesayers les sort pour la premi\u00e8re fois sur un vinyle complet compos\u00e9 de 20 chansons dont les classiques <em>\u201cDon\u2019t Forget\u201d<\/em>, <em>\u201cThe Rooster\u201d<\/em>, <em>\u201cNot Another Day\u201d<\/em>, <em>\u201cHappymess\u201d<\/em>, et bien s\u00fbr <em>\u201cSunshine\u201d<\/em>.<\/p>\n<p>Cette \u00e9dition sp\u00e9ciale contient 2 LP moiti\u00e9 noirs moiti\u00e9 blancs, une pochette et des dessins in\u00e9dits \u00e0 colorier et con\u00e7us par Adam Martin (l\u2019artiste derri\u00e8re les artworks des EP <em>Sad Clown<\/em>), des crayons de couleur, un livret de 8 pages et une carte de t\u00e9l\u00e9chargement num\u00e9rique.<\/p>\n<p><strong>Album :<\/strong> Sad Clown Bad Year<br \/>\n<strong>Artiste :<\/strong> Atmosphere<br \/>\n<strong>Etat :<\/strong>\u00a0Neuf<br \/>\n<strong>Format :<\/strong>\u00a0Vinyle, 2 LP, Album<br \/>\n<strong>Label :<\/strong> Rhymesayers<br \/>\n<strong>Edition :<\/strong>\u00a02018 &#8211; Vinyle Noir &amp; Blanc<br \/>\n<strong>Date de sortie :<\/strong>\u00a02008<br \/>\n<strong>Genre :<\/strong>\u00a0Hip-Hop\u00a0\/ Rap US \/ Underground<\/p>\n","protected":false},"featured_media":74559,"comment_status":"open","ping_status":"closed","template":"","meta":{"om_disable_all_campaigns":false,"_monsterinsights_skip_tracking":false,"_monsterinsights_sitenote_active":false,"_monsterinsights_sitenote_note":"","_monsterinsights_sitenote_category":0},"product_brand":[],"product_cat":[6172,6177],"product_tag":[5374,6938,7099,7266,5325,7701,5326,6934,8942,7101,6986,9089],"class_list":{"0":"post-74557","1":"product","2":"type-product","3":"status-publish","4":"has-post-thumbnail","6":"product_cat-2000s","7":"product_cat-midwest","8":"product_tag-2000s","9":"product_tag-ant","10":"product_tag-atmosphere","11":"product_tag-collector","12":"product_tag-hip-hop","13":"product_tag-original","14":"product_tag-rap-us","15":"product_tag-rhymesayers","16":"product_tag-sad-clown-bad-year","17":"product_tag-slug","18":"product_tag-underground-fr","19":"product_tag-vinyle-colore","20":"product_shipping_class-2-lp","22":"first","23":"outofstock","24":"taxable","25":"shipping-taxable","26":"purchasable","27":"product-type-simple"},"aioseo_notices":[],"_links":{"self":[{"href":"https:\/\/hiphop4life.fr\/shop\/wp-json\/wp\/v2\/product\/74557","targetHints":{"allow":["GET"]}}],"collection":[{"href":"https:\/\/hiphop4life.fr\/shop\/wp-json\/wp\/v2\/product"}],"about":[{"href":"https:\/\/hiphop4life.fr\/shop\/wp-json\/wp\/v2\/types\/product"}],"replies":[{"embeddable":true,"href":"https:\/\/hiphop4life.fr\/shop\/wp-json\/wp\/v2\/comments?post=74557"}],"wp:featuredmedia":[{"embeddable":true,"href":"https:\/\/hiphop4life.fr\/shop\/wp-json\/wp\/v2\/media\/74559"}],"wp:attachment":[{"href":"https:\/\/hiphop4life.fr\/shop\/wp-json\/wp\/v2\/media?parent=74557"}],"wp:term":[{"taxonomy":"product_brand","embeddable":true,"href":"https:\/\/hiphop4life.fr\/shop\/wp-json\/wp\/v2\/product_brand?post=74557"},{"taxonomy":"product_cat","embeddable":true,"href":"https:\/\/hiphop4life.fr\/shop\/wp-json\/wp\/v2\/product_cat?post=74557"},{"taxonomy":"product_tag","embeddable":true,"href":"https:\/\/hiphop4life.fr\/shop\/wp-json\/wp\/v2\/product_tag?post=74557"}],"curies":[{"name":"wp","href":"https:\/\/api.w.org\/{rel}","templated":true}]}}