{"id":76612,"date":"2021-12-31T18:33:53","date_gmt":"2021-12-31T17:33:53","guid":{"rendered":"http:\/\/hiphop4life.fr\/shop\/?post_type=product&#038;p=76612"},"modified":"2022-10-01T23:18:48","modified_gmt":"2022-10-01T21:18:48","slug":"nelly-country-grammar-vinyle","status":"publish","type":"product","link":"https:\/\/hiphop4life.fr\/shop\/produit\/nelly-country-grammar-vinyle\/","title":{"rendered":"Nelly &#8211; Country Grammar [Vinyle Bleu 20e Anniversaire]"},"content":{"rendered":"<div class=\"wpb-content-wrapper\"><p>[vc_row][vc_column width=\u00a0\u00bb1\/1&Prime;][vc_single_image media=\u00a0\u00bb76613&Prime; media_width_percent=\u00a0\u00bb100&Prime;][vc_column_text]<iframe src=\"https:\/\/open.spotify.com\/embed\/album\/2HWBPvQoaMFBF6krXyzpOv\" width=\"300\" height=\"380\" frameborder=\"0\"><\/iframe><\/p>\n<p><strong>Tracklist<\/strong><\/p>\n<p><em>1. Intro\u00a0(featuring\u00a0Cedric the Entertainer)<br \/>\n2. St. Louie<br \/>\n3. Greed, Hate, Envy<br \/>\n4. Country Grammar (Hot Shit)<br \/>\n5. Steal the Show\u00a0(featuring St. Lunatics)<br \/>\n6. Interlude\u00a0(featuring Cedric the Entertainer)<br \/>\n7. Ride wit Me\u00a0(featuring City Spud)<br \/>\n8. E.I.<br \/>\n9. Thicky Thick Girl\u00a0(featuring\u00a0Murphy Lee\u00a0et\u00a0Ali)<br \/>\n10. For My\u00a0(featuring\u00a0Lil Wayne)<br \/>\n11. Utha Side<br \/>\n12. Tho Dem Wrappas<br \/>\n13. Wrap Sumden\u00a0(featuring St. Lunatics)<br \/>\n14. Batter Up\u00a0(featuring Murphy Lee et Ali)<br \/>\n15. Never Let &lsquo;Em C U Sweat\u00a0(featuring The Teamsters)<br \/>\n16. Luven Me<br \/>\n17. Outro\u00a0(featuring Cedric the Entertainer)<\/em>[\/vc_column_text][\/vc_column][\/vc_row]<\/p>\n<\/div>","protected":false},"excerpt":{"rendered":"<p><strong>Album :<\/strong>\u00a0Country Grammar<br \/>\n<strong>Artiste :<\/strong>\u00a0Nelly<br \/>\n<strong>Etat :<\/strong>\u00a0Neuf<br \/>\n<strong>Format :<\/strong>\u00a0Vinyle, 2 LP, Album<br \/>\n<strong>Label :<\/strong>\u00a0Motown<br \/>\n<strong>Edition :<\/strong> R\u00e9\u00e9dition 2020 20\u00e8me Anniversaire &#8211; Vinyle Bleu<br \/>\n<strong>Date de sortie :<\/strong>\u00a02000<br \/>\n<strong>Genre :<\/strong>\u00a0Hip-Hop \/ Rap US \/ Dirty South \/ R&amp;B<\/p>\n","protected":false},"featured_media":76616,"comment_status":"open","ping_status":"closed","template":"","meta":{"om_disable_all_campaigns":false,"_monsterinsights_skip_tracking":false,"_monsterinsights_sitenote_active":false,"_monsterinsights_sitenote_note":"","_monsterinsights_sitenote_category":0},"product_brand":[],"product_cat":[6172,6176,6179],"product_tag":[5374,7266,9302,5372,5325,9300,5347,5326,7693,9089],"class_list":{"0":"post-76612","1":"product","2":"type-product","3":"status-publish","4":"has-post-thumbnail","6":"product_cat-2000s","7":"product_cat-dirty-south","8":"product_cat-soul-rnb","9":"product_tag-2000s","10":"product_tag-collector","11":"product_tag-country-grammar","12":"product_tag-dirty-south","13":"product_tag-hip-hop","14":"product_tag-nelly","15":"product_tag-r-n-b","16":"product_tag-rap-us","17":"product_tag-reedition","18":"product_tag-vinyle-colore","19":"product_shipping_class-2-lp","21":"first","22":"instock","23":"taxable","24":"shipping-taxable","25":"purchasable","26":"product-type-simple"},"aioseo_notices":[],"_links":{"self":[{"href":"https:\/\/hiphop4life.fr\/shop\/wp-json\/wp\/v2\/product\/76612","targetHints":{"allow":["GET"]}}],"collection":[{"href":"https:\/\/hiphop4life.fr\/shop\/wp-json\/wp\/v2\/product"}],"about":[{"href":"https:\/\/hiphop4life.fr\/shop\/wp-json\/wp\/v2\/types\/product"}],"replies":[{"embeddable":true,"href":"https:\/\/hiphop4life.fr\/shop\/wp-json\/wp\/v2\/comments?post=76612"}],"wp:featuredmedia":[{"embeddable":true,"href":"https:\/\/hiphop4life.fr\/shop\/wp-json\/wp\/v2\/media\/76616"}],"wp:attachment":[{"href":"https:\/\/hiphop4life.fr\/shop\/wp-json\/wp\/v2\/media?parent=76612"}],"wp:term":[{"taxonomy":"product_brand","embeddable":true,"href":"https:\/\/hiphop4life.fr\/shop\/wp-json\/wp\/v2\/product_brand?post=76612"},{"taxonomy":"product_cat","embeddable":true,"href":"https:\/\/hiphop4life.fr\/shop\/wp-json\/wp\/v2\/product_cat?post=76612"},{"taxonomy":"product_tag","embeddable":true,"href":"https:\/\/hiphop4life.fr\/shop\/wp-json\/wp\/v2\/product_tag?post=76612"}],"curies":[{"name":"wp","href":"https:\/\/api.w.org\/{rel}","templated":true}]}}