{"id":76800,"date":"2016-03-18T12:33:01","date_gmt":"2016-03-18T11:33:01","guid":{"rendered":"http:\/\/hiphop4life.fr\/shop\/?post_type=product&#038;p=76800"},"modified":"2022-02-14T12:31:28","modified_gmt":"2022-02-14T11:31:28","slug":"mary-j-blige-whats-the-411-vinyle","status":"publish","type":"product","link":"https:\/\/hiphop4life.fr\/shop\/produit\/mary-j-blige-whats-the-411-vinyle\/","title":{"rendered":"Mary J. Blige &#8211; What&rsquo;s The 411 [Vinyle 25\u00e8me Anniversaire]"},"content":{"rendered":"<div class=\"wpb-content-wrapper\"><p>[vc_row][vc_column width=\u00a0\u00bb1\/1&Prime;][vc_single_image media=\u00a0\u00bb76801&Prime; media_width_percent=\u00a0\u00bb100&Prime;][vc_column_text]<iframe src=\"https:\/\/embed.spotify.com\/?uri=spotify%3Aalbum%3A5Q3xLiKnY4ShDuQda7qfg2\" width=\"300\" height=\"380\" frameborder=\"0\"><\/iframe><\/p>\n<p><strong>Tracklist<\/strong><\/p>\n<p><em>1. \u00ab\u00a0Leave a Message\u00a0\u00bb<br \/>\n2. \u00ab\u00a0Reminisce\u00a0\u00bb<br \/>\n3. \u00ab\u00a0Real Love\u00a0\u00bb<br \/>\n4. \u00ab\u00a0You Remind Me\u00a0\u00bb<br \/>\n5. \u00ab\u00a0Intro Talk\u00a0\u00bb\u00a0(featuring\u00a0Busta Rhymes)<br \/>\n6. \u00ab\u00a0Sweet Thing\u00a0\u00bb<br \/>\n7. \u00ab\u00a0Love No Limit\u00a0\u00bb<br \/>\n8. \u00ab\u00a0I Don&rsquo;t Want to Do Anything\u00a0\u00bb\u00a0(featuring\u00a0K-Ci Hailey\u00a0of\u00a0Jodeci)<br \/>\n9. \u00ab\u00a0Slow Down\u00a0\u00bb<br \/>\n10. \u00ab\u00a0My Love\u00a0\u00bb<br \/>\n11. \u00ab\u00a0Changes I&rsquo;ve Been Going Through\u00a0\u00bb<br \/>\n12. \u00ab\u00a0What&rsquo;s the 411?\u00a0\u00bb\u00a0(featuring\u00a0Grand Puba)<\/em>[\/vc_column_text][\/vc_column][\/vc_row]<\/p>\n<\/div>","protected":false},"excerpt":{"rendered":"<p><strong>Album :<\/strong> What&rsquo;s the 411<br \/>\n<strong>Artiste :<\/strong> Mary J. Blige<br \/>\n<strong>Etat :<\/strong>\u00a0Neuf<br \/>\n<strong>Format :<\/strong>\u00a0Vinyle, 2 LP, Album<br \/>\n<strong>Label :<\/strong> Uptown<br \/>\n<strong>Edition : <\/strong>R\u00e9\u00e9dition 2017 25\u00e8me anniversaire \u00ab\u00a0Back to Black\u00a0\u00bb &#8211; 180g Audiophile<br \/>\n<strong>Date de sortie :<\/strong> 1992<br \/>\n<strong>Genre :<\/strong> Soul \/ R&amp;B \/ New Jack Swing<\/p>\n","protected":false},"featured_media":76802,"comment_status":"open","ping_status":"closed","template":"","meta":{"om_disable_all_campaigns":false,"_monsterinsights_skip_tracking":false,"_monsterinsights_sitenote_active":false,"_monsterinsights_sitenote_note":"","_monsterinsights_sitenote_category":0},"product_brand":[],"product_cat":[6174,6171,6179],"product_tag":[7705,7266,5337,9091,5339,5325,9456,5347,5326,7693,5378,9458],"class_list":{"0":"post-76800","1":"product","2":"type-product","3":"status-publish","4":"has-post-thumbnail","6":"product_cat-east-coast","7":"product_cat-golden-age","8":"product_cat-soul-rnb","9":"product_tag-180g","10":"product_tag-collector","11":"product_tag-east-coast","12":"product_tag-edition-limitee","13":"product_tag-golden-age","14":"product_tag-hip-hop","15":"product_tag-mary-j-blige","16":"product_tag-r-n-b","17":"product_tag-rap-us","18":"product_tag-reedition","19":"product_tag-soul","20":"product_tag-whats-the-411","21":"product_shipping_class-lp","23":"first","24":"outofstock","25":"taxable","26":"shipping-taxable","27":"purchasable","28":"product-type-simple"},"aioseo_notices":[],"_links":{"self":[{"href":"https:\/\/hiphop4life.fr\/shop\/wp-json\/wp\/v2\/product\/76800","targetHints":{"allow":["GET"]}}],"collection":[{"href":"https:\/\/hiphop4life.fr\/shop\/wp-json\/wp\/v2\/product"}],"about":[{"href":"https:\/\/hiphop4life.fr\/shop\/wp-json\/wp\/v2\/types\/product"}],"replies":[{"embeddable":true,"href":"https:\/\/hiphop4life.fr\/shop\/wp-json\/wp\/v2\/comments?post=76800"}],"wp:featuredmedia":[{"embeddable":true,"href":"https:\/\/hiphop4life.fr\/shop\/wp-json\/wp\/v2\/media\/76802"}],"wp:attachment":[{"href":"https:\/\/hiphop4life.fr\/shop\/wp-json\/wp\/v2\/media?parent=76800"}],"wp:term":[{"taxonomy":"product_brand","embeddable":true,"href":"https:\/\/hiphop4life.fr\/shop\/wp-json\/wp\/v2\/product_brand?post=76800"},{"taxonomy":"product_cat","embeddable":true,"href":"https:\/\/hiphop4life.fr\/shop\/wp-json\/wp\/v2\/product_cat?post=76800"},{"taxonomy":"product_tag","embeddable":true,"href":"https:\/\/hiphop4life.fr\/shop\/wp-json\/wp\/v2\/product_tag?post=76800"}],"curies":[{"name":"wp","href":"https:\/\/api.w.org\/{rel}","templated":true}]}}