{"id":79971,"date":"2016-07-22T22:18:48","date_gmt":"2016-07-22T20:18:48","guid":{"rendered":"https:\/\/hiphop4life.fr\/shop\/?post_type=product&#038;p=79971"},"modified":"2022-01-17T16:05:21","modified_gmt":"2022-01-17T15:05:21","slug":"twista-adrenaline-rush-vinyle","status":"publish","type":"product","link":"https:\/\/hiphop4life.fr\/shop\/produit\/twista-adrenaline-rush-vinyle\/","title":{"rendered":"Twista &#8211; Adrenaline Rush [Vinyle]"},"content":{"rendered":"<div class=\"wpb-content-wrapper\"><p>[vc_row][vc_column width=\u00a0\u00bb1\/1&Prime;][vc_single_image media=\u00a0\u00bb79972&Prime; media_width_percent=\u00a0\u00bb100&Prime;][vc_column_text]<iframe src=\"https:\/\/open.spotify.com\/embed\/album\/7eDGp2PuSqUMKlefyXqWtx\" width=\"300\" height=\"380\" frameborder=\"0\"><\/iframe><\/p>\n<p><strong>Tracklist<\/strong><\/p>\n<p><em>1. Intro<br \/>\n2. Adrenaline Rush\u00a0(featuring\u00a0Yung Buk)<br \/>\n3. Death Before Dishonor<br \/>\n4. It Feels So Good\u00a0(featuring Ms. Kane)<br \/>\n5. Overdose<br \/>\n6. Mobster&rsquo;s Anthem\u00a0(featuring Liffy Stokes et Mayz)<br \/>\n7. Get Her in tha Mood (Skit)<br \/>\n8. Emotions\u00a0(featuring Johnny P)<br \/>\n9. Unsolved Mystery<br \/>\n10. Korrupt World\u00a0(featuring BHype)<br \/>\n11. Get It Wet\u00a0(featuring Ms. Kane)<br \/>\n12. No Remorse\u00a0(featuring Liffy Stokes, B-Hype, Turtle Banks, Mayze et Master Link)<br \/>\n13. Emotions (Remix)<\/em>[\/vc_column_text][\/vc_column][\/vc_row]<\/p>\n<\/div>","protected":false},"excerpt":{"rendered":"<p><strong>Album :<\/strong> Adrenaline Rush<br \/>\n<strong>Artiste :<\/strong> Twista<br \/>\n<strong>Etat :<\/strong>\u00a0Neuf<br \/>\n<strong>Format :<\/strong>\u00a0Vinyle, LP<br \/>\n<strong>Label :<\/strong> Atlantic<br \/>\n<strong>Edition :<\/strong>\u00a0R\u00e9\u00e9dition 2017 20\u00e8me Anniversaire<br \/>\n<strong>Date de sortie :<\/strong>\u00a01997<br \/>\n<strong>Genre :<\/strong>\u00a0Hip-Hop\u00a0\/ Rap US<\/p>\n","protected":false},"featured_media":79973,"comment_status":"open","ping_status":"closed","template":"","meta":{"om_disable_all_campaigns":false,"_monsterinsights_skip_tracking":false,"_monsterinsights_sitenote_active":false,"_monsterinsights_sitenote_note":"","_monsterinsights_sitenote_category":0},"product_brand":[],"product_cat":[6171,6177],"product_tag":[9681,6127,5325,5326,7693,9679,6986],"class_list":{"0":"post-79971","1":"product","2":"type-product","3":"status-publish","4":"has-post-thumbnail","6":"product_cat-golden-age","7":"product_cat-midwest","8":"product_tag-adrenaline-rush","9":"product_tag-chicago","10":"product_tag-hip-hop","11":"product_tag-rap-us","12":"product_tag-reedition","13":"product_tag-twista","14":"product_tag-underground-fr","15":"product_shipping_class-lp","17":"first","18":"outofstock","19":"taxable","20":"shipping-taxable","21":"purchasable","22":"product-type-simple"},"aioseo_notices":[],"_links":{"self":[{"href":"https:\/\/hiphop4life.fr\/shop\/wp-json\/wp\/v2\/product\/79971","targetHints":{"allow":["GET"]}}],"collection":[{"href":"https:\/\/hiphop4life.fr\/shop\/wp-json\/wp\/v2\/product"}],"about":[{"href":"https:\/\/hiphop4life.fr\/shop\/wp-json\/wp\/v2\/types\/product"}],"replies":[{"embeddable":true,"href":"https:\/\/hiphop4life.fr\/shop\/wp-json\/wp\/v2\/comments?post=79971"}],"wp:featuredmedia":[{"embeddable":true,"href":"https:\/\/hiphop4life.fr\/shop\/wp-json\/wp\/v2\/media\/79973"}],"wp:attachment":[{"href":"https:\/\/hiphop4life.fr\/shop\/wp-json\/wp\/v2\/media?parent=79971"}],"wp:term":[{"taxonomy":"product_brand","embeddable":true,"href":"https:\/\/hiphop4life.fr\/shop\/wp-json\/wp\/v2\/product_brand?post=79971"},{"taxonomy":"product_cat","embeddable":true,"href":"https:\/\/hiphop4life.fr\/shop\/wp-json\/wp\/v2\/product_cat?post=79971"},{"taxonomy":"product_tag","embeddable":true,"href":"https:\/\/hiphop4life.fr\/shop\/wp-json\/wp\/v2\/product_tag?post=79971"}],"curies":[{"name":"wp","href":"https:\/\/api.w.org\/{rel}","templated":true}]}}