{"id":80897,"date":"2022-01-01T16:20:15","date_gmt":"2022-01-01T15:20:15","guid":{"rendered":"https:\/\/hiphop4life.fr\/shop\/?post_type=product&#038;p=80897"},"modified":"2022-06-19T10:49:57","modified_gmt":"2022-06-19T08:49:57","slug":"schoolboy-q-crash-talk-vinyle","status":"publish","type":"product","link":"https:\/\/hiphop4life.fr\/shop\/produit\/schoolboy-q-crash-talk-vinyle\/","title":{"rendered":"ScHoolboy Q &#8211; CrasH Talk [Vinyle]"},"content":{"rendered":"<div class=\"wpb-content-wrapper\"><p>[vc_row][vc_column width=\u00a0\u00bb1\/1&Prime;][vc_column_text]<strong>Extrait de la chronique Hip-Hop 4 Life :<\/strong><\/p>\n<p><em>[&#8230;] Individuellement tous ces morceaux sont objectivement bons et ne m\u00e9ritent \u00e0 mon avis pas ces r\u00e9actions n\u00e9gatives d\u00e9mesur\u00e9es, il y a clairement \u00e0 manger pour tout le monde et c\u2019est un peu le probl\u00e8me,\u00a0<strong>ScHoolboy<\/strong>\u00a0veut nous servir toutes les versions de\u00a0<strong>Q<\/strong>\u00a0et manque clairement d\u2019un fil conducteur, \u00e0 la fin \u00e7a ressemble plus \u00e0 un buffet \u00e0 volont\u00e9 qu\u2019\u00e0 un menu r\u00e9fl\u00e9chi.<\/em><em>\u00a0[&#8230;]<\/em><\/p>\n\n<p><strong>Tracklist<\/strong><\/p>\n<p><em>1. Gang Gang<br \/>\n2. Tales<br \/>\n3. CHopstix (Ft. Travis Scott)<br \/>\n4. Numb Numb Juice<br \/>\n5. Drunk (Ft. 6lack)<br \/>\n6. Lies (Ft. Ty Dolla $ign &amp; YG)<br \/>\n7. 5200<br \/>\n8. Black Folk<br \/>\n9. Floating (Ft. 21 Savage)<br \/>\n10. Dangerous (Ft. Kid Cudi)<br \/>\n11. Die Wit Em<br \/>\n12. CrasH<br \/>\n13. Water (Ft. Lil Baby)<br \/>\n14. Attention<\/em>[\/vc_column_text][\/vc_column][\/vc_row]<\/p>\n<\/div>","protected":false},"excerpt":{"rendered":"<p><strong>Album :<\/strong> CrasH Talk<br \/>\n<strong>Artiste :<\/strong>\u00a0ScHoolboy Q<br \/>\n<strong>Etat :<\/strong>\u00a0Neuf<br \/>\n<strong>Format :<\/strong> Vinyle, LP, Album<br \/>\n<strong>Label :<\/strong>\u00a0Top Dawg Entertainment<br \/>\n<strong>Edition :<\/strong> Originale<br \/>\n<strong>Date de sortie :<\/strong> 2019<br \/>\n<strong>Genre :<\/strong>\u00a0Hip-Hop\u00a0\/ Rap US \/ West Coast \/ Gangsta Rap<\/p>\n","protected":false},"featured_media":80899,"comment_status":"open","ping_status":"closed","template":"","meta":{"om_disable_all_campaigns":false,"_monsterinsights_skip_tracking":false,"_monsterinsights_sitenote_active":false,"_monsterinsights_sitenote_note":"","_monsterinsights_sitenote_category":0},"product_brand":[],"product_cat":[9206,6175],"product_tag":[9712,9688,6110,5325,5855,7701,5326,5897,5895,5328],"class_list":{"0":"post-80897","1":"product","2":"type-product","3":"status-publish","4":"has-post-thumbnail","6":"product_cat-new-school","7":"product_cat-west-coast","8":"product_tag-crash-talk","9":"product_tag-dreamville-vs-tde","10":"product_tag-gangsta-rap","11":"product_tag-hip-hop","12":"product_tag-new-school","13":"product_tag-original","14":"product_tag-rap-us","15":"product_tag-schoolboy-q","16":"product_tag-tde","17":"product_tag-west-coast","18":"product_shipping_class-lp","20":"first","21":"outofstock","22":"taxable","23":"shipping-taxable","24":"purchasable","25":"product-type-simple"},"aioseo_notices":[],"_links":{"self":[{"href":"https:\/\/hiphop4life.fr\/shop\/wp-json\/wp\/v2\/product\/80897","targetHints":{"allow":["GET"]}}],"collection":[{"href":"https:\/\/hiphop4life.fr\/shop\/wp-json\/wp\/v2\/product"}],"about":[{"href":"https:\/\/hiphop4life.fr\/shop\/wp-json\/wp\/v2\/types\/product"}],"replies":[{"embeddable":true,"href":"https:\/\/hiphop4life.fr\/shop\/wp-json\/wp\/v2\/comments?post=80897"}],"wp:featuredmedia":[{"embeddable":true,"href":"https:\/\/hiphop4life.fr\/shop\/wp-json\/wp\/v2\/media\/80899"}],"wp:attachment":[{"href":"https:\/\/hiphop4life.fr\/shop\/wp-json\/wp\/v2\/media?parent=80897"}],"wp:term":[{"taxonomy":"product_brand","embeddable":true,"href":"https:\/\/hiphop4life.fr\/shop\/wp-json\/wp\/v2\/product_brand?post=80897"},{"taxonomy":"product_cat","embeddable":true,"href":"https:\/\/hiphop4life.fr\/shop\/wp-json\/wp\/v2\/product_cat?post=80897"},{"taxonomy":"product_tag","embeddable":true,"href":"https:\/\/hiphop4life.fr\/shop\/wp-json\/wp\/v2\/product_tag?post=80897"}],"curies":[{"name":"wp","href":"https:\/\/api.w.org\/{rel}","templated":true}]}}