{"id":94138,"date":"2016-04-19T18:57:14","date_gmt":"2016-04-19T16:57:14","guid":{"rendered":"https:\/\/hiphop4life.fr\/shop\/?post_type=product&#038;p=94138"},"modified":"2022-12-13T09:07:04","modified_gmt":"2022-12-13T08:07:04","slug":"n-e-r-d-fly-or-die-vinyle","status":"publish","type":"product","link":"https:\/\/hiphop4life.fr\/shop\/produit\/n-e-r-d-fly-or-die-vinyle\/","title":{"rendered":"N.E.R.D. &#8211; Fly Or Die [Vinyle Rouge 15\u00e8me Anniversaire]"},"content":{"rendered":"<div class=\"wpb-content-wrapper\"><p>[vc_row][vc_column width=\u00a0\u00bb1\/1&Prime;][vc_single_image media=\u00a0\u00bb94139&Prime; media_width_percent=\u00a0\u00bb100&Prime;][vc_column_text]<iframe src=\"https:\/\/open.spotify.com\/embed\/album\/1DDsclE9PANAkXHyNjlDI4\" width=\"300\" height=\"380\" frameborder=\"0\"><\/iframe><\/p>\n<p><strong>Tracklist<\/strong><\/p>\n<p><em>A1 Don&rsquo;t Worry About It<br \/>\nA2 Fly Or Die<br \/>\nA3 Jump feat Joel Madden And Benji Madden<br \/>\nB1 Backseat Love<br \/>\nB2 She Wants To Move<br \/>\nB3 Breakout<br \/>\nC1 Wonderful Place<br \/>\nC2 Drill Sergeant<br \/>\nC3 Thrasher<br \/>\nD1 Maybe<br \/>\nD2 The Way She Dances<br \/>\nD3 Chariot Of Fire\/em&gt;<\/em><\/p>\n<p>Les meilleurs sons de N.E.R.D. sont \u00e0 retrouver dans la playlist Hip-Hop 4 Life : <a href=\"http:\/\/hiphop4life.fr\/chroniques\/playlists\/\">Neptunes<\/a>[\/vc_column_text][\/vc_column][\/vc_row]<\/p>\n<\/div>","protected":false},"excerpt":{"rendered":"<p><strong>Album :<\/strong> Fly Or Die<br \/>\n<strong>Artiste :<\/strong> N.E.R.D.<br \/>\n<strong>Etat :<\/strong>\u00a0Neuf<br \/>\n<strong>Format :<\/strong>\u00a0Vinyle, 2 LP, Album<br \/>\n<strong>Label :<\/strong> Star Trak<br \/>\n<strong>Edition :<\/strong>\u00a0R\u00e9\u00e9dition 15\u00e8me Anniversaire &#8211; Vinyles Rouges<br \/>\n<strong>Date de sortie :<\/strong>\u00a02004<br \/>\n<strong>Genre :<\/strong>\u00a0Hip-Hop\u00a0\/ Rap US \/ Rock \/ Funk \/ Electro \/ R&amp;B<\/p>\n","protected":false},"featured_media":94140,"comment_status":"open","ping_status":"closed","template":"","meta":{"om_disable_all_campaigns":false,"_monsterinsights_skip_tracking":false,"_monsterinsights_sitenote_active":false,"_monsterinsights_sitenote_note":"","_monsterinsights_sitenote_category":0},"product_brand":[],"product_cat":[6172,6179],"product_tag":[5374,7328,7266,5877,9851,5873,5325,7326,6870,5347,5326,7693,5380,9089],"class_list":{"0":"post-94138","1":"product","2":"type-product","3":"status-publish","4":"has-post-thumbnail","6":"product_cat-2000s","7":"product_cat-soul-rnb","8":"product_tag-2000s","9":"product_tag-chad-hugo","10":"product_tag-collector","11":"product_tag-electro","12":"product_tag-fly-or-die","13":"product_tag-funk","14":"product_tag-hip-hop","15":"product_tag-nerd","16":"product_tag-pharrell-williams","17":"product_tag-r-n-b","18":"product_tag-rap-us","19":"product_tag-reedition","20":"product_tag-rock","21":"product_tag-vinyle-colore","22":"product_shipping_class-2-lp","24":"first","25":"outofstock","26":"taxable","27":"shipping-taxable","28":"purchasable","29":"product-type-simple"},"aioseo_notices":[],"_links":{"self":[{"href":"https:\/\/hiphop4life.fr\/shop\/wp-json\/wp\/v2\/product\/94138","targetHints":{"allow":["GET"]}}],"collection":[{"href":"https:\/\/hiphop4life.fr\/shop\/wp-json\/wp\/v2\/product"}],"about":[{"href":"https:\/\/hiphop4life.fr\/shop\/wp-json\/wp\/v2\/types\/product"}],"replies":[{"embeddable":true,"href":"https:\/\/hiphop4life.fr\/shop\/wp-json\/wp\/v2\/comments?post=94138"}],"wp:featuredmedia":[{"embeddable":true,"href":"https:\/\/hiphop4life.fr\/shop\/wp-json\/wp\/v2\/media\/94140"}],"wp:attachment":[{"href":"https:\/\/hiphop4life.fr\/shop\/wp-json\/wp\/v2\/media?parent=94138"}],"wp:term":[{"taxonomy":"product_brand","embeddable":true,"href":"https:\/\/hiphop4life.fr\/shop\/wp-json\/wp\/v2\/product_brand?post=94138"},{"taxonomy":"product_cat","embeddable":true,"href":"https:\/\/hiphop4life.fr\/shop\/wp-json\/wp\/v2\/product_cat?post=94138"},{"taxonomy":"product_tag","embeddable":true,"href":"https:\/\/hiphop4life.fr\/shop\/wp-json\/wp\/v2\/product_tag?post=94138"}],"curies":[{"name":"wp","href":"https:\/\/api.w.org\/{rel}","templated":true}]}}