{"id":94198,"date":"2016-01-14T15:24:14","date_gmt":"2016-01-14T14:24:14","guid":{"rendered":"https:\/\/hiphop4life.fr\/shop\/?post_type=product&#038;p=94198"},"modified":"2023-07-26T13:25:40","modified_gmt":"2023-07-26T11:25:40","slug":"wiz-khalifa-kush-orange-juice-vinyle","status":"publish","type":"product","link":"https:\/\/hiphop4life.fr\/shop\/produit\/wiz-khalifa-kush-orange-juice-vinyle\/","title":{"rendered":"Wiz Khalifa &#8211; Kush &#038; Orange Juice [Vinyle 10e Anniversaire]"},"content":{"rendered":"<div class=\"wpb-content-wrapper\"><p>[vc_row][vc_column width=\u00a0\u00bb1\/1&Prime;][vc_column_text]<iframe src=\"https:\/\/open.spotify.com\/embed\/album\/2pLTbgxy2KdH2DcHSotvDk\" width=\"300\" height=\"380\" frameborder=\"0\"><\/iframe><\/p>\n<p><strong>Tracklist<\/strong><\/p>\n<p><em>A1 Waken Baken<br \/>\nA2 Mezmorized<br \/>\nA3 The Statement (Remix)<br \/>\nA4 Spotlight<br \/>\nA5 Skit 1<br \/>\nB1 The Kid Frankie<br \/>\nB2 Up<br \/>\nB3 Never Been (Remix)<br \/>\nB4 In The Cut<br \/>\nC1 Visions<br \/>\nC2 Still Blazin<br \/>\nC3 Slim Skit<br \/>\nC4 Petal To The Medal<br \/>\nD1 Good Dank<br \/>\nD2 Skit 2<br \/>\nD3 Glass House<br \/>\nD4 Outro<br \/>\nD5 Supply<\/em>[\/vc_column_text][\/vc_column][\/vc_row]<\/p>\n<\/div>","protected":false},"excerpt":{"rendered":"<p><strong>Album :<\/strong>\u00a0Kush &amp; Orange Juice<br \/>\n<strong>Artiste :<\/strong>\u00a0Wiz Khalifa<br \/>\n<strong>Etat :<\/strong>\u00a0Neuf<br \/>\n<strong>Format :<\/strong>\u00a0Vinyle, 2 LP, Album<br \/>\n<strong>Label :<\/strong> Rostrum<br \/>\n<strong>Edition :<\/strong> R\u00e9\u00e9dition 10\u00e8me Anniversaire<br \/>\n<strong>Date de sortie :<\/strong>\u00a02010<br \/>\n<strong>Genre :<\/strong>\u00a0Hip-Hop\u00a0\/ Rap US<\/p>\n","protected":false},"featured_media":94199,"comment_status":"open","ping_status":"closed","template":"","meta":{"om_disable_all_campaigns":false,"_monsterinsights_skip_tracking":false,"_monsterinsights_sitenote_active":false,"_monsterinsights_sitenote_note":"","_monsterinsights_sitenote_category":0},"product_brand":[],"product_cat":[9206],"product_tag":[7705,7266,5325,9889,9891,5855,5326,9887],"class_list":{"0":"post-94198","1":"product","2":"type-product","3":"status-publish","4":"has-post-thumbnail","6":"product_cat-new-school","7":"product_tag-180g","8":"product_tag-collector","9":"product_tag-hip-hop","10":"product_tag-kush-orange-juice","11":"product_tag-mixtape","12":"product_tag-new-school","13":"product_tag-rap-us","14":"product_tag-wiz-khalifa","15":"product_shipping_class-lp","17":"first","18":"outofstock","19":"taxable","20":"shipping-taxable","21":"purchasable","22":"product-type-simple"},"aioseo_notices":[],"_links":{"self":[{"href":"https:\/\/hiphop4life.fr\/shop\/wp-json\/wp\/v2\/product\/94198","targetHints":{"allow":["GET"]}}],"collection":[{"href":"https:\/\/hiphop4life.fr\/shop\/wp-json\/wp\/v2\/product"}],"about":[{"href":"https:\/\/hiphop4life.fr\/shop\/wp-json\/wp\/v2\/types\/product"}],"replies":[{"embeddable":true,"href":"https:\/\/hiphop4life.fr\/shop\/wp-json\/wp\/v2\/comments?post=94198"}],"wp:featuredmedia":[{"embeddable":true,"href":"https:\/\/hiphop4life.fr\/shop\/wp-json\/wp\/v2\/media\/94199"}],"wp:attachment":[{"href":"https:\/\/hiphop4life.fr\/shop\/wp-json\/wp\/v2\/media?parent=94198"}],"wp:term":[{"taxonomy":"product_brand","embeddable":true,"href":"https:\/\/hiphop4life.fr\/shop\/wp-json\/wp\/v2\/product_brand?post=94198"},{"taxonomy":"product_cat","embeddable":true,"href":"https:\/\/hiphop4life.fr\/shop\/wp-json\/wp\/v2\/product_cat?post=94198"},{"taxonomy":"product_tag","embeddable":true,"href":"https:\/\/hiphop4life.fr\/shop\/wp-json\/wp\/v2\/product_tag?post=94198"}],"curies":[{"name":"wp","href":"https:\/\/api.w.org\/{rel}","templated":true}]}}