{"id":94646,"date":"2020-11-17T18:22:16","date_gmt":"2020-11-17T17:22:16","guid":{"rendered":"https:\/\/hiphop4life.fr\/shop\/?post_type=product&#038;p=94646"},"modified":"2022-01-17T15:53:07","modified_gmt":"2022-01-17T14:53:07","slug":"run-the-jewels-rtj4-vinyle","status":"publish","type":"product","link":"https:\/\/hiphop4life.fr\/shop\/produit\/run-the-jewels-rtj4-vinyle\/","title":{"rendered":"Run The Jewels &#8211; RTJ4 [Vinyle Rose]"},"content":{"rendered":"<div class=\"wpb-content-wrapper\"><p>[vc_row][vc_column width=\u00a0\u00bb1\/1&Prime;][vc_column_text]4\u00e8me volet des aventures d&rsquo;<strong>El-P<\/strong> et <strong>Killer Mike<\/strong>, 4\u00e8me uppercut, <strong>Pharrell, 2 Chainz, Zack De La Rocha<\/strong> et <strong>DJ Premier<\/strong> sont de la partie, c&rsquo;est toujours aussi avant-gardiste, puissant, irr\u00e9v\u00e9rencieux, subversif et tellement cool avec comme d&rsquo;habitude un packaging qui vaut le d\u00e9tour avec une cover rose fluo et le RTJ sign en m\u00e9tal dor\u00e9.[\/vc_column_text][vc_single_image media=\u00a0\u00bb94647&Prime; media_width_percent=\u00a0\u00bb100&Prime;][vc_column_text]<iframe src=\"https:\/\/open.spotify.com\/embed\/album\/6cx4GVNs03Pu4ZczRnWiLd\" width=\"300\" height=\"380\" frameborder=\"0\"><\/iframe><\/p>\n<p><strong>Tracklist<\/strong><\/p>\n<p><em>1. \u00ab\u00a0Yankee and the Brave (Ep. 4)\u00a0\u00bb<br \/>\n2. \u00ab\u00a0Ooh La La\u00a0\u00bb (featuring Greg Nice and DJ Premier)<br \/>\n3. \u00ab\u00a0Out of Sight\u00a0\u00bb (featuring 2 Chainz)<br \/>\n4. \u00ab\u00a0Holy Calamafuck\u00a0\u00bb<br \/>\n5. \u00ab\u00a0Goonies vs. E.T.\u00a0\u00bb<br \/>\n6. \u00ab\u00a0Walking in the Snow\u00a0\u00bb<br \/>\n7. \u00ab\u00a0Just\u00a0\u00bb (featuring Pharrell Williams and Zack de la Rocha)<br \/>\n8. \u00ab\u00a0Never Look Back\u00a0\u00bb<br \/>\n9. \u00ab\u00a0The Ground Below\u00a0\u00bb<br \/>\n10. \u00ab\u00a0Pulling the Pin\u00a0\u00bb (featuring Mavis Staples and Josh Homme)<br \/>\n11. \u00ab\u00a0A Few Words for the Firing Squad (Radiation)\u00a0\u00bb<\/em>[\/vc_column_text][\/vc_column][\/vc_row]<\/p>\n<\/div>","protected":false},"excerpt":{"rendered":"<p><strong>Album :<\/strong> RTJ4<br \/>\n<strong>Artiste :<\/strong>\u00a0Run The Jewels<br \/>\n<strong>Etat :<\/strong> Neuf &#8211; Sous blister<br \/>\n<strong>Format :<\/strong>\u00a0Vinyle, 2 LP, Album<br \/>\n<strong>Label :<\/strong> Jewel Runners<br \/>\n<strong>Edition :<\/strong> Originale &#8211; Version officielle du label &#8211; Vinyle rose<br \/>\n<strong>Date de sortie :<\/strong> 2020<br \/>\n<strong>Genre :<\/strong>\u00a0Hip-Hop \/ Rap US \/ Rap Conscient \/ Electro Rap<\/p>\n","protected":false},"featured_media":97098,"comment_status":"open","ping_status":"closed","template":"","meta":{"om_disable_all_campaigns":false,"_monsterinsights_skip_tracking":false,"_monsterinsights_sitenote_active":false,"_monsterinsights_sitenote_note":"","_monsterinsights_sitenote_category":0},"product_brand":[],"product_cat":[9206],"product_tag":[5499,5877,5325,5901,7701,5361,5326,9943,5859,9089],"class_list":{"0":"post-94646","1":"product","2":"type-product","3":"status-publish","4":"has-post-thumbnail","6":"product_cat-new-school","7":"product_tag-el-p","8":"product_tag-electro","9":"product_tag-hip-hop","10":"product_tag-killer-mike","11":"product_tag-original","12":"product_tag-rap-conscient","13":"product_tag-rap-us","14":"product_tag-rtj4","15":"product_tag-run-the-jewels","16":"product_tag-vinyle-colore","17":"product_shipping_class-2-lp","19":"first","20":"instock","21":"taxable","22":"shipping-taxable","23":"purchasable","24":"product-type-simple"},"aioseo_notices":[],"_links":{"self":[{"href":"https:\/\/hiphop4life.fr\/shop\/wp-json\/wp\/v2\/product\/94646","targetHints":{"allow":["GET"]}}],"collection":[{"href":"https:\/\/hiphop4life.fr\/shop\/wp-json\/wp\/v2\/product"}],"about":[{"href":"https:\/\/hiphop4life.fr\/shop\/wp-json\/wp\/v2\/types\/product"}],"replies":[{"embeddable":true,"href":"https:\/\/hiphop4life.fr\/shop\/wp-json\/wp\/v2\/comments?post=94646"}],"wp:featuredmedia":[{"embeddable":true,"href":"https:\/\/hiphop4life.fr\/shop\/wp-json\/wp\/v2\/media\/97098"}],"wp:attachment":[{"href":"https:\/\/hiphop4life.fr\/shop\/wp-json\/wp\/v2\/media?parent=94646"}],"wp:term":[{"taxonomy":"product_brand","embeddable":true,"href":"https:\/\/hiphop4life.fr\/shop\/wp-json\/wp\/v2\/product_brand?post=94646"},{"taxonomy":"product_cat","embeddable":true,"href":"https:\/\/hiphop4life.fr\/shop\/wp-json\/wp\/v2\/product_cat?post=94646"},{"taxonomy":"product_tag","embeddable":true,"href":"https:\/\/hiphop4life.fr\/shop\/wp-json\/wp\/v2\/product_tag?post=94646"}],"curies":[{"name":"wp","href":"https:\/\/api.w.org\/{rel}","templated":true}]}}