{"id":94692,"date":"2020-11-16T12:38:41","date_gmt":"2020-11-16T11:38:41","guid":{"rendered":"https:\/\/hiphop4life.fr\/shop\/?post_type=product&#038;p=94692"},"modified":"2022-01-17T15:53:39","modified_gmt":"2022-01-17T14:53:39","slug":"gorillaz-song-machine-season-one-strange-timez-deluxe-vinyle","status":"publish","type":"product","link":"https:\/\/hiphop4life.fr\/shop\/produit\/gorillaz-song-machine-season-one-strange-timez-deluxe-vinyle\/","title":{"rendered":"Gorillaz &#8211; Song Machine, Season One: Strange Timez [Deluxe Vinyle + CD]"},"content":{"rendered":"<div class=\"wpb-content-wrapper\"><p>[vc_row][vc_column width=\u00a0\u00bb1\/1&Prime;][vc_column_text]Sans aucun doute le meilleur album de <strong>Gorillaz<\/strong> depuis <a href=\"https:\/\/hiphop4life.fr\/shop\/produit\/gorillaz-plastic-beach-vinyle\/\"><em><strong>Plastic Beach<\/strong><\/em><\/a>.<\/p>\n<p><strong>Damon Albarn<\/strong> casse encore un peu plus les codes avec des collaborations artistiques aussi g\u00e9niales que surprenantes, <strong>6Lack<\/strong> c\u00f4toie <strong>Elton John<\/strong>, <strong>Schoolboy Q<\/strong> croise <strong>Robert Smith<\/strong>, <strong>Goldlink<\/strong> danse avec <strong>Beck<\/strong>, <strong>2D<\/strong> perd ses dents, les \u00e9poques se croisent, les genres s&rsquo;effacent, les \u00e9tiquettes br\u00fblent et les cases deviennent des boucles.\u00a0<strong>Gorillaz<\/strong> invente l&rsquo;album du futur, une exp\u00e9rience audiovisuelle en plusieurs \u00e9pisodes fa\u00e7on s\u00e9rie <strong>Netflix<\/strong> qui d\u00e9fie l&rsquo;obsolescence de l&rsquo;\u00e8re moderne et la futilit\u00e9 des plateformes de streaming.[\/vc_column_text][vc_single_image media=\u00a0\u00bb94688&Prime; media_width_percent=\u00a0\u00bb100&Prime;][vc_column_text]<iframe src=\"https:\/\/open.spotify.com\/embed\/album\/5I9K0u8r52jp4Y2bF8mOaz\" width=\"300\" height=\"380\" frameborder=\"0\"><\/iframe><\/p>\n<p><strong>Tracklist<\/strong><\/p>\n<p><em>A1 Strange Timez Feat. Robert Smith<br \/>\nA2 The Valley Of The Pagans Feat. Beck<br \/>\nA3 The Lost Chord Feat. Leee John<br \/>\nA4 Pac-Man Feat. Schoolboy Q<br \/>\nA5 Chalk Tablet Towers Feat. St Vincent<br \/>\nB1 The Pink Phantom Feat. Elton John And 6lack<br \/>\nB2 Aries Feat. Peter Hook And Georgia<br \/>\nB3 Friday 13th Feat. Octavian<br \/>\nB4 Dead Butterflies Feat. Kano And Roxani Arias<br \/>\nB5 D\u00e9sol\u00e9 Feat. Fatoumata Diawara (Extended Version)<br \/>\nB6 Momentary Bliss Feat. Slowthai And Slaves<br \/>\nC1 Opium Feat. Earthgang<br \/>\nC2 Simplicity Feat. Joan As Police Woman<br \/>\nC3 Severed Head Feat. Goldlink And Unknown Mortal Orchestra<br \/>\nD1 With Love To An Ex Feat. Moonchild Sanelly<br \/>\nD2 Mls Feat. Jpegmafia And Chai<br \/>\nD3 How Far? Feat. Tony Allen And Skepta<br \/>\n<\/em>[\/vc_column_text][\/vc_column][\/vc_row]<\/p>\n<\/div>","protected":false},"excerpt":{"rendered":"<p><strong>Album :<\/strong> Song Machine, Season One: Strange Timez (Deluxe)<br \/>\n<strong>Artiste :<\/strong> Gorillaz<br \/>\n<strong>Etat :<\/strong>\u00a0Neuf &#8211; Sous blister<br \/>\n<strong>Format :<\/strong>\u00a0Vinyle, 2 LPs + CD, Album<br \/>\n<strong>Label : <\/strong>Warner Bros.<br \/>\n<strong>Edition :<\/strong> Originale<br \/>\n<strong>Date de sortie :<\/strong>\u00a02020<br \/>\n<strong>Genre :<\/strong> Rock \/ Electro \/ Funk \/\u00a0Hip-Hop \/ Pop \/ Trip-Hop<\/p>\n","protected":false},"featured_media":94693,"comment_status":"open","ping_status":"closed","template":"","meta":{"om_disable_all_campaigns":false,"_monsterinsights_skip_tracking":false,"_monsterinsights_sitenote_active":false,"_monsterinsights_sitenote_note":"","_monsterinsights_sitenote_category":0},"product_brand":[],"product_cat":[8053],"product_tag":[8848,5877,5873,6027,5325,7701,5875,7056,5380,9958,7392],"class_list":{"0":"post-94692","1":"product","2":"type-product","3":"status-publish","4":"has-post-thumbnail","6":"product_cat-uk","7":"product_tag-deluxe","8":"product_tag-electro","9":"product_tag-funk","10":"product_tag-gorillaz","11":"product_tag-hip-hop","12":"product_tag-original","13":"product_tag-pop","14":"product_tag-rap-uk","15":"product_tag-rock","16":"product_tag-song-machine","17":"product_tag-trip-hop","18":"product_shipping_class-lp","20":"first","21":"instock","22":"taxable","23":"shipping-taxable","24":"purchasable","25":"product-type-simple"},"aioseo_notices":[],"_links":{"self":[{"href":"https:\/\/hiphop4life.fr\/shop\/wp-json\/wp\/v2\/product\/94692","targetHints":{"allow":["GET"]}}],"collection":[{"href":"https:\/\/hiphop4life.fr\/shop\/wp-json\/wp\/v2\/product"}],"about":[{"href":"https:\/\/hiphop4life.fr\/shop\/wp-json\/wp\/v2\/types\/product"}],"replies":[{"embeddable":true,"href":"https:\/\/hiphop4life.fr\/shop\/wp-json\/wp\/v2\/comments?post=94692"}],"wp:featuredmedia":[{"embeddable":true,"href":"https:\/\/hiphop4life.fr\/shop\/wp-json\/wp\/v2\/media\/94693"}],"wp:attachment":[{"href":"https:\/\/hiphop4life.fr\/shop\/wp-json\/wp\/v2\/media?parent=94692"}],"wp:term":[{"taxonomy":"product_brand","embeddable":true,"href":"https:\/\/hiphop4life.fr\/shop\/wp-json\/wp\/v2\/product_brand?post=94692"},{"taxonomy":"product_cat","embeddable":true,"href":"https:\/\/hiphop4life.fr\/shop\/wp-json\/wp\/v2\/product_cat?post=94692"},{"taxonomy":"product_tag","embeddable":true,"href":"https:\/\/hiphop4life.fr\/shop\/wp-json\/wp\/v2\/product_tag?post=94692"}],"curies":[{"name":"wp","href":"https:\/\/api.w.org\/{rel}","templated":true}]}}