{"id":94725,"date":"2016-12-27T17:57:20","date_gmt":"2016-12-27T16:57:20","guid":{"rendered":"https:\/\/hiphop4life.fr\/shop\/?post_type=product&#038;p=94725"},"modified":"2023-06-26T11:04:49","modified_gmt":"2023-06-26T09:04:49","slug":"atmosphere-when-life-gives-you-lemons-you-paint-that-shit-gold-vinyle","status":"publish","type":"product","link":"https:\/\/hiphop4life.fr\/shop\/produit\/atmosphere-when-life-gives-you-lemons-you-paint-that-shit-gold-vinyle\/","title":{"rendered":"Atmosphere &#8211; When Life Gives You Lemons, You Paint That Shit Gold [Vinyle 10e Anniversaire]"},"content":{"rendered":"<div class=\"wpb-content-wrapper\"><p>[vc_row][vc_column width=\u00a0\u00bb1\/1&Prime;][vc_single_image media=\u00a0\u00bb94726&Prime; media_width_percent=\u00a0\u00bb100&Prime;][vc_column_text]<iframe src=\"https:\/\/open.spotify.com\/embed\/album\/3qk1K2SnyMy9U5gNe0LnZV\" width=\"300\" height=\"380\" frameborder=\"0\"><\/iframe><\/p>\n<div>\n<h3>Tracklist<\/h3>\n<p><em>1. Like the Rest of Us<br \/>\n2. Puppets<br \/>\n3. The Skinny<br \/>\n4. Dreamer<br \/>\n5. Shoulda Known<br \/>\n6. You<br \/>\n7. Painting<br \/>\n8. Your Glasshouse<br \/>\n9. Yesterday<br \/>\n10. Guarantees<br \/>\n11. Me<br \/>\n12. Wild Wild Horses<br \/>\n13. Can&rsquo;t Break<br \/>\n14. The Waitress<br \/>\n15. In Her Music Box<\/em><\/p>\n<h3>Bonus Tracks<\/h3>\n<p><em>1. Keyboard<br \/>\n2. Vanity Sick<\/em>[\/vc_column_text][\/vc_column][\/vc_row]<\/p>\n<\/div>\n<\/div>","protected":false},"excerpt":{"rendered":"<p><strong>Album :<\/strong> When Life Gives You Lemons, You Paint That Shit Gold<br \/>\n<strong>Artiste :<\/strong> Atmosphere<br \/>\n<strong>Etat :<\/strong>\u00a0Neuf &#8211; Sous blister<br \/>\n<strong>Format :<\/strong>\u00a0Vinyle, 2 LP, Album<br \/>\n<strong>Label :<\/strong> Rhymesayers<br \/>\n<strong>Edition :<\/strong> R\u00e9\u00e9dition 10\u00e8me Anniversaire &#8211; Vinyles dor\u00e9s &#8211; 2 bonus tracks<br \/>\n<strong>Date de sortie :<\/strong>\u00a02008<br \/>\n<strong>Genre :<\/strong>\u00a0Hip-Hop\u00a0\/ Rap US \/ Underground<\/p>\n","protected":false},"featured_media":94727,"comment_status":"open","ping_status":"closed","template":"","meta":{"om_disable_all_campaigns":false,"_monsterinsights_skip_tracking":false,"_monsterinsights_sitenote_active":false,"_monsterinsights_sitenote_note":"","_monsterinsights_sitenote_category":0},"product_brand":[],"product_cat":[6172,6177],"product_tag":[5374,6938,7099,5325,5326,7693,6934,7101,6986,9089,9971,9973],"class_list":{"0":"post-94725","1":"product","2":"type-product","3":"status-publish","4":"has-post-thumbnail","6":"product_cat-2000s","7":"product_cat-midwest","8":"product_tag-2000s","9":"product_tag-ant","10":"product_tag-atmosphere","11":"product_tag-hip-hop","12":"product_tag-rap-us","13":"product_tag-reedition","14":"product_tag-rhymesayers","15":"product_tag-slug","16":"product_tag-underground-fr","17":"product_tag-vinyle-colore","18":"product_tag-when-life-gives-you-lemons","19":"product_tag-you-paint-that-shit-gold","20":"product_shipping_class-2-lp","22":"first","23":"outofstock","24":"taxable","25":"shipping-taxable","26":"purchasable","27":"product-type-simple"},"aioseo_notices":[],"_links":{"self":[{"href":"https:\/\/hiphop4life.fr\/shop\/wp-json\/wp\/v2\/product\/94725","targetHints":{"allow":["GET"]}}],"collection":[{"href":"https:\/\/hiphop4life.fr\/shop\/wp-json\/wp\/v2\/product"}],"about":[{"href":"https:\/\/hiphop4life.fr\/shop\/wp-json\/wp\/v2\/types\/product"}],"replies":[{"embeddable":true,"href":"https:\/\/hiphop4life.fr\/shop\/wp-json\/wp\/v2\/comments?post=94725"}],"wp:featuredmedia":[{"embeddable":true,"href":"https:\/\/hiphop4life.fr\/shop\/wp-json\/wp\/v2\/media\/94727"}],"wp:attachment":[{"href":"https:\/\/hiphop4life.fr\/shop\/wp-json\/wp\/v2\/media?parent=94725"}],"wp:term":[{"taxonomy":"product_brand","embeddable":true,"href":"https:\/\/hiphop4life.fr\/shop\/wp-json\/wp\/v2\/product_brand?post=94725"},{"taxonomy":"product_cat","embeddable":true,"href":"https:\/\/hiphop4life.fr\/shop\/wp-json\/wp\/v2\/product_cat?post=94725"},{"taxonomy":"product_tag","embeddable":true,"href":"https:\/\/hiphop4life.fr\/shop\/wp-json\/wp\/v2\/product_tag?post=94725"}],"curies":[{"name":"wp","href":"https:\/\/api.w.org\/{rel}","templated":true}]}}