{"id":94773,"date":"2016-01-06T16:08:00","date_gmt":"2016-01-06T15:08:00","guid":{"rendered":"https:\/\/hiphop4life.fr\/shop\/?post_type=product&#038;p=94773"},"modified":"2023-12-05T21:03:37","modified_gmt":"2023-12-05T20:03:37","slug":"2-pac-me-against-the-world-vinyle","status":"publish","type":"product","link":"https:\/\/hiphop4life.fr\/shop\/produit\/2-pac-me-against-the-world-vinyle\/","title":{"rendered":"2 Pac &#8211; Me Against The World [Vinyle 25e Anniversaire]"},"content":{"rendered":"<div class=\"wpb-content-wrapper\"><p>[vc_row][vc_column width=\u00a0\u00bb1\/1&Prime;][vc_single_image media=\u00a0\u00bb94774&Prime; media_width_percent=\u00a0\u00bb100&Prime;][vc_column_text]<iframe src=\"https:\/\/open.spotify.com\/embed\/album\/3OrucS4sHv6Bl9GS4rafEk\" width=\"300\" height=\"380\" frameborder=\"0\"><\/iframe><\/p>\n<p><strong>Tracklist<\/strong><\/p>\n<p><em>1. Intro\u00a0(featuring\u00a0Sarah Diamond, Debby Hambrick, Jay Jensen, Jill Jones &amp; Dan O&rsquo;Leary)<br \/>\n2. If I Die 2Nite<br \/>\n3. Me Against the World\u00a0(featuring Dramacydal)<br \/>\n4. So Many Tears<br \/>\n5. Temptations<br \/>\n6. Young Niggaz<br \/>\n7. Heavy in the Game\u00a0(featuring Lady Levi &amp;\u00a0Richie Rich)<br \/>\n8. Lord Knows<br \/>\n9. Dear Mama<br \/>\n10. It Ain&rsquo;t Easy<br \/>\n11. Can U Get Away<br \/>\n12. Old School<br \/>\n13. Fuck the World<br \/>\n14. Death Around the Corner<br \/>\n15. Outlaw\u00a0(feat. Dramacydal)<\/em>[\/vc_column_text][\/vc_column][\/vc_row]<\/p>\n<\/div>","protected":false},"excerpt":{"rendered":"<p><strong>Album :<\/strong>\u00a0Me Against The World<br \/>\n<strong>Artiste :<\/strong>\u00a02 Pac<br \/>\n<strong>Etat :<\/strong>\u00a0Neuf &#8211; Sous Blister<br \/>\n<strong>Format :<\/strong>\u00a0Vinyle, 2 LP, Album<br \/>\n<strong>Label :<\/strong>\u00a0Death Row Records<br \/>\n<strong>Edition :\u00a0<\/strong>R\u00e9\u00e9dition 2020 25\u00e8me Anniversaire &#8211; Remasteris\u00e9 180g<br \/>\n<strong>Date de sortie :<\/strong>\u00a01995<br \/>\n<strong>Genre :<\/strong>\u00a0Hip-Hop \/ Rap US \/ Gangsta Rap \/ West Coast<\/p>\n","protected":false},"featured_media":98525,"comment_status":"open","ping_status":"closed","template":"","meta":{"om_disable_all_campaigns":false,"_monsterinsights_skip_tracking":false,"_monsterinsights_sitenote_active":false,"_monsterinsights_sitenote_note":"","_monsterinsights_sitenote_category":0},"product_brand":[],"product_cat":[6171,6175],"product_tag":[7705,5323,5341,5340,6110,5339,5325,10009,5326,7693,7695,5328],"class_list":{"0":"post-94773","1":"product","2":"type-product","3":"status-publish","4":"has-post-thumbnail","6":"product_cat-golden-age","7":"product_cat-west-coast","8":"product_tag-180g","9":"product_tag-2-pac","10":"product_tag-death-row-records","11":"product_tag-g-funk","12":"product_tag-gangsta-rap","13":"product_tag-golden-age","14":"product_tag-hip-hop","15":"product_tag-me-against-the-world","16":"product_tag-rap-us","17":"product_tag-reedition","18":"product_tag-remasterise","19":"product_tag-west-coast","20":"product_shipping_class-2-lp","22":"first","23":"outofstock","24":"taxable","25":"shipping-taxable","26":"purchasable","27":"product-type-simple"},"aioseo_notices":[],"_links":{"self":[{"href":"https:\/\/hiphop4life.fr\/shop\/wp-json\/wp\/v2\/product\/94773","targetHints":{"allow":["GET"]}}],"collection":[{"href":"https:\/\/hiphop4life.fr\/shop\/wp-json\/wp\/v2\/product"}],"about":[{"href":"https:\/\/hiphop4life.fr\/shop\/wp-json\/wp\/v2\/types\/product"}],"replies":[{"embeddable":true,"href":"https:\/\/hiphop4life.fr\/shop\/wp-json\/wp\/v2\/comments?post=94773"}],"wp:featuredmedia":[{"embeddable":true,"href":"https:\/\/hiphop4life.fr\/shop\/wp-json\/wp\/v2\/media\/98525"}],"wp:attachment":[{"href":"https:\/\/hiphop4life.fr\/shop\/wp-json\/wp\/v2\/media?parent=94773"}],"wp:term":[{"taxonomy":"product_brand","embeddable":true,"href":"https:\/\/hiphop4life.fr\/shop\/wp-json\/wp\/v2\/product_brand?post=94773"},{"taxonomy":"product_cat","embeddable":true,"href":"https:\/\/hiphop4life.fr\/shop\/wp-json\/wp\/v2\/product_cat?post=94773"},{"taxonomy":"product_tag","embeddable":true,"href":"https:\/\/hiphop4life.fr\/shop\/wp-json\/wp\/v2\/product_tag?post=94773"}],"curies":[{"name":"wp","href":"https:\/\/api.w.org\/{rel}","templated":true}]}}