{"id":94810,"date":"2021-11-17T17:14:33","date_gmt":"2021-11-17T16:14:33","guid":{"rendered":"https:\/\/hiphop4life.fr\/shop\/?post_type=product&#038;p=94810"},"modified":"2022-02-01T10:54:08","modified_gmt":"2022-02-01T09:54:08","slug":"eminem-the-slim-shady-lp-vinyle","status":"publish","type":"product","link":"https:\/\/hiphop4life.fr\/shop\/produit\/eminem-the-slim-shady-lp-vinyle\/","title":{"rendered":"Eminem &#8211; The Slim Shady LP [Vinyle]"},"content":{"rendered":"<div class=\"wpb-content-wrapper\"><p>[vc_row][vc_column width=\u00a0\u00bb1\/1&Prime;][vc_column_text]L&rsquo;explosion du ph\u00e9nom\u00e8ne Eminem et de son duo titanesque avec Dr. Dre.<br \/>\nViolent, obsc\u00e8ne, misogyne, insolent, irr\u00e9v\u00e9rencieux, immature, choquant, le rap virtuose d&rsquo;Eminem secoue l&rsquo;Am\u00e9rique et impressionne les critiques.<br \/>\nLe rappeur de Detroit passe de curiosit\u00e9 de l&rsquo;underground \u00e0 cause de sa couleur \u00e0 superstar du rap gr\u00e2ce \u00e0\u00a0sa verve\u00a0microphonique sans \u00e9gale et la maestra de Dre, un album essentiel qui donne naissance \u00e0 l&rsquo;infernal Slim Shady et influencera le rap \u00e0 jamais.[\/vc_column_text][vc_single_image media=\u00a0\u00bb69388&Prime; media_width_percent=\u00a0\u00bb100&Prime;][vc_column_text]<iframe src=\"https:\/\/embed.spotify.com\/?uri=spotify%3Aalbum%3A1S2zX2EzIJPkcptERhrkGh\" width=\"300\" height=\"380\" frameborder=\"0\"><\/iframe><\/p>\n<p><strong>Tracklist<\/strong><\/p>\n<p><em>A1 Public Service Announcement<br \/>\nA2 My Name Is<br \/>\nA3 Guilty Conscience<br \/>\nA4 Brain Damage<br \/>\nA5 Paul<br \/>\nA6 If I Had<br \/>\nB1 97 Bonnie &amp; Clyde<br \/>\nB2 Bitch<br \/>\nB3 Role Model<br \/>\nB4 Lounge<br \/>\nB5 My Fault<br \/>\nC1 Ken Kaniff<br \/>\nC2 Cum On Everybody<br \/>\nC3 Rock Bottom<br \/>\nC4 Just Don&rsquo;t Give A Fuck<br \/>\nD1 Soap<br \/>\nD2 As The World Turns<br \/>\nD3 I&rsquo;m Shady<br \/>\nD4 Bad Meets Evil<br \/>\nD5 Still Don&rsquo;t Giva A Fuck<br \/>\n<\/em><\/p>\n<p>Tous les classiques d&rsquo;<strong>Eminem<\/strong> sont \u00e0 retrouver dans la playlist Hip-Hop 4 Life : <a href=\"http:\/\/hiphop4life.fr\/chroniques\/playlists\/\">G-Unit &#8211; Shady &#8211; Aftermath<\/a>.[\/vc_column_text][\/vc_column][\/vc_row]<\/p>\n<\/div>","protected":false},"excerpt":{"rendered":"<p><strong>Album :<\/strong> The Slim Shady\u00a0LP<br \/>\n<strong>Artiste :<\/strong>\u00a0Eminem<br \/>\n<strong>Etat :<\/strong>\u00a0Neuf &#8211; Sous Blister<br \/>\n<strong>Format :<\/strong> Vinyle, 2 LP, Album<br \/>\n<strong>Label :<\/strong>\u00a0Aftermath<br \/>\n<strong>Edition :<\/strong> R\u00e9\u00e9dition 2016<br \/>\n<strong>Genre :<\/strong>\u00a0Hip-Hop \/ Rap US<\/p>\n","protected":false},"featured_media":69390,"comment_status":"open","ping_status":"closed","template":"","meta":{"om_disable_all_campaigns":false,"_monsterinsights_skip_tracking":false,"_monsterinsights_sitenote_active":false,"_monsterinsights_sitenote_note":"","_monsterinsights_sitenote_category":0},"product_brand":[],"product_cat":[6172,6171,6177],"product_tag":[5887,6051,5344,6059,5339,5325,5326,7693,6041,6043],"class_list":{"0":"post-94810","1":"product","2":"type-product","3":"status-publish","4":"has-post-thumbnail","6":"product_cat-2000s","7":"product_cat-golden-age","8":"product_cat-midwest","9":"product_tag-aftermath","10":"product_tag-detroit","11":"product_tag-dr-dre","12":"product_tag-eminem","13":"product_tag-golden-age","14":"product_tag-hip-hop","15":"product_tag-rap-us","16":"product_tag-reedition","17":"product_tag-shady-records","18":"product_tag-the-slim-shady-lp","19":"product_shipping_class-2-lp","21":"first","22":"instock","23":"taxable","24":"shipping-taxable","25":"purchasable","26":"product-type-simple"},"aioseo_notices":[],"_links":{"self":[{"href":"https:\/\/hiphop4life.fr\/shop\/wp-json\/wp\/v2\/product\/94810","targetHints":{"allow":["GET"]}}],"collection":[{"href":"https:\/\/hiphop4life.fr\/shop\/wp-json\/wp\/v2\/product"}],"about":[{"href":"https:\/\/hiphop4life.fr\/shop\/wp-json\/wp\/v2\/types\/product"}],"replies":[{"embeddable":true,"href":"https:\/\/hiphop4life.fr\/shop\/wp-json\/wp\/v2\/comments?post=94810"}],"wp:featuredmedia":[{"embeddable":true,"href":"https:\/\/hiphop4life.fr\/shop\/wp-json\/wp\/v2\/media\/69390"}],"wp:attachment":[{"href":"https:\/\/hiphop4life.fr\/shop\/wp-json\/wp\/v2\/media?parent=94810"}],"wp:term":[{"taxonomy":"product_brand","embeddable":true,"href":"https:\/\/hiphop4life.fr\/shop\/wp-json\/wp\/v2\/product_brand?post=94810"},{"taxonomy":"product_cat","embeddable":true,"href":"https:\/\/hiphop4life.fr\/shop\/wp-json\/wp\/v2\/product_cat?post=94810"},{"taxonomy":"product_tag","embeddable":true,"href":"https:\/\/hiphop4life.fr\/shop\/wp-json\/wp\/v2\/product_tag?post=94810"}],"curies":[{"name":"wp","href":"https:\/\/api.w.org\/{rel}","templated":true}]}}