{"id":94911,"date":"2016-01-01T14:57:52","date_gmt":"2016-01-01T13:57:52","guid":{"rendered":"https:\/\/hiphop4life.fr\/shop\/?post_type=product&#038;p=94911"},"modified":"2024-12-02T09:46:06","modified_gmt":"2024-12-02T08:46:06","slug":"logic-no-pressure-vinyle","status":"publish","type":"product","link":"https:\/\/hiphop4life.fr\/shop\/produit\/logic-no-pressure-vinyle\/","title":{"rendered":"Logic &#8211; No Pressure [Vinyle]"},"content":{"rendered":"<div class=\"wpb-content-wrapper\"><p>[vc_row][vc_column width=\u00a0\u00bb1\/1&Prime;][vc_column_text]Souvent critiqu\u00e9 \u00e0 tort, <strong>Logic<\/strong> fait taire les haters et cl\u00f4t sa discographie en beaut\u00e9 avec un dernier album qui a la fougue des premiers et qui retrouve l&rsquo;\u00e9tincelle d&rsquo;<a href=\"https:\/\/hiphop4life.fr\/shop\/produit\/logic-under-pressure-vinyle\/\"><em><strong>Under Pressure<\/strong><\/em><\/a>, poussant m\u00eame <strong>Joe Budden<\/strong> \u00e0\u00a0s&rsquo;excuser !<br \/>\n<strong>Logic<\/strong> peut \u00eatre fier de sa carri\u00e8re et commencer sa nouvelle aventure de p\u00e8re.[\/vc_column_text][vc_single_image media=\u00a0\u00bb94912&Prime; media_width_percent=\u00a0\u00bb100&Prime;][vc_column_text]<iframe src=\"https:\/\/open.spotify.com\/embed\/album\/5pF05wJrbrIvqunE41vWP8\" width=\"300\" height=\"380\" frameborder=\"0\"><\/iframe><\/p>\n<p><strong>Tracklist<\/strong><\/p>\n<p><em>1. \u00ab\u00a0No Pressure\u00a0\u00bb (Intro)<br \/>\n2. \u00ab\u00a0Hit My Line\u00a0\u00bb<br \/>\n3. \u00ab\u00a0GP4\u00a0\u00bb<br \/>\n4. \u00ab\u00a0Celebration\u00a0\u00bb<br \/>\n5. \u00ab\u00a0Open Mic\\\\Aquarius III\u00a0\u00bb<br \/>\n6. \u00ab\u00a0Soul Food II\u00a0\u00bb<br \/>\n7. \u00ab\u00a0Perfect\u00a0\u00bb<br \/>\n8. \u00ab\u00a0Man I Is\u00a0\u00bb<br \/>\n9. \u00ab\u00a0DadBod\u00a0\u00bb<br \/>\n10. \u00ab\u00a05 Hooks\u00a0\u00bb<br \/>\n11. \u00ab\u00a0Dark Place\u00a0\u00bb<br \/>\n12. \u00ab\u00a0A2Z\u00a0\u00bb<br \/>\n13. \u00ab\u00a0Heard Em Say\u00a0\u00bb<br \/>\n14. \u00ab\u00a0Amen\u00a0\u00bb<br \/>\n15. \u00ab\u00a0Obediently Yours\u00a0\u00bb<\/em><\/p>\n<p>Les meilleurs sons de Logic sont \u00e0 retrouver dans la playlist Hip-Hop 4 Life : <a href=\"http:\/\/hiphop4life.fr\/chroniques\/playlists\/\">Cartoon &amp; Cereal<\/a>[\/vc_column_text][\/vc_column][\/vc_row]<\/p>\n<\/div>","protected":false},"excerpt":{"rendered":"<p><strong>Album :<\/strong> No Pressure<br \/>\n<strong>Artiste :<\/strong> Logic<br \/>\n<strong>Etat :<\/strong>\u00a0Neuf &#8211; Sous blister<br \/>\n<strong>Format :<\/strong>\u00a0Vinyle, 2 LP, Album<br \/>\n<strong>Label :<\/strong> Def Jam<br \/>\n<strong>Edition :<\/strong> Originale<br \/>\n<strong>Date de sortie :<\/strong>\u00a02020<br \/>\n<strong>Genre :<\/strong>\u00a0Hip-Hop\u00a0\/ Rap US<\/p>\n","protected":false},"featured_media":94914,"comment_status":"open","ping_status":"closed","template":"","meta":{"om_disable_all_campaigns":false,"_monsterinsights_skip_tracking":false,"_monsterinsights_sitenote_active":false,"_monsterinsights_sitenote_note":"","_monsterinsights_sitenote_category":0},"product_brand":[],"product_cat":[9206],"product_tag":[5325,7164,5855,10045,7701,5326],"class_list":{"0":"post-94911","1":"product","2":"type-product","3":"status-publish","4":"has-post-thumbnail","6":"product_cat-new-school","7":"product_tag-hip-hop","8":"product_tag-logic","9":"product_tag-new-school","10":"product_tag-no-pressure","11":"product_tag-original","12":"product_tag-rap-us","13":"product_shipping_class-2-lp","15":"first","16":"outofstock","17":"taxable","18":"shipping-taxable","19":"purchasable","20":"product-type-simple"},"aioseo_notices":[],"_links":{"self":[{"href":"https:\/\/hiphop4life.fr\/shop\/wp-json\/wp\/v2\/product\/94911","targetHints":{"allow":["GET"]}}],"collection":[{"href":"https:\/\/hiphop4life.fr\/shop\/wp-json\/wp\/v2\/product"}],"about":[{"href":"https:\/\/hiphop4life.fr\/shop\/wp-json\/wp\/v2\/types\/product"}],"replies":[{"embeddable":true,"href":"https:\/\/hiphop4life.fr\/shop\/wp-json\/wp\/v2\/comments?post=94911"}],"wp:featuredmedia":[{"embeddable":true,"href":"https:\/\/hiphop4life.fr\/shop\/wp-json\/wp\/v2\/media\/94914"}],"wp:attachment":[{"href":"https:\/\/hiphop4life.fr\/shop\/wp-json\/wp\/v2\/media?parent=94911"}],"wp:term":[{"taxonomy":"product_brand","embeddable":true,"href":"https:\/\/hiphop4life.fr\/shop\/wp-json\/wp\/v2\/product_brand?post=94911"},{"taxonomy":"product_cat","embeddable":true,"href":"https:\/\/hiphop4life.fr\/shop\/wp-json\/wp\/v2\/product_cat?post=94911"},{"taxonomy":"product_tag","embeddable":true,"href":"https:\/\/hiphop4life.fr\/shop\/wp-json\/wp\/v2\/product_tag?post=94911"}],"curies":[{"name":"wp","href":"https:\/\/api.w.org\/{rel}","templated":true}]}}