{"id":94917,"date":"2021-03-30T10:38:45","date_gmt":"2021-03-30T08:38:45","guid":{"rendered":"https:\/\/hiphop4life.fr\/shop\/?post_type=product&#038;p=94917"},"modified":"2025-06-02T12:35:11","modified_gmt":"2025-06-02T10:35:11","slug":"nas-kings-disease-vinyle","status":"publish","type":"product","link":"https:\/\/hiphop4life.fr\/shop\/produit\/nas-kings-disease-vinyle\/","title":{"rendered":"Nas &#8211; King&rsquo;s Disease [Vinyle Rouge et Jaune]"},"content":{"rendered":"<div class=\"wpb-content-wrapper\"><p>[vc_row][vc_column width=\u00a0\u00bb1\/1&Prime;][vc_column_text]Un album ultra black plein de sagesse et de nostalgie travers\u00e9 par des fant\u00f4mes du pass\u00e9.<br \/>\n27 \u00e9t\u00e9s ont pass\u00e9 depuis <a href=\"https:\/\/hiphop4life.fr\/shop\/produit\/nas-illmatic-vinyle\/\"><em><strong>Illmatic<\/strong><\/em><\/a> et le temps ne semble toujours pas avoir de prise sur <strong>Nas<\/strong>, le v\u00e9t\u00e9ran balance calmement l&rsquo;album rap de l&rsquo;ann\u00e9e, bien aid\u00e9 par un <strong>Hit-Boy<\/strong> tr\u00e8s inspir\u00e9 qui fait le pont entre les g\u00e9n\u00e9rations.<\/p>\n<p>Enfin un premier Grammy pour clore en beaut\u00e9 une carri\u00e8re l\u00e9gendaire.[\/vc_column_text][vc_single_image media=\u00a0\u00bb94918&Prime; media_width_percent=\u00a0\u00bb100&Prime;][vc_column_text]<iframe src=\"https:\/\/open.spotify.com\/embed\/album\/5ZQjqg9obFzyGuxGj0mjSi\" width=\"300\" height=\"380\" frameborder=\"0\"><\/iframe><\/p>\n<p><strong>Tracklist<\/strong><\/p>\n<p><em>1. King&rsquo;s Disease<br \/>\n2. Blue Benz<br \/>\n3. Car #85 (featuring Charlie Wilson)<br \/>\n4. Ultra Black (featuring Hit-Boy)<br \/>\n5. 27 Summers<br \/>\n6. Replace Me (featuring Big Sean &amp; Don Toliver)<br \/>\n7. Til the War is Won (featuring Lil Durk)<br \/>\n8. All Bad (featuring Anderson .Paak)<br \/>\n9. The Definition (featuring Brucie B)<br \/>\n10. Full Circle (featuring The Firm)<br \/>\n11. 10 Points<br \/>\n12. The Cure<br \/>\n13. Spicy (titre bonus) (featuring Fivio Foreign &amp; A$AP Ferg)<\/em>[\/vc_column_text][\/vc_column][\/vc_row]<\/p>\n<\/div>","protected":false},"excerpt":{"rendered":"<p><strong>Album :<\/strong>\u00a0King&rsquo;s Disease<br \/>\n<strong>Artiste :<\/strong>\u00a0Nas<br \/>\n<strong>Etat :<\/strong>\u00a0Neuf &#8211; Sous blister<br \/>\n<strong>Format :<\/strong>\u00a0Vinyle, LP, Album<br \/>\n<strong>Label :<\/strong>\u00a0Mass Appeal Records<br \/>\n<strong>Edition :<\/strong> Originale &#8211;\u00a0 Collector Vinyles Rouge et Jaune<br \/>\n<strong>Date de sortie :<\/strong>\u00a02020<br \/>\n<strong>Genre :<\/strong>\u00a0Hip-Hop \/ Rap US \/\u00a0East Coast<\/p>\n","protected":false},"featured_media":94919,"comment_status":"open","ping_status":"closed","template":"","meta":{"om_disable_all_campaigns":false,"_monsterinsights_skip_tracking":false,"_monsterinsights_sitenote_active":false,"_monsterinsights_sitenote_note":"","_monsterinsights_sitenote_category":0},"product_brand":[],"product_cat":[6174],"product_tag":[7266,5337,5325,10050,5335,7701,5326,9089],"class_list":{"0":"post-94917","1":"product","2":"type-product","3":"status-publish","4":"has-post-thumbnail","6":"product_cat-east-coast","7":"product_tag-collector","8":"product_tag-east-coast","9":"product_tag-hip-hop","10":"product_tag-kings-disease","11":"product_tag-nas","12":"product_tag-original","13":"product_tag-rap-us","14":"product_tag-vinyle-colore","15":"product_shipping_class-2-lp","17":"first","18":"instock","19":"taxable","20":"shipping-taxable","21":"purchasable","22":"product-type-simple"},"aioseo_notices":[],"_links":{"self":[{"href":"https:\/\/hiphop4life.fr\/shop\/wp-json\/wp\/v2\/product\/94917","targetHints":{"allow":["GET"]}}],"collection":[{"href":"https:\/\/hiphop4life.fr\/shop\/wp-json\/wp\/v2\/product"}],"about":[{"href":"https:\/\/hiphop4life.fr\/shop\/wp-json\/wp\/v2\/types\/product"}],"replies":[{"embeddable":true,"href":"https:\/\/hiphop4life.fr\/shop\/wp-json\/wp\/v2\/comments?post=94917"}],"wp:featuredmedia":[{"embeddable":true,"href":"https:\/\/hiphop4life.fr\/shop\/wp-json\/wp\/v2\/media\/94919"}],"wp:attachment":[{"href":"https:\/\/hiphop4life.fr\/shop\/wp-json\/wp\/v2\/media?parent=94917"}],"wp:term":[{"taxonomy":"product_brand","embeddable":true,"href":"https:\/\/hiphop4life.fr\/shop\/wp-json\/wp\/v2\/product_brand?post=94917"},{"taxonomy":"product_cat","embeddable":true,"href":"https:\/\/hiphop4life.fr\/shop\/wp-json\/wp\/v2\/product_cat?post=94917"},{"taxonomy":"product_tag","embeddable":true,"href":"https:\/\/hiphop4life.fr\/shop\/wp-json\/wp\/v2\/product_tag?post=94917"}],"curies":[{"name":"wp","href":"https:\/\/api.w.org\/{rel}","templated":true}]}}