{"id":94927,"date":"2016-01-01T16:22:15","date_gmt":"2016-01-01T15:22:15","guid":{"rendered":"https:\/\/hiphop4life.fr\/shop\/?post_type=product&#038;p=94927"},"modified":"2024-04-22T10:44:06","modified_gmt":"2024-04-22T08:44:06","slug":"the-roots-do-you-want-more-vinyle","status":"publish","type":"product","link":"https:\/\/hiphop4life.fr\/shop\/produit\/the-roots-do-you-want-more-vinyle\/","title":{"rendered":"The Roots &#8211; Do You Want More?!!!??! [Box Deluxe 4LP]"},"content":{"rendered":"<div class=\"wpb-content-wrapper\"><p>[vc_row][vc_column width=\u00a0\u00bb1\/1&Prime;][vc_single_image media=\u00a0\u00bb94928&Prime; media_width_percent=\u00a0\u00bb100&Prime;][vc_column_text]<iframe src=\"https:\/\/open.spotify.com\/embed\/album\/3N0wHnD5Rd8jnTUvNqOXGz\" width=\"300\" height=\"380\" frameborder=\"0\"><\/iframe><\/p>\n<p><strong>Tracklist<\/strong><\/p>\n<div id=\"PageContainer\" class=\"is-moved-by-drawer js-stickybit-parent\">\n<div class=\"product-details-below nowrapper\">\n<div class=\"wrapper\">\n<div class=\"grid\">\n<div class=\"grid__item large--three-tenths\">\n<div class=\"product-description secondary\">\n<p><em>A1 Intro \/ There&rsquo;s Something Goin&rsquo; On<\/em><br \/>\n<em>A2 Proceed<\/em><br \/>\n<em>A3 Distortion To Static<\/em><br \/>\n<em>A4 Mellow My Man<\/em><br \/>\n<em>A5 I Remain Calm<\/em><br \/>\n<em>\u00a0<\/em><br \/>\n<em>B1 Datskat<\/em><br \/>\n<em>B2 Lazy Afternoon<\/em><br \/>\n<em>B3 ? vs. Rahzel<\/em><br \/>\n<em>B4 Do You Want More?!!!??!<\/em><br \/>\n<em>\u00a0<\/em><br \/>\n<em>C1 What Goes On Pt. 7<\/em><br \/>\n<em>C2 Essaywhuman?!!!??!<\/em><br \/>\n<em>C3 Swept Away<\/em><br \/>\n<em>C4 You Ain&rsquo;t Fly<\/em><br \/>\n<em>\u00a0<\/em><br \/>\n<em>D1 Silent Treatment<\/em><br \/>\n<em>D2 The Lesson Pt. 1<\/em><br \/>\n<em>D3 The Unlocking<\/em><\/p>\n<p><strong>Bonus Tracks\u00a0<\/strong><\/p>\n<p><em>E1 Proceed II Feat. Roy Ayers<\/em><br \/>\n<em>E2 Proceed III<\/em><br \/>\n<em>E3 Proceed IV (AJ Shine Mix)<\/em><br \/>\n<em>E4 Proceed V (Beatminerz Mix)<\/em><br \/>\n<em>E5 Silent Treatment (Kelo&rsquo;s Remix)<\/em><br \/>\n<em>\u00a0<\/em><br \/>\n<em>F1 Silent Treatment (Beatminerz Remix)<\/em><br \/>\n<em>F2 Silent Treatment (Black Thought&rsquo;s 87 You And Yours Mix)<\/em><br \/>\n<em>F3 Silent Treatment (Question&rsquo;s Mix)<\/em><br \/>\n<em>F4 Silent Treatment (Street Mix)<\/em><br \/>\n<em>\u00a0<\/em><br \/>\n<em>G1 In Your Dreams Kid (I&rsquo;m Every MC)<\/em><br \/>\n<em>G2 The Ultimate (Original &rsquo;94 Version)<\/em><br \/>\n<em>G3 &#8230;\u2026(dot dot dot\u2026on &amp; on)<\/em><br \/>\n<em>G4 Pffat Time<\/em><br \/>\n<em>\u00a0<\/em><br \/>\n<em>H1 Swept Away (Original Draft)<\/em><br \/>\n<em>H2 It&rsquo;s Coming<\/em><br \/>\n<em>H3 Lazy Afternoon (Alternate Version)<\/em><br \/>\n<em>H4 Distortion To Static (Freestyle Mix) [Clean]<\/em><br \/>\n<em>H5 Distortion To Static (Quest Jim Mix) [Clean]<\/em><\/p>\n<\/div>\n<\/div>\n<\/div>\n<\/div>\n<\/div>\n<\/div>\n<p>[\/vc_column_text][\/vc_column][\/vc_row]<\/p>\n<\/div>","protected":false},"excerpt":{"rendered":"<p><em>Le premier album du l\u00e9gendaire groupe The Roots, Do You Want More ?!!!??!, est r\u00e9\u00e9dit\u00e9 en version deluxe avec\u00a0l&rsquo;album original remasteris\u00e9 ainsi que de nouvelles pistes bonus choisies par Questlove. <\/em><br \/>\n<em>Cette box collector inclus 4LP et poss\u00e8de une\u00a0belle finition en aluminium et un livret avec des photos rares et des essais de Questlove et Black Thought, ainsi que des commentaires piste par piste.<\/em><\/p>\n<p><strong>Album :<\/strong> Do You Want More?!!!??!<br \/>\n<strong>Artiste :<\/strong>\u00a0The Roots<br \/>\n<strong>Etat :<\/strong>\u00a0Neuf &#8211; Sous blisteur<br \/>\n<strong>Format :<\/strong> Vinyle, 4 LP, Deluxe Album, Box<br \/>\n<strong>Label :<\/strong> Geffen Records<br \/>\n<strong>Edition :<\/strong> R\u00e9\u00e9dition 2021<br \/>\n<strong>Date de sortie :<\/strong>\u00a01994<br \/>\n<strong>Genre :<\/strong> Hip-Hop \/ Rap US \/ Rap Conscient \/ Jazz Rap<\/p>\n","protected":false},"featured_media":94929,"comment_status":"open","ping_status":"closed","template":"","meta":{"om_disable_all_campaigns":false,"_monsterinsights_skip_tracking":false,"_monsterinsights_sitenote_active":false,"_monsterinsights_sitenote_note":"","_monsterinsights_sitenote_category":0},"product_brand":[],"product_cat":[6171],"product_tag":[5929,8022,8848,10055,5339,5325,6131,5361,5326,7693,5933,6986],"class_list":{"0":"post-94927","1":"product","2":"type-product","3":"status-publish","4":"has-post-thumbnail","6":"product_cat-golden-age","7":"product_tag-black-thought","8":"product_tag-box","9":"product_tag-deluxe","10":"product_tag-do-you-want-more","11":"product_tag-golden-age","12":"product_tag-hip-hop","13":"product_tag-jazz-rap","14":"product_tag-rap-conscient","15":"product_tag-rap-us","16":"product_tag-reedition","17":"product_tag-the-roots","18":"product_tag-underground-fr","19":"product_shipping_class-4-lp","21":"first","22":"outofstock","23":"taxable","24":"shipping-taxable","25":"purchasable","26":"product-type-simple"},"aioseo_notices":[],"_links":{"self":[{"href":"https:\/\/hiphop4life.fr\/shop\/wp-json\/wp\/v2\/product\/94927","targetHints":{"allow":["GET"]}}],"collection":[{"href":"https:\/\/hiphop4life.fr\/shop\/wp-json\/wp\/v2\/product"}],"about":[{"href":"https:\/\/hiphop4life.fr\/shop\/wp-json\/wp\/v2\/types\/product"}],"replies":[{"embeddable":true,"href":"https:\/\/hiphop4life.fr\/shop\/wp-json\/wp\/v2\/comments?post=94927"}],"wp:featuredmedia":[{"embeddable":true,"href":"https:\/\/hiphop4life.fr\/shop\/wp-json\/wp\/v2\/media\/94929"}],"wp:attachment":[{"href":"https:\/\/hiphop4life.fr\/shop\/wp-json\/wp\/v2\/media?parent=94927"}],"wp:term":[{"taxonomy":"product_brand","embeddable":true,"href":"https:\/\/hiphop4life.fr\/shop\/wp-json\/wp\/v2\/product_brand?post=94927"},{"taxonomy":"product_cat","embeddable":true,"href":"https:\/\/hiphop4life.fr\/shop\/wp-json\/wp\/v2\/product_cat?post=94927"},{"taxonomy":"product_tag","embeddable":true,"href":"https:\/\/hiphop4life.fr\/shop\/wp-json\/wp\/v2\/product_tag?post=94927"}],"curies":[{"name":"wp","href":"https:\/\/api.w.org\/{rel}","templated":true}]}}