{"id":94970,"date":"2016-02-26T12:10:53","date_gmt":"2016-02-26T11:10:53","guid":{"rendered":"https:\/\/hiphop4life.fr\/shop\/?post_type=product&#038;p=94970"},"modified":"2022-01-17T16:18:55","modified_gmt":"2022-01-17T15:18:55","slug":"nas-gods-son-vinyle","status":"publish","type":"product","link":"https:\/\/hiphop4life.fr\/shop\/produit\/nas-gods-son-vinyle\/","title":{"rendered":"Nas &#8211; God&rsquo;s Son [Vinyle Bleu]"},"content":{"rendered":"<div class=\"wpb-content-wrapper\"><p>[vc_row][vc_column width=\u00a0\u00bb1\/1&Prime;][vc_single_image media=\u00a0\u00bb94971&Prime; media_width_percent=\u00a0\u00bb100&Prime;][vc_column_text]<iframe src=\"https:\/\/open.spotify.com\/embed\/album\/3rV1aPkrWyMs6YTvTpSbIY\" width=\"300\" height=\"380\" frameborder=\"0\"><\/iframe><\/p>\n<p><strong>Tracklist<\/strong><\/p>\n<p><em>A1 Get Down<br \/>\nA2 The Cross<br \/>\nA3 Made You Look<br \/>\nB1 Last Real N**** Alive<br \/>\nB2 Zone Out feat Bravehearts<br \/>\nB3 Hey Nas feat Kelis &amp; Claudette Ortiz Of City High<br \/>\nB4 I Can<br \/>\nC1 Book Of Rhymes<br \/>\nC2 Thugz Mansion (NY) feat 2 Pac &amp; J Phoenix<br \/>\nC3 Mastermind<br \/>\nC4 Warrior Song feat Alicia Keys<br \/>\nD1 Revolutionary Warfare feat Lake<br \/>\nD2 Dance<br \/>\nD3 Heaven<\/em><\/p>\n<p>Les meilleurs sons de Nas sont \u00e0 retrouver dans la playlist Hip-Hop 4 Life : <a href=\"http:\/\/hiphop4life.fr\/chroniques\/playlists\/\">Ether<\/a>[\/vc_column_text][\/vc_column][\/vc_row]<\/p>\n<\/div>","protected":false},"excerpt":{"rendered":"<p><strong>Album :<\/strong> God&rsquo;s Son<br \/>\n<strong>Artiste :<\/strong> Nas<br \/>\n<strong>Etat :<\/strong>\u00a0Neuf<br \/>\n<strong>Format :<\/strong>\u00a0Vinyle, 2 LP, Album<br \/>\n<strong>Label :<\/strong>\u00a0Columbia Records<br \/>\n<strong>Edition :<\/strong> R\u00e9\u00e9dition 2020 Get On Down RSD &#8211; Vinyle Bleu Custom (\u00e9dition limit\u00e9e 5000 exemplaires)<br \/>\n<strong>Date de sortie :<\/strong>\u00a02002<br \/>\n<strong>Genre :<\/strong>\u00a0Hip-Hop\u00a0\/ Rap US \/ East Coast<\/p>\n","protected":false},"featured_media":94972,"comment_status":"open","ping_status":"closed","template":"","meta":{"om_disable_all_campaigns":false,"_monsterinsights_skip_tracking":false,"_monsterinsights_sitenote_active":false,"_monsterinsights_sitenote_note":"","_monsterinsights_sitenote_category":0},"product_brand":[],"product_cat":[6172,6174],"product_tag":[5374,7266,5337,10070,5325,5335,5326,7693,9089],"class_list":{"0":"post-94970","1":"product","2":"type-product","3":"status-publish","4":"has-post-thumbnail","6":"product_cat-2000s","7":"product_cat-east-coast","8":"product_tag-2000s","9":"product_tag-collector","10":"product_tag-east-coast","11":"product_tag-gods-son","12":"product_tag-hip-hop","13":"product_tag-nas","14":"product_tag-rap-us","15":"product_tag-reedition","16":"product_tag-vinyle-colore","17":"product_shipping_class-lp","19":"first","20":"outofstock","21":"taxable","22":"shipping-taxable","23":"purchasable","24":"product-type-simple"},"aioseo_notices":[],"_links":{"self":[{"href":"https:\/\/hiphop4life.fr\/shop\/wp-json\/wp\/v2\/product\/94970","targetHints":{"allow":["GET"]}}],"collection":[{"href":"https:\/\/hiphop4life.fr\/shop\/wp-json\/wp\/v2\/product"}],"about":[{"href":"https:\/\/hiphop4life.fr\/shop\/wp-json\/wp\/v2\/types\/product"}],"replies":[{"embeddable":true,"href":"https:\/\/hiphop4life.fr\/shop\/wp-json\/wp\/v2\/comments?post=94970"}],"wp:featuredmedia":[{"embeddable":true,"href":"https:\/\/hiphop4life.fr\/shop\/wp-json\/wp\/v2\/media\/94972"}],"wp:attachment":[{"href":"https:\/\/hiphop4life.fr\/shop\/wp-json\/wp\/v2\/media?parent=94970"}],"wp:term":[{"taxonomy":"product_brand","embeddable":true,"href":"https:\/\/hiphop4life.fr\/shop\/wp-json\/wp\/v2\/product_brand?post=94970"},{"taxonomy":"product_cat","embeddable":true,"href":"https:\/\/hiphop4life.fr\/shop\/wp-json\/wp\/v2\/product_cat?post=94970"},{"taxonomy":"product_tag","embeddable":true,"href":"https:\/\/hiphop4life.fr\/shop\/wp-json\/wp\/v2\/product_tag?post=94970"}],"curies":[{"name":"wp","href":"https:\/\/api.w.org\/{rel}","templated":true}]}}