{"id":95375,"date":"2021-02-25T13:29:33","date_gmt":"2021-02-25T12:29:33","guid":{"rendered":"https:\/\/hiphop4life.fr\/shop\/?post_type=product&#038;p=95375"},"modified":"2026-03-05T11:15:16","modified_gmt":"2026-03-05T10:15:16","slug":"t-i-im-serious-vinyle","status":"publish","type":"product","link":"https:\/\/hiphop4life.fr\/shop\/produit\/t-i-im-serious-vinyle\/","title":{"rendered":"T.I. &#8211; I&rsquo;m Serious [Vinyle Rouge &#038; Blanc]"},"content":{"rendered":"<div class=\"wpb-content-wrapper\"><p>[vc_row][vc_column width=\u00a0\u00bb1\/1&Prime;][vc_single_image media=\u00a0\u00bb95376&Prime; media_width_percent=\u00a0\u00bb100&Prime;][vc_column_text]<iframe src=\"https:\/\/open.spotify.com\/embed\/album\/4HbKErpjgtJZGFOgfXSWHu\" width=\"300\" height=\"380\" frameborder=\"0\"><\/iframe><\/p>\n<p><strong>Tracklist<\/strong><\/p>\n<p><em>1. \u00ab\u00a0Intro\u00a0\u00bb<br \/>\n2. \u00ab\u00a0Still Ain&rsquo;t Forgave Myself\u00a0\u00bb<br \/>\n3. \u00ab\u00a0Dope Boyz\u00a0\u00bb<br \/>\n4. \u00ab\u00a0What Happened?\u00a0\u00bb<br \/>\n5. \u00ab\u00a0You Ain&rsquo;t Hard\u00a0\u00bb (featuring Mac Boney)<br \/>\n6. \u00ab\u00a0Why I&rsquo;m Serious\u00a0\u00bb (Interlude)<br \/>\n7. \u00ab\u00a0I&rsquo;m Serious\u00a0\u00bb (featuring Beenie Man)<br \/>\n8. \u00ab\u00a0Do It (Stick It Baby)\u00a0\u00bb<br \/>\n9. \u00ab\u00a0What&rsquo;s Yo Name\u00a0\u00bb (featuring Pharrell)<br \/>\n10. \u00ab\u00a0Hands Up\u00a0\u00bb<br \/>\n11. \u00ab\u00a0Chooz U\u00a0\u00bb (featuring Jazze Pha)<br \/>\n12. \u00ab\u00a0I Can&rsquo;t Be Your Man\u00a0\u00bb<br \/>\n13. \u00ab\u00a0Hotel\u00a0\u00bb (featuring Too $hort)<br \/>\n14. \u00ab\u00a0At the Bar\u00a0\u00bb<br \/>\n15. \u00ab\u00a0Heavy Chevys\u00a0\u00bb (featuring P$C)<br \/>\n16. \u00ab\u00a0Grand Royal\u00a0\u00bb<br \/>\n17. \u00ab\u00a0Outro\u00a0\u00bb<br \/>\n18. \u00ab\u00a0I&rsquo;m Serious\u00a0\u00bb (Remix) (featuring YoungBloodZ, Bone Crusher &amp; Pastor Troy)<\/em>[\/vc_column_text][\/vc_column][\/vc_row]<\/p>\n<\/div>","protected":false},"excerpt":{"rendered":"<p><strong>Edition remasteris\u00e9e et limit\u00e9e \u00e0 500 exemplaires num\u00e9rot\u00e9s \u00e0 la main.<br \/>\nVinyle audiophile 180g rouge et blanc.<\/strong><\/p>\n<p><strong>Album :<\/strong> I&rsquo;m Serious<br \/>\n<strong>Artiste :<\/strong>\u00a0T.I.<br \/>\n<strong>Etat :<\/strong> Neuf &#8211; Sous Blister<br \/>\n<strong>Format :<\/strong> Vinyle, 2 LP, Album<br \/>\n<strong>Label :<\/strong> Arista<br \/>\n<strong>Edition :<\/strong> R\u00e9\u00e9dition \u00ab\u00a0Omert\u00e0\u00a0\u00bb RSD 2017<br \/>\n<strong>Date de sortie :<\/strong> 2001<br \/>\n<strong>Genre :<\/strong>\u00a0Hip-Hop \/ Rap US \/ Trap<\/p>\n","protected":false},"featured_media":95377,"comment_status":"open","ping_status":"closed","template":"","meta":{"om_disable_all_campaigns":false,"_monsterinsights_skip_tracking":false,"_monsterinsights_sitenote_active":false,"_monsterinsights_sitenote_note":"","_monsterinsights_sitenote_category":0},"product_brand":[],"product_cat":[6172,6176],"product_tag":[5374,7266,5372,9091,5325,10276,5326,7693,9328,8035,9089],"class_list":{"0":"post-95375","1":"product","2":"type-product","3":"status-publish","4":"has-post-thumbnail","6":"product_cat-2000s","7":"product_cat-dirty-south","8":"product_tag-2000s","9":"product_tag-collector","10":"product_tag-dirty-south","11":"product_tag-edition-limitee","12":"product_tag-hip-hop","13":"product_tag-im-serious","14":"product_tag-rap-us","15":"product_tag-reedition","16":"product_tag-t-i","17":"product_tag-trap","18":"product_tag-vinyle-colore","19":"product_shipping_class-lp","21":"first","22":"instock","23":"taxable","24":"shipping-taxable","25":"purchasable","26":"product-type-simple"},"aioseo_notices":[],"_links":{"self":[{"href":"https:\/\/hiphop4life.fr\/shop\/wp-json\/wp\/v2\/product\/95375","targetHints":{"allow":["GET"]}}],"collection":[{"href":"https:\/\/hiphop4life.fr\/shop\/wp-json\/wp\/v2\/product"}],"about":[{"href":"https:\/\/hiphop4life.fr\/shop\/wp-json\/wp\/v2\/types\/product"}],"replies":[{"embeddable":true,"href":"https:\/\/hiphop4life.fr\/shop\/wp-json\/wp\/v2\/comments?post=95375"}],"wp:featuredmedia":[{"embeddable":true,"href":"https:\/\/hiphop4life.fr\/shop\/wp-json\/wp\/v2\/media\/95377"}],"wp:attachment":[{"href":"https:\/\/hiphop4life.fr\/shop\/wp-json\/wp\/v2\/media?parent=95375"}],"wp:term":[{"taxonomy":"product_brand","embeddable":true,"href":"https:\/\/hiphop4life.fr\/shop\/wp-json\/wp\/v2\/product_brand?post=95375"},{"taxonomy":"product_cat","embeddable":true,"href":"https:\/\/hiphop4life.fr\/shop\/wp-json\/wp\/v2\/product_cat?post=95375"},{"taxonomy":"product_tag","embeddable":true,"href":"https:\/\/hiphop4life.fr\/shop\/wp-json\/wp\/v2\/product_tag?post=95375"}],"curies":[{"name":"wp","href":"https:\/\/api.w.org\/{rel}","templated":true}]}}