{"id":95414,"date":"2016-02-26T16:36:41","date_gmt":"2016-02-26T15:36:41","guid":{"rendered":"https:\/\/hiphop4life.fr\/shop\/?post_type=product&#038;p=95414"},"modified":"2022-01-17T16:18:53","modified_gmt":"2022-01-17T15:18:53","slug":"ditc-the-official-version-vinyle","status":"publish","type":"product","link":"https:\/\/hiphop4life.fr\/shop\/produit\/ditc-the-official-version-vinyle\/","title":{"rendered":"D.I.T.C. &#8211; D.I.T.C The Official Version [Vinyle]"},"content":{"rendered":"<div class=\"wpb-content-wrapper\"><p>[vc_row][vc_column width=\u00a0\u00bb1\/1&Prime;][vc_single_image media=\u00a0\u00bb95416&Prime; media_width_percent=\u00a0\u00bb100&Prime;][vc_column_text]<iframe src=\"https:\/\/open.spotify.com\/embed\/album\/7Kw28Qg3OeGQiGso0qyONJ\" width=\"300\" height=\"380\" frameborder=\"0\"><\/iframe><\/p>\n<p><strong>Tracklist<\/strong><\/p>\n<p><em>A1. Thick (Rockwilder Mix)<br \/>\nA2. Way Of Life (Alternate Version)<br \/>\nA3. Get Yours (Remix)<br \/>\nB1. Where Ya At (Remix)<br \/>\nB2. We Known For That<br \/>\nB3. Champagne Thoughts<br \/>\nB4. All Love<br \/>\nC1. Ebonics (Alternate Version)<br \/>\nC2. Foundation<br \/>\nC3. Weekend Nights<br \/>\nD1. Hey Love<br \/>\nD2. Drop It Heavy (Alternate Version)<br \/>\nD3. Tribute (Extended Version)<\/em><\/p>\n<p>Les meilleurs sons de Big L sont \u00e0 retrouver dans la playlist Hip-Hop 4 Life : <a href=\"http:\/\/hiphop4life.fr\/chroniques\/playlists\/\">NY State Of Mind<\/a>.[\/vc_column_text][\/vc_column][\/vc_row]<\/p>\n<\/div>","protected":false},"excerpt":{"rendered":"<p>La version officielle du premier album du D.I.T.C. sortie par le label Tommy Boy, alors en embrouille avec le groupe, n&rsquo;est pas la version que souhaitait sortir le groupe, voici pour la premi\u00e8re fois en vinyle la version alternative de l&rsquo;album que Big L, Big Pun et toute la clique voulait sortir \u00e0 l&rsquo;\u00e9poque.<\/p>\n<p>Une tracklist diff\u00e9rente et des versions alternatives de certains morceaux incluant le remix de DJ Premier du morceau <em>Where Ya At<\/em> de Big Pun et Milano ou encore le remix de <em>Way Of Life<\/em> avec un beat in\u00e9dit de Buckwild, un vinyle \u00e0 se procurer d&rsquo;urgence pour les fans du groupe.<\/p>\n<p><strong>Album :<\/strong> D.I.T.C. The Official Version<br \/>\n<strong>Artiste :<\/strong> D.I.T.C.<br \/>\n<strong>Etat :<\/strong> Neuf &#8211; Sous blister<br \/>\n<strong>Format :<\/strong>\u00a0Vinyle, 2 LP, Album<br \/>\n<strong>Label :<\/strong> D.I.T.C., Fat Beats<br \/>\n<strong>Edition :<\/strong> R\u00e9\u00e9dition 2020<br \/>\n<strong>Date de sortie :<\/strong> 2000<br \/>\n<strong>Genre :<\/strong>\u00a0Hip-Hop\u00a0\/ Rap US \/ East Coast \/ Hardcore \/ Underground<\/p>\n","protected":false},"featured_media":95417,"comment_status":"open","ping_status":"closed","template":"","meta":{"om_disable_all_campaigns":false,"_monsterinsights_skip_tracking":false,"_monsterinsights_sitenote_active":false,"_monsterinsights_sitenote_note":"","_monsterinsights_sitenote_category":0},"product_brand":[],"product_cat":[6172,6174,6171],"product_tag":[7535,7187,7191,5337,7835,5339,5871,5325,7611,5326,7693,7695,10301,6986],"class_list":{"0":"post-95414","1":"product","2":"type-product","3":"status-publish","4":"has-post-thumbnail","6":"product_cat-2000s","7":"product_cat-east-coast","8":"product_cat-golden-age","9":"product_tag-big-l","10":"product_tag-big-pun","11":"product_tag-d-i-t-c","12":"product_tag-east-coast","13":"product_tag-fat-joe","14":"product_tag-golden-age","15":"product_tag-hardcore","16":"product_tag-hip-hop","17":"product_tag-oc","18":"product_tag-rap-us","19":"product_tag-reedition","20":"product_tag-remasterise","21":"product_tag-the-official-version","22":"product_tag-underground-fr","23":"product_shipping_class-2-lp","25":"first","26":"outofstock","27":"taxable","28":"shipping-taxable","29":"purchasable","30":"product-type-simple"},"aioseo_notices":[],"_links":{"self":[{"href":"https:\/\/hiphop4life.fr\/shop\/wp-json\/wp\/v2\/product\/95414","targetHints":{"allow":["GET"]}}],"collection":[{"href":"https:\/\/hiphop4life.fr\/shop\/wp-json\/wp\/v2\/product"}],"about":[{"href":"https:\/\/hiphop4life.fr\/shop\/wp-json\/wp\/v2\/types\/product"}],"replies":[{"embeddable":true,"href":"https:\/\/hiphop4life.fr\/shop\/wp-json\/wp\/v2\/comments?post=95414"}],"wp:featuredmedia":[{"embeddable":true,"href":"https:\/\/hiphop4life.fr\/shop\/wp-json\/wp\/v2\/media\/95417"}],"wp:attachment":[{"href":"https:\/\/hiphop4life.fr\/shop\/wp-json\/wp\/v2\/media?parent=95414"}],"wp:term":[{"taxonomy":"product_brand","embeddable":true,"href":"https:\/\/hiphop4life.fr\/shop\/wp-json\/wp\/v2\/product_brand?post=95414"},{"taxonomy":"product_cat","embeddable":true,"href":"https:\/\/hiphop4life.fr\/shop\/wp-json\/wp\/v2\/product_cat?post=95414"},{"taxonomy":"product_tag","embeddable":true,"href":"https:\/\/hiphop4life.fr\/shop\/wp-json\/wp\/v2\/product_tag?post=95414"}],"curies":[{"name":"wp","href":"https:\/\/api.w.org\/{rel}","templated":true}]}}