{"id":95430,"date":"2021-02-26T18:28:45","date_gmt":"2021-02-26T17:28:45","guid":{"rendered":"https:\/\/hiphop4life.fr\/shop\/?post_type=product&#038;p=95430"},"modified":"2025-10-01T18:53:12","modified_gmt":"2025-10-01T16:53:12","slug":"j-dilla-welcome-2-detroit-vinyle","status":"publish","type":"product","link":"https:\/\/hiphop4life.fr\/shop\/produit\/j-dilla-welcome-2-detroit-vinyle\/","title":{"rendered":"J Dilla &#8211; Welcome 2 Detroit [Box 20e Anniversaire]"},"content":{"rendered":"<div class=\"wpb-content-wrapper\"><p>[vc_row][vc_column width=\u00a0\u00bb1\/1&Prime;][vc_single_image media=\u00a0\u00bb95431&Prime; media_width_percent=\u00a0\u00bb100&Prime;][vc_column_text]<iframe src=\"https:\/\/open.spotify.com\/embed\/album\/67Fpsd5TALBwzYYdfpNzJ5\" width=\"300\" height=\"380\" frameborder=\"0\"><\/iframe><\/p>\n<p><strong>Tracklist<\/strong><\/p>\n<p><em>1. Welcome 2 Detroit<br \/>\n2. Y&rsquo;all Ain&rsquo;t Ready<br \/>\n3. Think Twice<br \/>\n4. The Clapper (feat. Blu)<br \/>\n5. Come Get It (feat. eLZhi)<br \/>\n6. Pause (feat. Frank-N-Dank)<br \/>\n7. B.B.E. &#8211; Big Booty Express<br \/>\n8. Beej-n-Dem Pt. 2 (feat. Beej)<br \/>\n9. Brazilian Groove (Ewf)<br \/>\n10. It&rsquo;s Like That (feat. Hodge Podge &amp; Lacks)<br \/>\n11. Give It Up<br \/>\n12. Rico Suave Bossa Nova<br \/>\n13. Featuring Phat Kat<br \/>\n14. Shake It Down<br \/>\n15. African Rhythms<br \/>\n16. One<br \/>\n17. Welcome 2 Detroit (Instrumental)<br \/>\n18. Y\u2019all Ain\u2019t Ready (Instrumental)<br \/>\n19. Think Twice (Instrumental)<br \/>\n20. The Clapper (Instrumental)<br \/>\n21. Come Get It (Instrumental)<br \/>\n22. Pause (Instrumental)<br \/>\n23. B.B.E. &#8211; Big Booty Express (Instrumental)<br \/>\n24. Beej-N-Dem Pt. 2 (Instrumental)<br \/>\n25. Brazilian Groove EWF (Instrumental)<br \/>\n26. It&rsquo;s Like That (Instrumental)<br \/>\n27. Give It Up (Instrumental)<br \/>\n28. Feat. Phat Kat (Instrumental)<br \/>\n29. Shake It Down (Instrumental)<br \/>\n30. African Rhythms (Instrumental)<br \/>\n31. One (Instrumental)<br \/>\n32. Think Twice (DJ Muro&rsquo;s Kg Mix)<br \/>\n33. Think Twice (DJ Muro&rsquo;s KG Mix Instrumental)<br \/>\n34. Rico Suave Bossa Nova<br \/>\n35. Beej-n-Dem (feat. Beej) [Og]<br \/>\n36. Brazilian Groove EWF (No Drums, No Vocal)<br \/>\n37. It&rsquo;s Like That (Alternate Version)<br \/>\n38. Give It Up (Acapella)<br \/>\n39. African Rhythms (No Drums)<br \/>\n40. Think Twice (Alternate Take)<br \/>\n41. It&rsquo;s Like That (Original Beat)<br \/>\n42. Y&rsquo;all Ain&rsquo;t Ready (Cassette Demo)<br \/>\n43. Think Twice (Cassette Demo)<br \/>\n44. Come Get It (feat. 5 Ela) [Cassette Demo]<br \/>\n45. Come Get It (Alt Beat)<br \/>\n46. Beej-n-Dem Pt. 2 (Alt Beat)<\/em>[\/vc_column_text][\/vc_column][\/vc_row]<\/p>\n<div id=\"professor_prebid-root\"><\/div>\n<\/div>","protected":false},"excerpt":{"rendered":"<p>Le premier album de J. Dilla, <em>Welcome 2 Detroit<\/em>, pr\u00e9sent\u00e9 dans un coffret deluxe contenant 12 vinyles 45 tours incluant l&rsquo;album d&rsquo;origine, des instrumentaux, deux remixes d&rsquo;Azymuth et Muro, des mix alternatifs in\u00e9dits et un livre r\u00e9v\u00e9lant l&rsquo;histoire cach\u00e9e de l&rsquo;album racont\u00e9e par ceux qui ont particip\u00e9 \u00e0 sa cr\u00e9ation.<\/p>\n<p><strong>Album :<\/strong> Welcome 2 Detroit<br \/>\n<strong>Artiste :<\/strong> J Dilla<br \/>\n<strong>Etat :<\/strong>\u00a0Neuf<br \/>\n<strong>Format :<\/strong> Vinyles 45 tours, Box, Album<br \/>\n<strong>Label :<\/strong> BBE Records<br \/>\n<strong>Edition :<\/strong> R\u00e9\u00e9dition 2021 20\u00e8me Anniversaire<br \/>\n<strong>Date de sortie :<\/strong> 2001<br \/>\n<strong>Genre :<\/strong>\u00a0Hip-Hop \/ Rap US \/ Underground \/ Instrumental<\/p>\n<div id=\"professor_prebid-root\"><\/div>\n","protected":false},"featured_media":95433,"comment_status":"open","ping_status":"closed","template":"","meta":{"om_disable_all_campaigns":false,"_monsterinsights_skip_tracking":false,"_monsterinsights_sitenote_active":false,"_monsterinsights_sitenote_note":"","_monsterinsights_sitenote_category":0},"product_brand":[],"product_cat":[6172,6177],"product_tag":[5374,8022,7266,6051,5325,7634,7147,7149,5326,7997,6986,10309],"class_list":{"0":"post-95430","1":"product","2":"type-product","3":"status-publish","4":"has-post-thumbnail","6":"product_cat-2000s","7":"product_cat-midwest","8":"product_tag-2000s","9":"product_tag-box","10":"product_tag-collector","11":"product_tag-detroit","12":"product_tag-hip-hop","13":"product_tag-instrumental","14":"product_tag-j-dilla","15":"product_tag-jay-dilla","16":"product_tag-rap-us","17":"product_tag-reissue-fr","18":"product_tag-underground-fr","19":"product_tag-welcome-2-detroit","20":"product_shipping_class-2-lp","22":"first","23":"instock","24":"sold-individually","25":"taxable","26":"shipping-taxable","27":"purchasable","28":"product-type-simple"},"aioseo_notices":[],"_links":{"self":[{"href":"https:\/\/hiphop4life.fr\/shop\/wp-json\/wp\/v2\/product\/95430","targetHints":{"allow":["GET"]}}],"collection":[{"href":"https:\/\/hiphop4life.fr\/shop\/wp-json\/wp\/v2\/product"}],"about":[{"href":"https:\/\/hiphop4life.fr\/shop\/wp-json\/wp\/v2\/types\/product"}],"replies":[{"embeddable":true,"href":"https:\/\/hiphop4life.fr\/shop\/wp-json\/wp\/v2\/comments?post=95430"}],"wp:featuredmedia":[{"embeddable":true,"href":"https:\/\/hiphop4life.fr\/shop\/wp-json\/wp\/v2\/media\/95433"}],"wp:attachment":[{"href":"https:\/\/hiphop4life.fr\/shop\/wp-json\/wp\/v2\/media?parent=95430"}],"wp:term":[{"taxonomy":"product_brand","embeddable":true,"href":"https:\/\/hiphop4life.fr\/shop\/wp-json\/wp\/v2\/product_brand?post=95430"},{"taxonomy":"product_cat","embeddable":true,"href":"https:\/\/hiphop4life.fr\/shop\/wp-json\/wp\/v2\/product_cat?post=95430"},{"taxonomy":"product_tag","embeddable":true,"href":"https:\/\/hiphop4life.fr\/shop\/wp-json\/wp\/v2\/product_tag?post=95430"}],"curies":[{"name":"wp","href":"https:\/\/api.w.org\/{rel}","templated":true}]}}